{"id":10108,"date":"2019-01-21T10:56:21","date_gmt":"2019-01-21T10:56:21","guid":{"rendered":"http:\/\/www.bakutrading.ch\/n\/?post_type=product&#038;p=10108"},"modified":"2019-02-04T08:47:13","modified_gmt":"2019-02-04T08:47:13","slug":"hornbill-duo","status":"publish","type":"product","link":"http:\/\/www.bakutrading.ch\/n\/produkt\/hornbill-duo\/","title":{"rendered":"Hornbill Duo"},"content":{"rendered":"<p>Stein Typ: Springstone<\/p>\n<p>Farbe: Variationen von Farben sind abh\u00e4ngig von der Farbe des Steins<\/p>\n<p>Herkunftsland: Simbabwe<\/p>\n<p>Handarbeit<\/p>\n<p>Unikat<\/p>\n<p>&nbsp;<\/p>\n<p><strong>Kunsthandwerke aus Stein von Simbabwe<\/strong><\/p>\n<p>Die Kunst des Steinhauens ist in Simbabwe seit hunderten von Jahren verbreitet. Die Steinmetze sind unglaubliche K\u00fcnstler im Umgang mit Meissel und Hammer, Feilen, Raspel, Schleifpapier etc. In zum Teil wochenlanger Arbeit werden sch\u00f6nste Specksteinfiguren in&nbsp;unterschiedlichen Formen und Gr\u00f6ssen gefertigt.<\/p>\n<p>Die Steine werden aus dem ca. 500 km langen Gebirgszug aus Vulkangestein, &#8222;The Great Dyke&#8220;, mit St\u00f6cken und Stangen herausgebrochen . So hat jeder &#8222;Rohling&#8220; seine eigene Form, die den Bildhauer in seiner Kreativit\u00e4t schon zu diesem Zeitpunkt inspiriert.<\/p>\n<p>Die meist verwendete Steinart ist der Serpentin, der in \u00fcber 200 Nuancen&nbsp; und Schattierungen zu finden ist.<\/p>\n<p>&nbsp;<\/p>\n<p>&nbsp;<\/p>\n<p>&nbsp;<\/p>\n","protected":false},"excerpt":{"rendered":"<p>B 25cm H 12cm<\/p>\n","protected":false},"featured_media":10109,"comment_status":"closed","ping_status":"closed","template":"","meta":{"ngg_post_thumbnail":0},"product_brand":[],"product_cat":[98],"product_tag":[],"class_list":{"0":"post-10108","1":"product","2":"type-product","3":"status-publish","4":"has-post-thumbnail","6":"product_cat-afrikanisches_kunsthandwerk_stein","8":"first","9":"instock","10":"shipping-taxable","11":"purchasable","12":"product-type-simple"},"yoast_head":"<!-- This site is optimized with the Yoast SEO plugin v27.2 - https:\/\/yoast.com\/product\/yoast-seo-wordpress\/ -->\n<title>Hornbill Duo - BaKu Trading GmbH<\/title>\n<meta name=\"description\" content=\"Die Kunst des Steinhauens aus Simbabwe ist seit hunderten von Jahren verbreitet. Bei uns finden Sie unter anderem das aus Speckstein gefertigte Hornbillduo.\" \/>\n<meta name=\"robots\" content=\"index, follow, max-snippet:-1, max-image-preview:large, max-video-preview:-1\" \/>\n<link rel=\"canonical\" href=\"https:\/\/www.bakutrading.ch\/n\/produkt\/hornbill-duo\/\" \/>\n<meta property=\"og:locale\" content=\"de_DE\" \/>\n<meta property=\"og:type\" content=\"article\" \/>\n<meta property=\"og:title\" content=\"Hornbill Duo - BaKu Trading GmbH\" \/>\n<meta property=\"og:description\" content=\"Die Kunst des Steinhauens aus Simbabwe ist seit hunderten von Jahren verbreitet. Bei uns finden Sie unter anderem das aus Speckstein gefertigte Hornbillduo.\" \/>\n<meta property=\"og:url\" content=\"https:\/\/www.bakutrading.ch\/n\/produkt\/hornbill-duo\/\" \/>\n<meta property=\"og:site_name\" content=\"BaKu Trading GmbH\" \/>\n<meta property=\"article:modified_time\" content=\"2019-02-04T08:47:13+00:00\" \/>\n<meta property=\"og:image\" content=\"https:\/\/www.bakutrading.ch\/n\/wp-content\/uploads\/2019\/01\/D6_2a-768x1024.jpg\" \/>\n\t<meta property=\"og:image:width\" content=\"768\" \/>\n\t<meta property=\"og:image:height\" content=\"1024\" \/>\n\t<meta property=\"og:image:type\" content=\"image\/jpeg\" \/>\n<meta name=\"twitter:label1\" content=\"Gesch\u00e4tzte Lesezeit\" \/>\n\t<meta name=\"twitter:data1\" content=\"1\u00a0Minute\" \/>\n<script type=\"application\/ld+json\" class=\"yoast-schema-graph\">{\"@context\":\"https:\/\/schema.org\",\"@graph\":[{\"@type\":\"WebPage\",\"@id\":\"https:\/\/www.bakutrading.ch\/n\/produkt\/hornbill-duo\/\",\"url\":\"https:\/\/www.bakutrading.ch\/n\/produkt\/hornbill-duo\/\",\"name\":\"Hornbill Duo - BaKu Trading GmbH\",\"isPartOf\":{\"@id\":\"https:\/\/www.bakutrading.ch\/n\/#website\"},\"primaryImageOfPage\":{\"@id\":\"https:\/\/www.bakutrading.ch\/n\/produkt\/hornbill-duo\/#primaryimage\"},\"image\":{\"@id\":\"https:\/\/www.bakutrading.ch\/n\/produkt\/hornbill-duo\/#primaryimage\"},\"thumbnailUrl\":\"http:\/\/www.bakutrading.ch\/n\/wp-content\/uploads\/2019\/01\/D6_2a.jpg\",\"datePublished\":\"2019-01-21T10:56:21+00:00\",\"dateModified\":\"2019-02-04T08:47:13+00:00\",\"description\":\"Die Kunst des Steinhauens aus Simbabwe ist seit hunderten von Jahren verbreitet. Bei uns finden Sie unter anderem das aus Speckstein gefertigte Hornbillduo.\",\"breadcrumb\":{\"@id\":\"https:\/\/www.bakutrading.ch\/n\/produkt\/hornbill-duo\/#breadcrumb\"},\"inLanguage\":\"de\",\"potentialAction\":[{\"@type\":\"ReadAction\",\"target\":[\"https:\/\/www.bakutrading.ch\/n\/produkt\/hornbill-duo\/\"]}]},{\"@type\":\"ImageObject\",\"inLanguage\":\"de\",\"@id\":\"https:\/\/www.bakutrading.ch\/n\/produkt\/hornbill-duo\/#primaryimage\",\"url\":\"http:\/\/www.bakutrading.ch\/n\/wp-content\/uploads\/2019\/01\/D6_2a.jpg\",\"contentUrl\":\"http:\/\/www.bakutrading.ch\/n\/wp-content\/uploads\/2019\/01\/D6_2a.jpg\",\"width\":3672,\"height\":4896},{\"@type\":\"BreadcrumbList\",\"@id\":\"https:\/\/www.bakutrading.ch\/n\/produkt\/hornbill-duo\/#breadcrumb\",\"itemListElement\":[{\"@type\":\"ListItem\",\"position\":1,\"name\":\"Startseite\",\"item\":\"https:\/\/www.bakutrading.ch\/n\/\"},{\"@type\":\"ListItem\",\"position\":2,\"name\":\"Shop\",\"item\":\"https:\/\/www.bakutrading.ch\/n\/shop\/\"},{\"@type\":\"ListItem\",\"position\":3,\"name\":\"Hornbill Duo\"}]},{\"@type\":\"WebSite\",\"@id\":\"https:\/\/www.bakutrading.ch\/n\/#website\",\"url\":\"https:\/\/www.bakutrading.ch\/n\/\",\"name\":\"BaKu Trading GmbH\",\"description\":\"BaKu Trading GmbH\",\"potentialAction\":[{\"@type\":\"SearchAction\",\"target\":{\"@type\":\"EntryPoint\",\"urlTemplate\":\"https:\/\/www.bakutrading.ch\/n\/?s={search_term_string}\"},\"query-input\":{\"@type\":\"PropertyValueSpecification\",\"valueRequired\":true,\"valueName\":\"search_term_string\"}}],\"inLanguage\":\"de\"}]}<\/script>\n<!-- \/ Yoast SEO plugin. -->","yoast_head_json":{"title":"Hornbill Duo - BaKu Trading GmbH","description":"Die Kunst des Steinhauens aus Simbabwe ist seit hunderten von Jahren verbreitet. Bei uns finden Sie unter anderem das aus Speckstein gefertigte Hornbillduo.","robots":{"index":"index","follow":"follow","max-snippet":"max-snippet:-1","max-image-preview":"max-image-preview:large","max-video-preview":"max-video-preview:-1"},"canonical":"https:\/\/www.bakutrading.ch\/n\/produkt\/hornbill-duo\/","og_locale":"de_DE","og_type":"article","og_title":"Hornbill Duo - BaKu Trading GmbH","og_description":"Die Kunst des Steinhauens aus Simbabwe ist seit hunderten von Jahren verbreitet. Bei uns finden Sie unter anderem das aus Speckstein gefertigte Hornbillduo.","og_url":"https:\/\/www.bakutrading.ch\/n\/produkt\/hornbill-duo\/","og_site_name":"BaKu Trading GmbH","article_modified_time":"2019-02-04T08:47:13+00:00","og_image":[{"width":768,"height":1024,"url":"https:\/\/www.bakutrading.ch\/n\/wp-content\/uploads\/2019\/01\/D6_2a-768x1024.jpg","type":"image\/jpeg"}],"twitter_misc":{"Gesch\u00e4tzte Lesezeit":"1\u00a0Minute"},"schema":{"@context":"https:\/\/schema.org","@graph":[{"@type":"WebPage","@id":"https:\/\/www.bakutrading.ch\/n\/produkt\/hornbill-duo\/","url":"https:\/\/www.bakutrading.ch\/n\/produkt\/hornbill-duo\/","name":"Hornbill Duo - BaKu Trading GmbH","isPartOf":{"@id":"https:\/\/www.bakutrading.ch\/n\/#website"},"primaryImageOfPage":{"@id":"https:\/\/www.bakutrading.ch\/n\/produkt\/hornbill-duo\/#primaryimage"},"image":{"@id":"https:\/\/www.bakutrading.ch\/n\/produkt\/hornbill-duo\/#primaryimage"},"thumbnailUrl":"http:\/\/www.bakutrading.ch\/n\/wp-content\/uploads\/2019\/01\/D6_2a.jpg","datePublished":"2019-01-21T10:56:21+00:00","dateModified":"2019-02-04T08:47:13+00:00","description":"Die Kunst des Steinhauens aus Simbabwe ist seit hunderten von Jahren verbreitet. Bei uns finden Sie unter anderem das aus Speckstein gefertigte Hornbillduo.","breadcrumb":{"@id":"https:\/\/www.bakutrading.ch\/n\/produkt\/hornbill-duo\/#breadcrumb"},"inLanguage":"de","potentialAction":[{"@type":"ReadAction","target":["https:\/\/www.bakutrading.ch\/n\/produkt\/hornbill-duo\/"]}]},{"@type":"ImageObject","inLanguage":"de","@id":"https:\/\/www.bakutrading.ch\/n\/produkt\/hornbill-duo\/#primaryimage","url":"http:\/\/www.bakutrading.ch\/n\/wp-content\/uploads\/2019\/01\/D6_2a.jpg","contentUrl":"http:\/\/www.bakutrading.ch\/n\/wp-content\/uploads\/2019\/01\/D6_2a.jpg","width":3672,"height":4896},{"@type":"BreadcrumbList","@id":"https:\/\/www.bakutrading.ch\/n\/produkt\/hornbill-duo\/#breadcrumb","itemListElement":[{"@type":"ListItem","position":1,"name":"Startseite","item":"https:\/\/www.bakutrading.ch\/n\/"},{"@type":"ListItem","position":2,"name":"Shop","item":"https:\/\/www.bakutrading.ch\/n\/shop\/"},{"@type":"ListItem","position":3,"name":"Hornbill Duo"}]},{"@type":"WebSite","@id":"https:\/\/www.bakutrading.ch\/n\/#website","url":"https:\/\/www.bakutrading.ch\/n\/","name":"BaKu Trading GmbH","description":"BaKu Trading GmbH","potentialAction":[{"@type":"SearchAction","target":{"@type":"EntryPoint","urlTemplate":"https:\/\/www.bakutrading.ch\/n\/?s={search_term_string}"},"query-input":{"@type":"PropertyValueSpecification","valueRequired":true,"valueName":"search_term_string"}}],"inLanguage":"de"}]}},"_links":{"self":[{"href":"http:\/\/www.bakutrading.ch\/n\/wp-json\/wp\/v2\/product\/10108","targetHints":{"allow":["GET"]}}],"collection":[{"href":"http:\/\/www.bakutrading.ch\/n\/wp-json\/wp\/v2\/product"}],"about":[{"href":"http:\/\/www.bakutrading.ch\/n\/wp-json\/wp\/v2\/types\/product"}],"replies":[{"embeddable":true,"href":"http:\/\/www.bakutrading.ch\/n\/wp-json\/wp\/v2\/comments?post=10108"}],"wp:featuredmedia":[{"embeddable":true,"href":"http:\/\/www.bakutrading.ch\/n\/wp-json\/wp\/v2\/media\/10109"}],"wp:attachment":[{"href":"http:\/\/www.bakutrading.ch\/n\/wp-json\/wp\/v2\/media?parent=10108"}],"wp:term":[{"taxonomy":"product_brand","embeddable":true,"href":"http:\/\/www.bakutrading.ch\/n\/wp-json\/wp\/v2\/product_brand?post=10108"},{"taxonomy":"product_cat","embeddable":true,"href":"http:\/\/www.bakutrading.ch\/n\/wp-json\/wp\/v2\/product_cat?post=10108"},{"taxonomy":"product_tag","embeddable":true,"href":"http:\/\/www.bakutrading.ch\/n\/wp-json\/wp\/v2\/product_tag?post=10108"}],"curies":[{"name":"wp","href":"https:\/\/api.w.org\/{rel}","templated":true}]}}