{"id":10446,"date":"2019-02-12T09:14:07","date_gmt":"2019-02-12T09:14:07","guid":{"rendered":"http:\/\/www.bakutrading.ch\/n\/?post_type=product&#038;p=10446"},"modified":"2023-04-14T14:13:27","modified_gmt":"2023-04-14T14:13:27","slug":"tikar-stammesmaske-7","status":"publish","type":"product","link":"http:\/\/www.bakutrading.ch\/n\/produkt\/tikar-stammesmaske-7\/","title":{"rendered":"Tikar &#8211; Stammesmaske"},"content":{"rendered":"<p>Herkunftsland: Kamerun<\/p>\n<p>Handarbeit<\/p>\n<p>Unikat<\/p>\n<p>&nbsp;<\/p>\n<p><strong>TIKAR Stammesmaske aus Kamerun<\/strong><\/p>\n<p>Die Tikar sind eine westafrikanische Ethnie in Zentral- und Westkamerun. Insgesamt werden etwa 25.000 Menschen zu dieser Volksgruppe gez\u00e4hlt. Der Name Tikar bedeutet in etwa \u201eGeht weg von diesem Ort\u201c und ist eine Sammelbezeichnung f\u00fcr mehrere in untereinander abgetrennten politischen Strukturen organisierte St\u00e4mme.<\/p>\n<p>Die St\u00e4mme der Tikar siedeln in mehreren Untergruppen in Kamerun vor allem am Oberlauf des Flusses Mban (westliche Ausl\u00e4ufer des Hochlands von Adamaua) und um die Fl\u00fcsse Map\u00e9 und Kim. Zudem verstreuen sich Siedlungen der Tikar in dem nord\u00f6stlich der Stadt Foumban gelegenen Teil des Kameruner Graslands (Gegend um die Stadt Bankim) sowie in der Gegend von Ngambe. Einige verstreute Populationen haben sich auch in den Gegenden um die Stadt Bamenda und in den Gegenden der traditionellen K\u00f6nigreiche Bafut und Bali niedergelassen.<\/p>\n<p>Das Volk der Tikar ist zu Beginn des 18. Jahrhunderts aus der weiter nord\u00f6stlich gelegenen Gegend um die Stadt Ngaound\u00e9r\u00e9 kommend in die heutigen Siedlungsgebiete gezogen. Dabei wurden sie teilweise von Gruppen der Bamileke, Bamun und Ngambe begleitet. Diese Ethnien gelten als den Tikar unmittelbar verwandt.<\/p>\n<p>Dank der nachtr\u00e4glich angebrachten Halterungen und Bodenplatten sind alle Masken selbstst\u00e4ndig aufrecht stehend. Die Halterungen k\u00f6nnen individuell der L\u00e4nge (25cm-150cm) angepasst oder&nbsp;auch&nbsp;jederzeit leicht entfernt werden.<\/p>\n<p>&nbsp;<\/p>\n","protected":false},"excerpt":{"rendered":"<ul>\n<li>mit St\u00e4nder &#8211; die L\u00e4nge, 25cm-150cm, kann individuell angepasst werden<\/li>\n<li>B 20cm H 54cm<\/li>\n<\/ul>\n","protected":false},"featured_media":10469,"comment_status":"closed","ping_status":"closed","template":"","meta":{"ngg_post_thumbnail":0},"product_brand":[],"product_cat":[122],"product_tag":[],"class_list":{"0":"post-10446","1":"product","2":"type-product","3":"status-publish","4":"has-post-thumbnail","6":"product_cat-afrikanische-stammesmasken-und-schilder","8":"first","9":"outofstock","10":"shipping-taxable","11":"purchasable","12":"product-type-simple"},"yoast_head":"<!-- This site is optimized with the Yoast SEO plugin v27.2 - https:\/\/yoast.com\/product\/yoast-seo-wordpress\/ -->\n<title>Tikar - Stammesmaske - BaKu Trading GmbH<\/title>\n<meta name=\"description\" content=\"Die Tikar sind eine westafrikanische Ethnie in Zentral- und Westkamerun. Spezielle Halterungen (L\u00e4nge ist variabel) lassen die Masken stehen.\" \/>\n<meta name=\"robots\" content=\"index, follow, max-snippet:-1, max-image-preview:large, max-video-preview:-1\" \/>\n<link rel=\"canonical\" href=\"http:\/\/www.bakutrading.ch\/n\/produkt\/tikar-stammesmaske-7\/\" \/>\n<meta property=\"og:locale\" content=\"de_DE\" \/>\n<meta property=\"og:type\" content=\"article\" \/>\n<meta property=\"og:title\" content=\"Tikar - Stammesmaske - BaKu Trading GmbH\" \/>\n<meta property=\"og:description\" content=\"Die Tikar sind eine westafrikanische Ethnie in Zentral- und Westkamerun. Spezielle Halterungen (L\u00e4nge ist variabel) lassen die Masken stehen.\" \/>\n<meta property=\"og:url\" content=\"http:\/\/www.bakutrading.ch\/n\/produkt\/tikar-stammesmaske-7\/\" \/>\n<meta property=\"og:site_name\" content=\"BaKu Trading GmbH\" \/>\n<meta property=\"article:modified_time\" content=\"2023-04-14T14:13:27+00:00\" \/>\n<meta property=\"og:image\" content=\"http:\/\/www.bakutrading.ch\/n\/wp-content\/uploads\/2019\/02\/I2_8a-768x1024.jpg\" \/>\n\t<meta property=\"og:image:width\" content=\"768\" \/>\n\t<meta property=\"og:image:height\" content=\"1024\" \/>\n\t<meta property=\"og:image:type\" content=\"image\/jpeg\" \/>\n<meta name=\"twitter:label1\" content=\"Gesch\u00e4tzte Lesezeit\" \/>\n\t<meta name=\"twitter:data1\" content=\"1\u00a0Minute\" \/>\n<script type=\"application\/ld+json\" class=\"yoast-schema-graph\">{\"@context\":\"https:\/\/schema.org\",\"@graph\":[{\"@type\":\"WebPage\",\"@id\":\"http:\/\/www.bakutrading.ch\/n\/produkt\/tikar-stammesmaske-7\/\",\"url\":\"http:\/\/www.bakutrading.ch\/n\/produkt\/tikar-stammesmaske-7\/\",\"name\":\"Tikar - Stammesmaske - BaKu Trading GmbH\",\"isPartOf\":{\"@id\":\"http:\/\/www.bakutrading.ch\/n\/#website\"},\"primaryImageOfPage\":{\"@id\":\"http:\/\/www.bakutrading.ch\/n\/produkt\/tikar-stammesmaske-7\/#primaryimage\"},\"image\":{\"@id\":\"http:\/\/www.bakutrading.ch\/n\/produkt\/tikar-stammesmaske-7\/#primaryimage\"},\"thumbnailUrl\":\"http:\/\/www.bakutrading.ch\/n\/wp-content\/uploads\/2019\/02\/I2_8a.jpg\",\"datePublished\":\"2019-02-12T09:14:07+00:00\",\"dateModified\":\"2023-04-14T14:13:27+00:00\",\"description\":\"Die Tikar sind eine westafrikanische Ethnie in Zentral- und Westkamerun. Spezielle Halterungen (L\u00e4nge ist variabel) lassen die Masken stehen.\",\"breadcrumb\":{\"@id\":\"http:\/\/www.bakutrading.ch\/n\/produkt\/tikar-stammesmaske-7\/#breadcrumb\"},\"inLanguage\":\"de\",\"potentialAction\":[{\"@type\":\"ReadAction\",\"target\":[\"http:\/\/www.bakutrading.ch\/n\/produkt\/tikar-stammesmaske-7\/\"]}]},{\"@type\":\"ImageObject\",\"inLanguage\":\"de\",\"@id\":\"http:\/\/www.bakutrading.ch\/n\/produkt\/tikar-stammesmaske-7\/#primaryimage\",\"url\":\"http:\/\/www.bakutrading.ch\/n\/wp-content\/uploads\/2019\/02\/I2_8a.jpg\",\"contentUrl\":\"http:\/\/www.bakutrading.ch\/n\/wp-content\/uploads\/2019\/02\/I2_8a.jpg\",\"width\":3672,\"height\":4896},{\"@type\":\"BreadcrumbList\",\"@id\":\"http:\/\/www.bakutrading.ch\/n\/produkt\/tikar-stammesmaske-7\/#breadcrumb\",\"itemListElement\":[{\"@type\":\"ListItem\",\"position\":1,\"name\":\"Startseite\",\"item\":\"http:\/\/www.bakutrading.ch\/n\/\"},{\"@type\":\"ListItem\",\"position\":2,\"name\":\"Shop\",\"item\":\"http:\/\/www.bakutrading.ch\/n\/shop\/\"},{\"@type\":\"ListItem\",\"position\":3,\"name\":\"Tikar &#8211; Stammesmaske\"}]},{\"@type\":\"WebSite\",\"@id\":\"http:\/\/www.bakutrading.ch\/n\/#website\",\"url\":\"http:\/\/www.bakutrading.ch\/n\/\",\"name\":\"BaKu Trading GmbH\",\"description\":\"BaKu Trading GmbH\",\"potentialAction\":[{\"@type\":\"SearchAction\",\"target\":{\"@type\":\"EntryPoint\",\"urlTemplate\":\"http:\/\/www.bakutrading.ch\/n\/?s={search_term_string}\"},\"query-input\":{\"@type\":\"PropertyValueSpecification\",\"valueRequired\":true,\"valueName\":\"search_term_string\"}}],\"inLanguage\":\"de\"}]}<\/script>\n<!-- \/ Yoast SEO plugin. -->","yoast_head_json":{"title":"Tikar - Stammesmaske - BaKu Trading GmbH","description":"Die Tikar sind eine westafrikanische Ethnie in Zentral- und Westkamerun. Spezielle Halterungen (L\u00e4nge ist variabel) lassen die Masken stehen.","robots":{"index":"index","follow":"follow","max-snippet":"max-snippet:-1","max-image-preview":"max-image-preview:large","max-video-preview":"max-video-preview:-1"},"canonical":"http:\/\/www.bakutrading.ch\/n\/produkt\/tikar-stammesmaske-7\/","og_locale":"de_DE","og_type":"article","og_title":"Tikar - Stammesmaske - BaKu Trading GmbH","og_description":"Die Tikar sind eine westafrikanische Ethnie in Zentral- und Westkamerun. Spezielle Halterungen (L\u00e4nge ist variabel) lassen die Masken stehen.","og_url":"http:\/\/www.bakutrading.ch\/n\/produkt\/tikar-stammesmaske-7\/","og_site_name":"BaKu Trading GmbH","article_modified_time":"2023-04-14T14:13:27+00:00","og_image":[{"width":768,"height":1024,"url":"http:\/\/www.bakutrading.ch\/n\/wp-content\/uploads\/2019\/02\/I2_8a-768x1024.jpg","type":"image\/jpeg"}],"twitter_misc":{"Gesch\u00e4tzte Lesezeit":"1\u00a0Minute"},"schema":{"@context":"https:\/\/schema.org","@graph":[{"@type":"WebPage","@id":"http:\/\/www.bakutrading.ch\/n\/produkt\/tikar-stammesmaske-7\/","url":"http:\/\/www.bakutrading.ch\/n\/produkt\/tikar-stammesmaske-7\/","name":"Tikar - Stammesmaske - BaKu Trading GmbH","isPartOf":{"@id":"http:\/\/www.bakutrading.ch\/n\/#website"},"primaryImageOfPage":{"@id":"http:\/\/www.bakutrading.ch\/n\/produkt\/tikar-stammesmaske-7\/#primaryimage"},"image":{"@id":"http:\/\/www.bakutrading.ch\/n\/produkt\/tikar-stammesmaske-7\/#primaryimage"},"thumbnailUrl":"http:\/\/www.bakutrading.ch\/n\/wp-content\/uploads\/2019\/02\/I2_8a.jpg","datePublished":"2019-02-12T09:14:07+00:00","dateModified":"2023-04-14T14:13:27+00:00","description":"Die Tikar sind eine westafrikanische Ethnie in Zentral- und Westkamerun. Spezielle Halterungen (L\u00e4nge ist variabel) lassen die Masken stehen.","breadcrumb":{"@id":"http:\/\/www.bakutrading.ch\/n\/produkt\/tikar-stammesmaske-7\/#breadcrumb"},"inLanguage":"de","potentialAction":[{"@type":"ReadAction","target":["http:\/\/www.bakutrading.ch\/n\/produkt\/tikar-stammesmaske-7\/"]}]},{"@type":"ImageObject","inLanguage":"de","@id":"http:\/\/www.bakutrading.ch\/n\/produkt\/tikar-stammesmaske-7\/#primaryimage","url":"http:\/\/www.bakutrading.ch\/n\/wp-content\/uploads\/2019\/02\/I2_8a.jpg","contentUrl":"http:\/\/www.bakutrading.ch\/n\/wp-content\/uploads\/2019\/02\/I2_8a.jpg","width":3672,"height":4896},{"@type":"BreadcrumbList","@id":"http:\/\/www.bakutrading.ch\/n\/produkt\/tikar-stammesmaske-7\/#breadcrumb","itemListElement":[{"@type":"ListItem","position":1,"name":"Startseite","item":"http:\/\/www.bakutrading.ch\/n\/"},{"@type":"ListItem","position":2,"name":"Shop","item":"http:\/\/www.bakutrading.ch\/n\/shop\/"},{"@type":"ListItem","position":3,"name":"Tikar &#8211; Stammesmaske"}]},{"@type":"WebSite","@id":"http:\/\/www.bakutrading.ch\/n\/#website","url":"http:\/\/www.bakutrading.ch\/n\/","name":"BaKu Trading GmbH","description":"BaKu Trading GmbH","potentialAction":[{"@type":"SearchAction","target":{"@type":"EntryPoint","urlTemplate":"http:\/\/www.bakutrading.ch\/n\/?s={search_term_string}"},"query-input":{"@type":"PropertyValueSpecification","valueRequired":true,"valueName":"search_term_string"}}],"inLanguage":"de"}]}},"_links":{"self":[{"href":"http:\/\/www.bakutrading.ch\/n\/wp-json\/wp\/v2\/product\/10446","targetHints":{"allow":["GET"]}}],"collection":[{"href":"http:\/\/www.bakutrading.ch\/n\/wp-json\/wp\/v2\/product"}],"about":[{"href":"http:\/\/www.bakutrading.ch\/n\/wp-json\/wp\/v2\/types\/product"}],"replies":[{"embeddable":true,"href":"http:\/\/www.bakutrading.ch\/n\/wp-json\/wp\/v2\/comments?post=10446"}],"wp:featuredmedia":[{"embeddable":true,"href":"http:\/\/www.bakutrading.ch\/n\/wp-json\/wp\/v2\/media\/10469"}],"wp:attachment":[{"href":"http:\/\/www.bakutrading.ch\/n\/wp-json\/wp\/v2\/media?parent=10446"}],"wp:term":[{"taxonomy":"product_brand","embeddable":true,"href":"http:\/\/www.bakutrading.ch\/n\/wp-json\/wp\/v2\/product_brand?post=10446"},{"taxonomy":"product_cat","embeddable":true,"href":"http:\/\/www.bakutrading.ch\/n\/wp-json\/wp\/v2\/product_cat?post=10446"},{"taxonomy":"product_tag","embeddable":true,"href":"http:\/\/www.bakutrading.ch\/n\/wp-json\/wp\/v2\/product_tag?post=10446"}],"curies":[{"name":"wp","href":"https:\/\/api.w.org\/{rel}","templated":true}]}}