{"id":2919,"date":"2014-09-18T14:49:34","date_gmt":"2014-09-18T14:49:34","guid":{"rendered":"http:\/\/www.bakutrading.ch\/n\/?post_type=product&#038;p=2919"},"modified":"2023-04-14T14:16:56","modified_gmt":"2023-04-14T14:16:56","slug":"elefantenduo-aus-dem-caprivi-zipfel-3","status":"publish","type":"product","link":"http:\/\/www.bakutrading.ch\/n\/produkt\/elefantenduo-aus-dem-caprivi-zipfel-3\/","title":{"rendered":"Elefantenduo aus dem Caprivi-Zipfel"},"content":{"rendered":"<p>Holz Typ: Dolfholz<\/p>\n<p>Herkunftsland: Namibia<\/p>\n<p>Handarbeit<\/p>\n<p>Unikat<\/p>\n<p>&nbsp;<\/p>\n<p><strong>Holzelefanten aus dem Caprivi-Zipfel<\/strong><\/p>\n<p>Das kunstvoll aus Dolfholz geschnitzte Elefantenduo aus einem St\u00fcck&nbsp;ist einzigartig.<\/p>\n<p>Die K\u00fcnstler vom Stamm der Mafwe verarbeiten das \u00f6rtliche Holz zu wahren Kunstwerken. Zu den Ureinwohnern Namibias geh\u00f6rt das Volk der Mafwe, einer der f\u00fcnf Caprivianer-St\u00e4mme, die im nord\u00f6stlichen Zipfel Namibias, dem Caprivi-Zipfel leben. Diese traditionelle Gemeinschaft blickt auf eine bewegte Geschichte und eine reiche Kultur mit vielf\u00e4ltigen Traditionen.<\/p>\n<p>Der Caprivi-Zipfel ist ein geografisches Unikum. Er wurde in der Kolonialzeit mit England gegen Sansibar eingetauscht und erm\u00f6glicht Namibia, dem damaligen Deutschwest-Afrika den Zugang zum Sambesi. Um den von Windhoek abgelegenen Bewohnern dieses Gebietes mehr Zugeh\u00f6rigkeit zu suggerieren, wurde der 450km lange Landstreifen am 12.08.2013 in Nord-Namibia umgetauft.<\/p>\n","protected":false},"excerpt":{"rendered":"<p>L 17cm B&nbsp;17cm H&nbsp;25cm<\/p>\n","protected":false},"featured_media":3506,"comment_status":"closed","ping_status":"closed","template":"","meta":{"ngg_post_thumbnail":0},"product_brand":[],"product_cat":[96],"product_tag":[],"class_list":{"0":"post-2919","1":"product","2":"type-product","3":"status-publish","4":"has-post-thumbnail","6":"product_cat-afrikanisches_kunsthandwerk_holz","8":"first","9":"outofstock","10":"shipping-taxable","11":"purchasable","12":"product-type-simple"},"yoast_head":"<!-- This site is optimized with the Yoast SEO plugin v27.2 - https:\/\/yoast.com\/product\/yoast-seo-wordpress\/ -->\n<title>Elefantenduo aus dem Caprivi-Zipfel - BaKu Trading GmbH<\/title>\n<meta name=\"description\" content=\"Das kunstvoll aus Dolfholz geschnitzte Elefantenduo aus einem St\u00fcck ist einzigartig. Die K\u00fcnstler verarbeiten das \u00f6rtliche Holz zu wahren Kunstwerken.\" \/>\n<meta name=\"robots\" content=\"index, follow, max-snippet:-1, max-image-preview:large, max-video-preview:-1\" \/>\n<link rel=\"canonical\" href=\"http:\/\/www.bakutrading.ch\/n\/produkt\/elefantenduo-aus-dem-caprivi-zipfel-3\/\" \/>\n<meta property=\"og:locale\" content=\"de_DE\" \/>\n<meta property=\"og:type\" content=\"article\" \/>\n<meta property=\"og:title\" content=\"Elefantenduo aus dem Caprivi-Zipfel - BaKu Trading GmbH\" \/>\n<meta property=\"og:description\" content=\"Das kunstvoll aus Dolfholz geschnitzte Elefantenduo aus einem St\u00fcck ist einzigartig. Die K\u00fcnstler verarbeiten das \u00f6rtliche Holz zu wahren Kunstwerken.\" \/>\n<meta property=\"og:url\" content=\"http:\/\/www.bakutrading.ch\/n\/produkt\/elefantenduo-aus-dem-caprivi-zipfel-3\/\" \/>\n<meta property=\"og:site_name\" content=\"BaKu Trading GmbH\" \/>\n<meta property=\"article:modified_time\" content=\"2023-04-14T14:16:56+00:00\" \/>\n<meta property=\"og:image\" content=\"http:\/\/www.bakutrading.ch\/n\/wp-content\/uploads\/2014\/09\/B1_2aa-768x1024.jpg\" \/>\n\t<meta property=\"og:image:width\" content=\"768\" \/>\n\t<meta property=\"og:image:height\" content=\"1024\" \/>\n\t<meta property=\"og:image:type\" content=\"image\/jpeg\" \/>\n<meta name=\"twitter:label1\" content=\"Gesch\u00e4tzte Lesezeit\" \/>\n\t<meta name=\"twitter:data1\" content=\"1\u00a0Minute\" \/>\n<script type=\"application\/ld+json\" class=\"yoast-schema-graph\">{\"@context\":\"https:\/\/schema.org\",\"@graph\":[{\"@type\":\"WebPage\",\"@id\":\"http:\/\/www.bakutrading.ch\/n\/produkt\/elefantenduo-aus-dem-caprivi-zipfel-3\/\",\"url\":\"http:\/\/www.bakutrading.ch\/n\/produkt\/elefantenduo-aus-dem-caprivi-zipfel-3\/\",\"name\":\"Elefantenduo aus dem Caprivi-Zipfel - BaKu Trading GmbH\",\"isPartOf\":{\"@id\":\"http:\/\/www.bakutrading.ch\/n\/#website\"},\"primaryImageOfPage\":{\"@id\":\"http:\/\/www.bakutrading.ch\/n\/produkt\/elefantenduo-aus-dem-caprivi-zipfel-3\/#primaryimage\"},\"image\":{\"@id\":\"http:\/\/www.bakutrading.ch\/n\/produkt\/elefantenduo-aus-dem-caprivi-zipfel-3\/#primaryimage\"},\"thumbnailUrl\":\"http:\/\/www.bakutrading.ch\/n\/wp-content\/uploads\/2014\/09\/B1_2aa.jpg\",\"datePublished\":\"2014-09-18T14:49:34+00:00\",\"dateModified\":\"2023-04-14T14:16:56+00:00\",\"description\":\"Das kunstvoll aus Dolfholz geschnitzte Elefantenduo aus einem St\u00fcck ist einzigartig. Die K\u00fcnstler verarbeiten das \u00f6rtliche Holz zu wahren Kunstwerken.\",\"breadcrumb\":{\"@id\":\"http:\/\/www.bakutrading.ch\/n\/produkt\/elefantenduo-aus-dem-caprivi-zipfel-3\/#breadcrumb\"},\"inLanguage\":\"de\",\"potentialAction\":[{\"@type\":\"ReadAction\",\"target\":[\"http:\/\/www.bakutrading.ch\/n\/produkt\/elefantenduo-aus-dem-caprivi-zipfel-3\/\"]}]},{\"@type\":\"ImageObject\",\"inLanguage\":\"de\",\"@id\":\"http:\/\/www.bakutrading.ch\/n\/produkt\/elefantenduo-aus-dem-caprivi-zipfel-3\/#primaryimage\",\"url\":\"http:\/\/www.bakutrading.ch\/n\/wp-content\/uploads\/2014\/09\/B1_2aa.jpg\",\"contentUrl\":\"http:\/\/www.bakutrading.ch\/n\/wp-content\/uploads\/2014\/09\/B1_2aa.jpg\",\"width\":3240,\"height\":4320},{\"@type\":\"BreadcrumbList\",\"@id\":\"http:\/\/www.bakutrading.ch\/n\/produkt\/elefantenduo-aus-dem-caprivi-zipfel-3\/#breadcrumb\",\"itemListElement\":[{\"@type\":\"ListItem\",\"position\":1,\"name\":\"Startseite\",\"item\":\"http:\/\/www.bakutrading.ch\/n\/\"},{\"@type\":\"ListItem\",\"position\":2,\"name\":\"Shop\",\"item\":\"http:\/\/www.bakutrading.ch\/n\/shop\/\"},{\"@type\":\"ListItem\",\"position\":3,\"name\":\"Elefantenduo aus dem Caprivi-Zipfel\"}]},{\"@type\":\"WebSite\",\"@id\":\"http:\/\/www.bakutrading.ch\/n\/#website\",\"url\":\"http:\/\/www.bakutrading.ch\/n\/\",\"name\":\"BaKu Trading GmbH\",\"description\":\"BaKu Trading GmbH\",\"potentialAction\":[{\"@type\":\"SearchAction\",\"target\":{\"@type\":\"EntryPoint\",\"urlTemplate\":\"http:\/\/www.bakutrading.ch\/n\/?s={search_term_string}\"},\"query-input\":{\"@type\":\"PropertyValueSpecification\",\"valueRequired\":true,\"valueName\":\"search_term_string\"}}],\"inLanguage\":\"de\"}]}<\/script>\n<!-- \/ Yoast SEO plugin. -->","yoast_head_json":{"title":"Elefantenduo aus dem Caprivi-Zipfel - BaKu Trading GmbH","description":"Das kunstvoll aus Dolfholz geschnitzte Elefantenduo aus einem St\u00fcck ist einzigartig. Die K\u00fcnstler verarbeiten das \u00f6rtliche Holz zu wahren Kunstwerken.","robots":{"index":"index","follow":"follow","max-snippet":"max-snippet:-1","max-image-preview":"max-image-preview:large","max-video-preview":"max-video-preview:-1"},"canonical":"http:\/\/www.bakutrading.ch\/n\/produkt\/elefantenduo-aus-dem-caprivi-zipfel-3\/","og_locale":"de_DE","og_type":"article","og_title":"Elefantenduo aus dem Caprivi-Zipfel - BaKu Trading GmbH","og_description":"Das kunstvoll aus Dolfholz geschnitzte Elefantenduo aus einem St\u00fcck ist einzigartig. Die K\u00fcnstler verarbeiten das \u00f6rtliche Holz zu wahren Kunstwerken.","og_url":"http:\/\/www.bakutrading.ch\/n\/produkt\/elefantenduo-aus-dem-caprivi-zipfel-3\/","og_site_name":"BaKu Trading GmbH","article_modified_time":"2023-04-14T14:16:56+00:00","og_image":[{"width":768,"height":1024,"url":"http:\/\/www.bakutrading.ch\/n\/wp-content\/uploads\/2014\/09\/B1_2aa-768x1024.jpg","type":"image\/jpeg"}],"twitter_misc":{"Gesch\u00e4tzte Lesezeit":"1\u00a0Minute"},"schema":{"@context":"https:\/\/schema.org","@graph":[{"@type":"WebPage","@id":"http:\/\/www.bakutrading.ch\/n\/produkt\/elefantenduo-aus-dem-caprivi-zipfel-3\/","url":"http:\/\/www.bakutrading.ch\/n\/produkt\/elefantenduo-aus-dem-caprivi-zipfel-3\/","name":"Elefantenduo aus dem Caprivi-Zipfel - BaKu Trading GmbH","isPartOf":{"@id":"http:\/\/www.bakutrading.ch\/n\/#website"},"primaryImageOfPage":{"@id":"http:\/\/www.bakutrading.ch\/n\/produkt\/elefantenduo-aus-dem-caprivi-zipfel-3\/#primaryimage"},"image":{"@id":"http:\/\/www.bakutrading.ch\/n\/produkt\/elefantenduo-aus-dem-caprivi-zipfel-3\/#primaryimage"},"thumbnailUrl":"http:\/\/www.bakutrading.ch\/n\/wp-content\/uploads\/2014\/09\/B1_2aa.jpg","datePublished":"2014-09-18T14:49:34+00:00","dateModified":"2023-04-14T14:16:56+00:00","description":"Das kunstvoll aus Dolfholz geschnitzte Elefantenduo aus einem St\u00fcck ist einzigartig. Die K\u00fcnstler verarbeiten das \u00f6rtliche Holz zu wahren Kunstwerken.","breadcrumb":{"@id":"http:\/\/www.bakutrading.ch\/n\/produkt\/elefantenduo-aus-dem-caprivi-zipfel-3\/#breadcrumb"},"inLanguage":"de","potentialAction":[{"@type":"ReadAction","target":["http:\/\/www.bakutrading.ch\/n\/produkt\/elefantenduo-aus-dem-caprivi-zipfel-3\/"]}]},{"@type":"ImageObject","inLanguage":"de","@id":"http:\/\/www.bakutrading.ch\/n\/produkt\/elefantenduo-aus-dem-caprivi-zipfel-3\/#primaryimage","url":"http:\/\/www.bakutrading.ch\/n\/wp-content\/uploads\/2014\/09\/B1_2aa.jpg","contentUrl":"http:\/\/www.bakutrading.ch\/n\/wp-content\/uploads\/2014\/09\/B1_2aa.jpg","width":3240,"height":4320},{"@type":"BreadcrumbList","@id":"http:\/\/www.bakutrading.ch\/n\/produkt\/elefantenduo-aus-dem-caprivi-zipfel-3\/#breadcrumb","itemListElement":[{"@type":"ListItem","position":1,"name":"Startseite","item":"http:\/\/www.bakutrading.ch\/n\/"},{"@type":"ListItem","position":2,"name":"Shop","item":"http:\/\/www.bakutrading.ch\/n\/shop\/"},{"@type":"ListItem","position":3,"name":"Elefantenduo aus dem Caprivi-Zipfel"}]},{"@type":"WebSite","@id":"http:\/\/www.bakutrading.ch\/n\/#website","url":"http:\/\/www.bakutrading.ch\/n\/","name":"BaKu Trading GmbH","description":"BaKu Trading GmbH","potentialAction":[{"@type":"SearchAction","target":{"@type":"EntryPoint","urlTemplate":"http:\/\/www.bakutrading.ch\/n\/?s={search_term_string}"},"query-input":{"@type":"PropertyValueSpecification","valueRequired":true,"valueName":"search_term_string"}}],"inLanguage":"de"}]}},"_links":{"self":[{"href":"http:\/\/www.bakutrading.ch\/n\/wp-json\/wp\/v2\/product\/2919","targetHints":{"allow":["GET"]}}],"collection":[{"href":"http:\/\/www.bakutrading.ch\/n\/wp-json\/wp\/v2\/product"}],"about":[{"href":"http:\/\/www.bakutrading.ch\/n\/wp-json\/wp\/v2\/types\/product"}],"replies":[{"embeddable":true,"href":"http:\/\/www.bakutrading.ch\/n\/wp-json\/wp\/v2\/comments?post=2919"}],"wp:featuredmedia":[{"embeddable":true,"href":"http:\/\/www.bakutrading.ch\/n\/wp-json\/wp\/v2\/media\/3506"}],"wp:attachment":[{"href":"http:\/\/www.bakutrading.ch\/n\/wp-json\/wp\/v2\/media?parent=2919"}],"wp:term":[{"taxonomy":"product_brand","embeddable":true,"href":"http:\/\/www.bakutrading.ch\/n\/wp-json\/wp\/v2\/product_brand?post=2919"},{"taxonomy":"product_cat","embeddable":true,"href":"http:\/\/www.bakutrading.ch\/n\/wp-json\/wp\/v2\/product_cat?post=2919"},{"taxonomy":"product_tag","embeddable":true,"href":"http:\/\/www.bakutrading.ch\/n\/wp-json\/wp\/v2\/product_tag?post=2919"}],"curies":[{"name":"wp","href":"https:\/\/api.w.org\/{rel}","templated":true}]}}