{"id":3040,"date":"2014-09-19T08:31:58","date_gmt":"2014-09-19T08:31:58","guid":{"rendered":"http:\/\/www.bakutrading.ch\/n\/?post_type=product&#038;p=3040"},"modified":"2018-10-02T16:58:21","modified_gmt":"2018-10-02T16:58:21","slug":"elefantenring-mit-5-tanten","status":"publish","type":"product","link":"http:\/\/www.bakutrading.ch\/n\/produkt\/elefantenring-mit-5-tanten\/","title":{"rendered":"Elefantenring mit 5 Tanten"},"content":{"rendered":"<p>Holz Typ: Edelholz<\/p>\n<p>Herkunftsland: Simbabwe<\/p>\n<p>Handarbeit<\/p>\n<p>Unikat<\/p>\n<p>&nbsp;<\/p>\n<p><strong>Holzschitzereien aus Simbabwe<\/strong><\/p>\n<p>Die Schnitzer aus Simbabwe die meisten vom Stamm der Tonga sind ware Meister ihres Fachs.<\/p>\n<p>In Wochenlanger Handarbeit mit einfachen Werkzeugen werden die wundersch\u00f6nen St\u00fccke gefertigt. Aus Mopane, Mahagoni, Dolfholz, Ebenholz entstehen Elefanten, Schalen, Schildkr\u00f6ten aber auch B\u00fcsten von afrikanischen Frauen und M\u00e4nner.<\/p>\n<p>Die einzelnen Kunstwerke mit den harten H\u00f6lzern wie der Elefantenring,\u00a0zeichnen sich durch feinste Verarbeitung bis in die kleinsten Details aus.<\/p>\n<p><strong>Tonga (Ethnien) <\/strong>heisst eine bantusprachige Ethnie im S\u00fcden Sambias und im Norden der Nachbarl\u00e4nder Simbabwe und Botswana und eine weitere ethnische Gruppe, die im Norden Malawis lebt. Zur traditionellen Religion der Tonga geh\u00f6rt die Ahnenverehrung. Ahnengeister k\u00f6nnen f\u00fcr Regen und eine gute Ernte sorgen.<\/p>\n","protected":false},"excerpt":{"rendered":"<p>\u00f8 20cm H\u00a011cm<\/p>\n","protected":false},"featured_media":3041,"comment_status":"closed","ping_status":"closed","template":"","meta":{"ngg_post_thumbnail":0},"product_brand":[],"product_cat":[96],"product_tag":[],"class_list":{"0":"post-3040","1":"product","2":"type-product","3":"status-publish","4":"has-post-thumbnail","6":"product_cat-afrikanisches_kunsthandwerk_holz","8":"first","9":"instock","10":"shipping-taxable","11":"purchasable","12":"product-type-simple"},"yoast_head":"<!-- This site is optimized with the Yoast SEO plugin v27.2 - https:\/\/yoast.com\/product\/yoast-seo-wordpress\/ -->\n<title>Elefantenring mit 5 Tanten - BaKu Trading GmbH<\/title>\n<meta name=\"description\" content=\"Die einzelnen Kunstwerke wie der Elefantenring, mit harten H\u00f6lzern aus Simbabwe, zeichnen sich durch feinste Handarbeit bis in die kleinsten Details aus.\" \/>\n<meta name=\"robots\" content=\"index, follow, max-snippet:-1, max-image-preview:large, max-video-preview:-1\" \/>\n<link rel=\"canonical\" href=\"http:\/\/www.bakutrading.ch\/n\/produkt\/elefantenring-mit-5-tanten\/\" \/>\n<meta property=\"og:locale\" content=\"de_DE\" \/>\n<meta property=\"og:type\" content=\"article\" \/>\n<meta property=\"og:title\" content=\"Elefantenring mit 5 Tanten - BaKu Trading GmbH\" \/>\n<meta property=\"og:description\" content=\"Die einzelnen Kunstwerke wie der Elefantenring, mit harten H\u00f6lzern aus Simbabwe, zeichnen sich durch feinste Handarbeit bis in die kleinsten Details aus.\" \/>\n<meta property=\"og:url\" content=\"http:\/\/www.bakutrading.ch\/n\/produkt\/elefantenring-mit-5-tanten\/\" \/>\n<meta property=\"og:site_name\" content=\"BaKu Trading GmbH\" \/>\n<meta property=\"article:modified_time\" content=\"2018-10-02T16:58:21+00:00\" \/>\n<meta property=\"og:image\" content=\"http:\/\/www.bakutrading.ch\/n\/wp-content\/uploads\/2014\/09\/C5_4a-768x1024.jpg\" \/>\n\t<meta property=\"og:image:width\" content=\"768\" \/>\n\t<meta property=\"og:image:height\" content=\"1024\" \/>\n\t<meta property=\"og:image:type\" content=\"image\/jpeg\" \/>\n<meta name=\"twitter:label1\" content=\"Gesch\u00e4tzte Lesezeit\" \/>\n\t<meta name=\"twitter:data1\" content=\"1\u00a0Minute\" \/>\n<script type=\"application\/ld+json\" class=\"yoast-schema-graph\">{\"@context\":\"https:\/\/schema.org\",\"@graph\":[{\"@type\":\"WebPage\",\"@id\":\"http:\/\/www.bakutrading.ch\/n\/produkt\/elefantenring-mit-5-tanten\/\",\"url\":\"http:\/\/www.bakutrading.ch\/n\/produkt\/elefantenring-mit-5-tanten\/\",\"name\":\"Elefantenring mit 5 Tanten - BaKu Trading GmbH\",\"isPartOf\":{\"@id\":\"https:\/\/www.bakutrading.ch\/n\/#website\"},\"primaryImageOfPage\":{\"@id\":\"http:\/\/www.bakutrading.ch\/n\/produkt\/elefantenring-mit-5-tanten\/#primaryimage\"},\"image\":{\"@id\":\"http:\/\/www.bakutrading.ch\/n\/produkt\/elefantenring-mit-5-tanten\/#primaryimage\"},\"thumbnailUrl\":\"http:\/\/www.bakutrading.ch\/n\/wp-content\/uploads\/2014\/09\/C5_4a.jpg\",\"datePublished\":\"2014-09-19T08:31:58+00:00\",\"dateModified\":\"2018-10-02T16:58:21+00:00\",\"description\":\"Die einzelnen Kunstwerke wie der Elefantenring, mit harten H\u00f6lzern aus Simbabwe, zeichnen sich durch feinste Handarbeit bis in die kleinsten Details aus.\",\"breadcrumb\":{\"@id\":\"http:\/\/www.bakutrading.ch\/n\/produkt\/elefantenring-mit-5-tanten\/#breadcrumb\"},\"inLanguage\":\"de\",\"potentialAction\":[{\"@type\":\"ReadAction\",\"target\":[\"http:\/\/www.bakutrading.ch\/n\/produkt\/elefantenring-mit-5-tanten\/\"]}]},{\"@type\":\"ImageObject\",\"inLanguage\":\"de\",\"@id\":\"http:\/\/www.bakutrading.ch\/n\/produkt\/elefantenring-mit-5-tanten\/#primaryimage\",\"url\":\"http:\/\/www.bakutrading.ch\/n\/wp-content\/uploads\/2014\/09\/C5_4a.jpg\",\"contentUrl\":\"http:\/\/www.bakutrading.ch\/n\/wp-content\/uploads\/2014\/09\/C5_4a.jpg\",\"width\":3240,\"height\":4320},{\"@type\":\"BreadcrumbList\",\"@id\":\"http:\/\/www.bakutrading.ch\/n\/produkt\/elefantenring-mit-5-tanten\/#breadcrumb\",\"itemListElement\":[{\"@type\":\"ListItem\",\"position\":1,\"name\":\"Startseite\",\"item\":\"https:\/\/www.bakutrading.ch\/n\/\"},{\"@type\":\"ListItem\",\"position\":2,\"name\":\"Shop\",\"item\":\"https:\/\/www.bakutrading.ch\/n\/shop\/\"},{\"@type\":\"ListItem\",\"position\":3,\"name\":\"Elefantenring mit 5 Tanten\"}]},{\"@type\":\"WebSite\",\"@id\":\"https:\/\/www.bakutrading.ch\/n\/#website\",\"url\":\"https:\/\/www.bakutrading.ch\/n\/\",\"name\":\"BaKu Trading GmbH\",\"description\":\"BaKu Trading GmbH\",\"potentialAction\":[{\"@type\":\"SearchAction\",\"target\":{\"@type\":\"EntryPoint\",\"urlTemplate\":\"https:\/\/www.bakutrading.ch\/n\/?s={search_term_string}\"},\"query-input\":{\"@type\":\"PropertyValueSpecification\",\"valueRequired\":true,\"valueName\":\"search_term_string\"}}],\"inLanguage\":\"de\"}]}<\/script>\n<!-- \/ Yoast SEO plugin. -->","yoast_head_json":{"title":"Elefantenring mit 5 Tanten - BaKu Trading GmbH","description":"Die einzelnen Kunstwerke wie der Elefantenring, mit harten H\u00f6lzern aus Simbabwe, zeichnen sich durch feinste Handarbeit bis in die kleinsten Details aus.","robots":{"index":"index","follow":"follow","max-snippet":"max-snippet:-1","max-image-preview":"max-image-preview:large","max-video-preview":"max-video-preview:-1"},"canonical":"http:\/\/www.bakutrading.ch\/n\/produkt\/elefantenring-mit-5-tanten\/","og_locale":"de_DE","og_type":"article","og_title":"Elefantenring mit 5 Tanten - BaKu Trading GmbH","og_description":"Die einzelnen Kunstwerke wie der Elefantenring, mit harten H\u00f6lzern aus Simbabwe, zeichnen sich durch feinste Handarbeit bis in die kleinsten Details aus.","og_url":"http:\/\/www.bakutrading.ch\/n\/produkt\/elefantenring-mit-5-tanten\/","og_site_name":"BaKu Trading GmbH","article_modified_time":"2018-10-02T16:58:21+00:00","og_image":[{"width":768,"height":1024,"url":"http:\/\/www.bakutrading.ch\/n\/wp-content\/uploads\/2014\/09\/C5_4a-768x1024.jpg","type":"image\/jpeg"}],"twitter_misc":{"Gesch\u00e4tzte Lesezeit":"1\u00a0Minute"},"schema":{"@context":"https:\/\/schema.org","@graph":[{"@type":"WebPage","@id":"http:\/\/www.bakutrading.ch\/n\/produkt\/elefantenring-mit-5-tanten\/","url":"http:\/\/www.bakutrading.ch\/n\/produkt\/elefantenring-mit-5-tanten\/","name":"Elefantenring mit 5 Tanten - BaKu Trading GmbH","isPartOf":{"@id":"https:\/\/www.bakutrading.ch\/n\/#website"},"primaryImageOfPage":{"@id":"http:\/\/www.bakutrading.ch\/n\/produkt\/elefantenring-mit-5-tanten\/#primaryimage"},"image":{"@id":"http:\/\/www.bakutrading.ch\/n\/produkt\/elefantenring-mit-5-tanten\/#primaryimage"},"thumbnailUrl":"http:\/\/www.bakutrading.ch\/n\/wp-content\/uploads\/2014\/09\/C5_4a.jpg","datePublished":"2014-09-19T08:31:58+00:00","dateModified":"2018-10-02T16:58:21+00:00","description":"Die einzelnen Kunstwerke wie der Elefantenring, mit harten H\u00f6lzern aus Simbabwe, zeichnen sich durch feinste Handarbeit bis in die kleinsten Details aus.","breadcrumb":{"@id":"http:\/\/www.bakutrading.ch\/n\/produkt\/elefantenring-mit-5-tanten\/#breadcrumb"},"inLanguage":"de","potentialAction":[{"@type":"ReadAction","target":["http:\/\/www.bakutrading.ch\/n\/produkt\/elefantenring-mit-5-tanten\/"]}]},{"@type":"ImageObject","inLanguage":"de","@id":"http:\/\/www.bakutrading.ch\/n\/produkt\/elefantenring-mit-5-tanten\/#primaryimage","url":"http:\/\/www.bakutrading.ch\/n\/wp-content\/uploads\/2014\/09\/C5_4a.jpg","contentUrl":"http:\/\/www.bakutrading.ch\/n\/wp-content\/uploads\/2014\/09\/C5_4a.jpg","width":3240,"height":4320},{"@type":"BreadcrumbList","@id":"http:\/\/www.bakutrading.ch\/n\/produkt\/elefantenring-mit-5-tanten\/#breadcrumb","itemListElement":[{"@type":"ListItem","position":1,"name":"Startseite","item":"https:\/\/www.bakutrading.ch\/n\/"},{"@type":"ListItem","position":2,"name":"Shop","item":"https:\/\/www.bakutrading.ch\/n\/shop\/"},{"@type":"ListItem","position":3,"name":"Elefantenring mit 5 Tanten"}]},{"@type":"WebSite","@id":"https:\/\/www.bakutrading.ch\/n\/#website","url":"https:\/\/www.bakutrading.ch\/n\/","name":"BaKu Trading GmbH","description":"BaKu Trading GmbH","potentialAction":[{"@type":"SearchAction","target":{"@type":"EntryPoint","urlTemplate":"https:\/\/www.bakutrading.ch\/n\/?s={search_term_string}"},"query-input":{"@type":"PropertyValueSpecification","valueRequired":true,"valueName":"search_term_string"}}],"inLanguage":"de"}]}},"_links":{"self":[{"href":"http:\/\/www.bakutrading.ch\/n\/wp-json\/wp\/v2\/product\/3040","targetHints":{"allow":["GET"]}}],"collection":[{"href":"http:\/\/www.bakutrading.ch\/n\/wp-json\/wp\/v2\/product"}],"about":[{"href":"http:\/\/www.bakutrading.ch\/n\/wp-json\/wp\/v2\/types\/product"}],"replies":[{"embeddable":true,"href":"http:\/\/www.bakutrading.ch\/n\/wp-json\/wp\/v2\/comments?post=3040"}],"wp:featuredmedia":[{"embeddable":true,"href":"http:\/\/www.bakutrading.ch\/n\/wp-json\/wp\/v2\/media\/3041"}],"wp:attachment":[{"href":"http:\/\/www.bakutrading.ch\/n\/wp-json\/wp\/v2\/media?parent=3040"}],"wp:term":[{"taxonomy":"product_brand","embeddable":true,"href":"http:\/\/www.bakutrading.ch\/n\/wp-json\/wp\/v2\/product_brand?post=3040"},{"taxonomy":"product_cat","embeddable":true,"href":"http:\/\/www.bakutrading.ch\/n\/wp-json\/wp\/v2\/product_cat?post=3040"},{"taxonomy":"product_tag","embeddable":true,"href":"http:\/\/www.bakutrading.ch\/n\/wp-json\/wp\/v2\/product_tag?post=3040"}],"curies":[{"name":"wp","href":"https:\/\/api.w.org\/{rel}","templated":true}]}}