{"id":3094,"date":"2014-09-19T12:05:58","date_gmt":"2014-09-19T12:05:58","guid":{"rendered":"http:\/\/www.bakutrading.ch\/n\/?post_type=product&#038;p=3094"},"modified":"2019-08-12T15:12:56","modified_gmt":"2019-08-12T15:12:56","slug":"die-unzertrennilichen-4-koepfe","status":"publish","type":"product","link":"http:\/\/www.bakutrading.ch\/n\/produkt\/die-unzertrennilichen-4-koepfe\/","title":{"rendered":"Holzfiguren &#8211; die Unzertrennlichen"},"content":{"rendered":"<p>Holz Typ: Sandelholz<\/p>\n<p>Farbe: Variationen von Farben sind abh\u00e4ngig von der Beschaffenheit des Holzes<\/p>\n<p>Herkunftsland: Mozambique<\/p>\n<p>Handarbeit<\/p>\n<p>Unikat<\/p>\n<p>&nbsp;<\/p>\n<p><strong>Die Unzertrennlichen<\/strong><\/p>\n<p>Die &#8222;Unzertrennlichen&#8220;, eine wundersch\u00f6ne, handgefertigte Skulptur aus edlem Sandelholz. Bei diesen Holzfiguren kann man mit Recht von Unzertrennlichen sprechen, der interessierte Betrachter glaubt die feingearbeiteten Gesichter wachsen aus dem Holz heraus. Das Kunstwerk zeigt das Motiv einer afrikanischen Frauengruppe und wird aus einem St\u00fcck des edlen Holzes geschnitzt.<\/p>\n<p>Sandelholz ist eine Holzart, die sich besonders durch seine H\u00e4rte und seine Robustheit auszeichnet. Die kunstvollen Holzschnitzereien aus Sandelholz sind ein traditionelles Handwerk aus Mozambique. Die oberen R\u00e4nder der polierten Holzfl\u00e4che sind teilweise farblich begrenzt. Die Vorderseite ist naturbelassen, die R\u00fcckseite poliert. Die K\u00f6pfe sind mit kleinen Kopft\u00fcchern aus Stoff versehen.<\/p>\n<p>Die Unzertrennlichen wie sie oft genannt werden, stehen f\u00fcr die Zusammengeh\u00f6rigkeit von Familien und Freunden. Die typische Form der Sandelfigur macht sie unverwechselbar.<\/p>\n","protected":false},"excerpt":{"rendered":"<p>L 10cm \u00a0B 6cm \u00a0H 20cm<\/p>\n","protected":false},"featured_media":3095,"comment_status":"closed","ping_status":"closed","template":"","meta":{"ngg_post_thumbnail":0},"product_brand":[],"product_cat":[106],"product_tag":[],"class_list":{"0":"post-3094","1":"product","2":"type-product","3":"status-publish","4":"has-post-thumbnail","6":"product_cat-afrikanische_holzfiguren","8":"first","9":"instock","10":"shipping-taxable","11":"purchasable","12":"product-type-simple"},"yoast_head":"<!-- This site is optimized with the Yoast SEO plugin v27.2 - https:\/\/yoast.com\/product\/yoast-seo-wordpress\/ -->\n<title>Holzfiguren - die Unzertrennlichen - BaKu Trading GmbH<\/title>\n<meta name=\"description\" content=\"Bei diesen Holzfiguren kann man mit Recht von &quot;Unzertrennlichen&quot; sprechen, man glaubt die Figuren aus edlem Sandelholz wachsen aus einem St\u00fcck Holz heraus.\" \/>\n<meta name=\"robots\" content=\"index, follow, max-snippet:-1, max-image-preview:large, max-video-preview:-1\" \/>\n<link rel=\"canonical\" href=\"http:\/\/www.bakutrading.ch\/n\/produkt\/die-unzertrennilichen-4-koepfe\/\" \/>\n<meta property=\"og:locale\" content=\"de_DE\" \/>\n<meta property=\"og:type\" content=\"article\" \/>\n<meta property=\"og:title\" content=\"Holzfiguren - die Unzertrennlichen - BaKu Trading GmbH\" \/>\n<meta property=\"og:description\" content=\"Bei diesen Holzfiguren kann man mit Recht von &quot;Unzertrennlichen&quot; sprechen, man glaubt die Figuren aus edlem Sandelholz wachsen aus einem St\u00fcck Holz heraus.\" \/>\n<meta property=\"og:url\" content=\"http:\/\/www.bakutrading.ch\/n\/produkt\/die-unzertrennilichen-4-koepfe\/\" \/>\n<meta property=\"og:site_name\" content=\"BaKu Trading GmbH\" \/>\n<meta property=\"article:modified_time\" content=\"2019-08-12T15:12:56+00:00\" \/>\n<meta property=\"og:image\" content=\"http:\/\/www.bakutrading.ch\/n\/wp-content\/uploads\/2014\/09\/G1_1a-768x1024.jpg\" \/>\n\t<meta property=\"og:image:width\" content=\"768\" \/>\n\t<meta property=\"og:image:height\" content=\"1024\" \/>\n\t<meta property=\"og:image:type\" content=\"image\/jpeg\" \/>\n<meta name=\"twitter:label1\" content=\"Gesch\u00e4tzte Lesezeit\" \/>\n\t<meta name=\"twitter:data1\" content=\"1\u00a0Minute\" \/>\n<script type=\"application\/ld+json\" class=\"yoast-schema-graph\">{\"@context\":\"https:\/\/schema.org\",\"@graph\":[{\"@type\":\"WebPage\",\"@id\":\"http:\/\/www.bakutrading.ch\/n\/produkt\/die-unzertrennilichen-4-koepfe\/\",\"url\":\"http:\/\/www.bakutrading.ch\/n\/produkt\/die-unzertrennilichen-4-koepfe\/\",\"name\":\"Holzfiguren - die Unzertrennlichen - BaKu Trading GmbH\",\"isPartOf\":{\"@id\":\"https:\/\/www.bakutrading.ch\/n\/#website\"},\"primaryImageOfPage\":{\"@id\":\"http:\/\/www.bakutrading.ch\/n\/produkt\/die-unzertrennilichen-4-koepfe\/#primaryimage\"},\"image\":{\"@id\":\"http:\/\/www.bakutrading.ch\/n\/produkt\/die-unzertrennilichen-4-koepfe\/#primaryimage\"},\"thumbnailUrl\":\"http:\/\/www.bakutrading.ch\/n\/wp-content\/uploads\/2014\/09\/G1_1a.jpg\",\"datePublished\":\"2014-09-19T12:05:58+00:00\",\"dateModified\":\"2019-08-12T15:12:56+00:00\",\"description\":\"Bei diesen Holzfiguren kann man mit Recht von \\\"Unzertrennlichen\\\" sprechen, man glaubt die Figuren aus edlem Sandelholz wachsen aus einem St\u00fcck Holz heraus.\",\"breadcrumb\":{\"@id\":\"http:\/\/www.bakutrading.ch\/n\/produkt\/die-unzertrennilichen-4-koepfe\/#breadcrumb\"},\"inLanguage\":\"de\",\"potentialAction\":[{\"@type\":\"ReadAction\",\"target\":[\"http:\/\/www.bakutrading.ch\/n\/produkt\/die-unzertrennilichen-4-koepfe\/\"]}]},{\"@type\":\"ImageObject\",\"inLanguage\":\"de\",\"@id\":\"http:\/\/www.bakutrading.ch\/n\/produkt\/die-unzertrennilichen-4-koepfe\/#primaryimage\",\"url\":\"http:\/\/www.bakutrading.ch\/n\/wp-content\/uploads\/2014\/09\/G1_1a.jpg\",\"contentUrl\":\"http:\/\/www.bakutrading.ch\/n\/wp-content\/uploads\/2014\/09\/G1_1a.jpg\",\"width\":3240,\"height\":4320},{\"@type\":\"BreadcrumbList\",\"@id\":\"http:\/\/www.bakutrading.ch\/n\/produkt\/die-unzertrennilichen-4-koepfe\/#breadcrumb\",\"itemListElement\":[{\"@type\":\"ListItem\",\"position\":1,\"name\":\"Startseite\",\"item\":\"https:\/\/www.bakutrading.ch\/n\/\"},{\"@type\":\"ListItem\",\"position\":2,\"name\":\"Shop\",\"item\":\"http:\/\/www.bakutrading.ch\/n\/shop\/\"},{\"@type\":\"ListItem\",\"position\":3,\"name\":\"Holzfiguren &#8211; die Unzertrennlichen\"}]},{\"@type\":\"WebSite\",\"@id\":\"https:\/\/www.bakutrading.ch\/n\/#website\",\"url\":\"https:\/\/www.bakutrading.ch\/n\/\",\"name\":\"BaKu Trading GmbH\",\"description\":\"BaKu Trading GmbH\",\"potentialAction\":[{\"@type\":\"SearchAction\",\"target\":{\"@type\":\"EntryPoint\",\"urlTemplate\":\"https:\/\/www.bakutrading.ch\/n\/?s={search_term_string}\"},\"query-input\":{\"@type\":\"PropertyValueSpecification\",\"valueRequired\":true,\"valueName\":\"search_term_string\"}}],\"inLanguage\":\"de\"}]}<\/script>\n<!-- \/ Yoast SEO plugin. -->","yoast_head_json":{"title":"Holzfiguren - die Unzertrennlichen - BaKu Trading GmbH","description":"Bei diesen Holzfiguren kann man mit Recht von \"Unzertrennlichen\" sprechen, man glaubt die Figuren aus edlem Sandelholz wachsen aus einem St\u00fcck Holz heraus.","robots":{"index":"index","follow":"follow","max-snippet":"max-snippet:-1","max-image-preview":"max-image-preview:large","max-video-preview":"max-video-preview:-1"},"canonical":"http:\/\/www.bakutrading.ch\/n\/produkt\/die-unzertrennilichen-4-koepfe\/","og_locale":"de_DE","og_type":"article","og_title":"Holzfiguren - die Unzertrennlichen - BaKu Trading GmbH","og_description":"Bei diesen Holzfiguren kann man mit Recht von \"Unzertrennlichen\" sprechen, man glaubt die Figuren aus edlem Sandelholz wachsen aus einem St\u00fcck Holz heraus.","og_url":"http:\/\/www.bakutrading.ch\/n\/produkt\/die-unzertrennilichen-4-koepfe\/","og_site_name":"BaKu Trading GmbH","article_modified_time":"2019-08-12T15:12:56+00:00","og_image":[{"width":768,"height":1024,"url":"http:\/\/www.bakutrading.ch\/n\/wp-content\/uploads\/2014\/09\/G1_1a-768x1024.jpg","type":"image\/jpeg"}],"twitter_misc":{"Gesch\u00e4tzte Lesezeit":"1\u00a0Minute"},"schema":{"@context":"https:\/\/schema.org","@graph":[{"@type":"WebPage","@id":"http:\/\/www.bakutrading.ch\/n\/produkt\/die-unzertrennilichen-4-koepfe\/","url":"http:\/\/www.bakutrading.ch\/n\/produkt\/die-unzertrennilichen-4-koepfe\/","name":"Holzfiguren - die Unzertrennlichen - BaKu Trading GmbH","isPartOf":{"@id":"https:\/\/www.bakutrading.ch\/n\/#website"},"primaryImageOfPage":{"@id":"http:\/\/www.bakutrading.ch\/n\/produkt\/die-unzertrennilichen-4-koepfe\/#primaryimage"},"image":{"@id":"http:\/\/www.bakutrading.ch\/n\/produkt\/die-unzertrennilichen-4-koepfe\/#primaryimage"},"thumbnailUrl":"http:\/\/www.bakutrading.ch\/n\/wp-content\/uploads\/2014\/09\/G1_1a.jpg","datePublished":"2014-09-19T12:05:58+00:00","dateModified":"2019-08-12T15:12:56+00:00","description":"Bei diesen Holzfiguren kann man mit Recht von \"Unzertrennlichen\" sprechen, man glaubt die Figuren aus edlem Sandelholz wachsen aus einem St\u00fcck Holz heraus.","breadcrumb":{"@id":"http:\/\/www.bakutrading.ch\/n\/produkt\/die-unzertrennilichen-4-koepfe\/#breadcrumb"},"inLanguage":"de","potentialAction":[{"@type":"ReadAction","target":["http:\/\/www.bakutrading.ch\/n\/produkt\/die-unzertrennilichen-4-koepfe\/"]}]},{"@type":"ImageObject","inLanguage":"de","@id":"http:\/\/www.bakutrading.ch\/n\/produkt\/die-unzertrennilichen-4-koepfe\/#primaryimage","url":"http:\/\/www.bakutrading.ch\/n\/wp-content\/uploads\/2014\/09\/G1_1a.jpg","contentUrl":"http:\/\/www.bakutrading.ch\/n\/wp-content\/uploads\/2014\/09\/G1_1a.jpg","width":3240,"height":4320},{"@type":"BreadcrumbList","@id":"http:\/\/www.bakutrading.ch\/n\/produkt\/die-unzertrennilichen-4-koepfe\/#breadcrumb","itemListElement":[{"@type":"ListItem","position":1,"name":"Startseite","item":"https:\/\/www.bakutrading.ch\/n\/"},{"@type":"ListItem","position":2,"name":"Shop","item":"http:\/\/www.bakutrading.ch\/n\/shop\/"},{"@type":"ListItem","position":3,"name":"Holzfiguren &#8211; die Unzertrennlichen"}]},{"@type":"WebSite","@id":"https:\/\/www.bakutrading.ch\/n\/#website","url":"https:\/\/www.bakutrading.ch\/n\/","name":"BaKu Trading GmbH","description":"BaKu Trading GmbH","potentialAction":[{"@type":"SearchAction","target":{"@type":"EntryPoint","urlTemplate":"https:\/\/www.bakutrading.ch\/n\/?s={search_term_string}"},"query-input":{"@type":"PropertyValueSpecification","valueRequired":true,"valueName":"search_term_string"}}],"inLanguage":"de"}]}},"_links":{"self":[{"href":"http:\/\/www.bakutrading.ch\/n\/wp-json\/wp\/v2\/product\/3094","targetHints":{"allow":["GET"]}}],"collection":[{"href":"http:\/\/www.bakutrading.ch\/n\/wp-json\/wp\/v2\/product"}],"about":[{"href":"http:\/\/www.bakutrading.ch\/n\/wp-json\/wp\/v2\/types\/product"}],"replies":[{"embeddable":true,"href":"http:\/\/www.bakutrading.ch\/n\/wp-json\/wp\/v2\/comments?post=3094"}],"wp:featuredmedia":[{"embeddable":true,"href":"http:\/\/www.bakutrading.ch\/n\/wp-json\/wp\/v2\/media\/3095"}],"wp:attachment":[{"href":"http:\/\/www.bakutrading.ch\/n\/wp-json\/wp\/v2\/media?parent=3094"}],"wp:term":[{"taxonomy":"product_brand","embeddable":true,"href":"http:\/\/www.bakutrading.ch\/n\/wp-json\/wp\/v2\/product_brand?post=3094"},{"taxonomy":"product_cat","embeddable":true,"href":"http:\/\/www.bakutrading.ch\/n\/wp-json\/wp\/v2\/product_cat?post=3094"},{"taxonomy":"product_tag","embeddable":true,"href":"http:\/\/www.bakutrading.ch\/n\/wp-json\/wp\/v2\/product_tag?post=3094"}],"curies":[{"name":"wp","href":"https:\/\/api.w.org\/{rel}","templated":true}]}}