{"id":3497,"date":"2014-09-24T15:18:11","date_gmt":"2014-09-24T15:18:11","guid":{"rendered":"http:\/\/www.bakutrading.ch\/n\/?post_type=product&#038;p=3497"},"modified":"2025-10-15T18:19:08","modified_gmt":"2025-10-15T18:19:08","slug":"kudulederschuhe-vellies","status":"publish","type":"product","link":"http:\/\/www.bakutrading.ch\/n\/produkt\/kudulederschuhe-vellies\/","title":{"rendered":"Kudulederschuhe &#8211; Boots f\u00fcr M\u00e4nner"},"content":{"rendered":"<h2><strong>\u00dcber die Schuhproduktion<\/strong><\/h2>\n<p><strong>Die Shilongo Leather Works\u00a0in Windhoek\/ Namibia <\/strong>geh\u00f6rt dem Paar Sakeus und seine Frau Selma Shilongo welche seit 34 Jahren im Leder Gesch\u00e4ft sind. <a href=\"http:\/\/www.bakutrading.ch\/n\/wp-content\/uploads\/2014\/07\/Shilongo_4a.jpg\"><img loading=\"lazy\" decoding=\"async\" class=\"alignnone wp-image-5722 size-medium\" src=\"http:\/\/www.bakutrading.ch\/n\/wp-content\/uploads\/2014\/07\/Shilongo_4a-300x225.jpg\" alt=\"\" width=\"300\" height=\"225\" srcset=\"http:\/\/www.bakutrading.ch\/n\/wp-content\/uploads\/2014\/07\/Shilongo_4a-300x225.jpg 300w, http:\/\/www.bakutrading.ch\/n\/wp-content\/uploads\/2014\/07\/Shilongo_4a-1024x768.jpg 1024w, http:\/\/www.bakutrading.ch\/n\/wp-content\/uploads\/2014\/07\/Shilongo_4a-475x356.jpg 475w\" sizes=\"auto, (max-width: 300px) 100vw, 300px\" \/><\/a><\/p>\n<p>Sakeus fing an, Lederwaren im Jahr 1978 in seinem Haus mit einer N\u00e4hmaschine zu produzieren. Er verkauft die Produkte direkt zu den Menschen in der damaligen &#8218;Komponie&#8216; (zusammengesetzte Unterkunft Altstadt) in Katutura.\u00a0Liebevoll erz\u00e4hlt er; &#8222;Sobald ich alles verkauft hatte, fuhr ich mit dem Zug nach Swakopmund, um weiteres Leder aus der dortigen Gerberei zu kaufen, kam zur\u00fcck und begann von vorne. Wir starteten ohne viel Startkapital, neue Maschinen wurden gekauft, wenn wir gen\u00fcgend Gewinne gemacht hatten.&#8220;<\/p>\n<p><strong>Ihr\u00a0 aktuelles Sortiment besteht aus Vellies, Kudulederschuhe, Boots, Sandalen, Schule- und Reisentaschen, Aktentaschen, Handtaschen, Brieftaschen, G\u00fcrtel, Handy Beutel und Schl\u00fcsselanh\u00e4nger, alles handgemacht aus Kudu Leder.<\/strong><\/p>\n<p><a href=\"http:\/\/www.bakutrading.ch\/n\/wp-content\/uploads\/2014\/07\/Shilongo_1a.jpg\"><img loading=\"lazy\" decoding=\"async\" class=\"alignnone wp-image-5721 size-thumbnail\" src=\"http:\/\/www.bakutrading.ch\/n\/wp-content\/uploads\/2014\/07\/Shilongo_1a-150x150.jpg\" alt=\"\" width=\"150\" height=\"150\" srcset=\"http:\/\/www.bakutrading.ch\/n\/wp-content\/uploads\/2014\/07\/Shilongo_1a-150x150.jpg 150w, http:\/\/www.bakutrading.ch\/n\/wp-content\/uploads\/2014\/07\/Shilongo_1a-145x145.jpg 145w, http:\/\/www.bakutrading.ch\/n\/wp-content\/uploads\/2014\/07\/Shilongo_1a-50x50.jpg 50w\" sizes=\"auto, (max-width: 150px) 100vw, 150px\" \/><\/a>\u00a0\u00a0<a href=\"http:\/\/www.bakutrading.ch\/n\/wp-content\/uploads\/2014\/07\/Shilongo_3a.jpg\"><img loading=\"lazy\" decoding=\"async\" class=\"alignnone wp-image-5719 size-thumbnail\" src=\"http:\/\/www.bakutrading.ch\/n\/wp-content\/uploads\/2014\/07\/Shilongo_3a-150x150.jpg\" alt=\"\" width=\"150\" height=\"150\" srcset=\"http:\/\/www.bakutrading.ch\/n\/wp-content\/uploads\/2014\/07\/Shilongo_3a-150x150.jpg 150w, http:\/\/www.bakutrading.ch\/n\/wp-content\/uploads\/2014\/07\/Shilongo_3a-145x145.jpg 145w, http:\/\/www.bakutrading.ch\/n\/wp-content\/uploads\/2014\/07\/Shilongo_3a-50x50.jpg 50w\" sizes=\"auto, (max-width: 150px) 100vw, 150px\" \/><\/a>\u00a0 <a href=\"http:\/\/www.bakutrading.ch\/n\/wp-content\/uploads\/2014\/07\/Shilongo_2a.jpg\"><img loading=\"lazy\" decoding=\"async\" class=\"alignnone wp-image-5720 size-thumbnail\" src=\"http:\/\/www.bakutrading.ch\/n\/wp-content\/uploads\/2014\/07\/Shilongo_2a-150x150.jpg\" alt=\"\" width=\"150\" height=\"150\" srcset=\"http:\/\/www.bakutrading.ch\/n\/wp-content\/uploads\/2014\/07\/Shilongo_2a-150x150.jpg 150w, http:\/\/www.bakutrading.ch\/n\/wp-content\/uploads\/2014\/07\/Shilongo_2a-145x145.jpg 145w, http:\/\/www.bakutrading.ch\/n\/wp-content\/uploads\/2014\/07\/Shilongo_2a-50x50.jpg 50w\" sizes=\"auto, (max-width: 150px) 100vw, 150px\" \/>\u00a0<\/a> <a href=\"http:\/\/www.bakutrading.ch\/n\/wp-content\/uploads\/2014\/07\/Leather-Boots.jpg\"><img loading=\"lazy\" decoding=\"async\" class=\"alignnone wp-image-3897 size-thumbnail\" src=\"http:\/\/www.bakutrading.ch\/n\/wp-content\/uploads\/2014\/07\/Leather-Boots-150x150.jpg\" alt=\"Leather Boots\" width=\"150\" height=\"150\" srcset=\"http:\/\/www.bakutrading.ch\/n\/wp-content\/uploads\/2014\/07\/Leather-Boots-150x150.jpg 150w, http:\/\/www.bakutrading.ch\/n\/wp-content\/uploads\/2014\/07\/Leather-Boots-300x300.jpg 300w, http:\/\/www.bakutrading.ch\/n\/wp-content\/uploads\/2014\/07\/Leather-Boots-145x145.jpg 145w, http:\/\/www.bakutrading.ch\/n\/wp-content\/uploads\/2014\/07\/Leather-Boots-50x50.jpg 50w, http:\/\/www.bakutrading.ch\/n\/wp-content\/uploads\/2014\/07\/Leather-Boots-475x473.jpg 475w, http:\/\/www.bakutrading.ch\/n\/wp-content\/uploads\/2014\/07\/Leather-Boots.jpg 633w\" sizes=\"auto, (max-width: 150px) 100vw, 150px\" \/><\/a><\/p>\n<p>Das Paar konnte durch best\u00e4ndige, harte Arbeit im Jahr 1986 ihr Unternehmen in gr\u00f6\u00dfere R\u00e4umlichkeiten z\u00fcgeln, wo sie noch bis zum heutigen Tag sind. Sie erh\u00f6hten ihr Personal und besch\u00e4ftigen heute 16 Personen.&#8220;Wir sind stolz darauf, dass wir all dies alleine erreicht haben und auch dass f\u00fcnf unserer sechs Kinder aktiv im Gesch\u00e4ft mitarbeiten&#8220;, sagt Selma.\u00a0F\u00fcr die Zukunft sind Selma und Sakeus optimistisch f\u00fcr den Erfolg ihres Unternehmens, wenn sie weitermachen, wie sie es derzeit tun. &#8222;Wir m\u00f6chten dass das Unternehmen w\u00e4chst, um noch mehr Namibiern zu besch\u00e4ftigen\u201c. Sie sind auf Erfolgskurs. Was im Hof von Sakeus Familienhaus begann, hat sich zu einem florierenden Unternehmen gemausert, das sich auf <strong>die Verarbeitung von feinstem Kuduleder spezialisiert hat.<\/strong><\/p>\n<h2><strong>\u00dcber den Kudu<\/strong><\/h2>\n<p><strong>Der Name<\/strong> \u201eKudu\u201c stammt aus der Sprache der Khoi Khoi und wurde von diesem Volk nur auf diese Antilope angewandt, von den Wei\u00dfen dann aber auch auf den Kleinen Kudu \u00fcbertragen.<\/p>\n<p><strong>D<\/strong><strong>er Grosse\u00a0Kudu<\/strong> <em>Greater Kudu oderTragelaphus strepsiceros<\/em> ist eine afrikanische Antilopenart. Er kommt in vielen afrikanischen Savannengebieten vor, w\u00e4hrend der \u00e4hnliche Kleine Kudu ein recht beschr\u00e4nktes Verbreitungsgebiet im \u00f6stlichen Afrika bewohnt.<\/p>\n<p><a href=\"http:\/\/www.bakutrading.ch\/n\/wp-content\/uploads\/2014\/07\/Kudu_1.jpg\"><img loading=\"lazy\" decoding=\"async\" class=\"alignnone wp-image-3900 size-medium\" src=\"http:\/\/www.bakutrading.ch\/n\/wp-content\/uploads\/2014\/07\/Kudu_1-300x200.jpg\" alt=\"Kudu_1\" width=\"300\" height=\"200\" srcset=\"http:\/\/www.bakutrading.ch\/n\/wp-content\/uploads\/2014\/07\/Kudu_1-300x200.jpg 300w, http:\/\/www.bakutrading.ch\/n\/wp-content\/uploads\/2014\/07\/Kudu_1-1024x682.jpg 1024w, http:\/\/www.bakutrading.ch\/n\/wp-content\/uploads\/2014\/07\/Kudu_1-475x316.jpg 475w\" sizes=\"auto, (max-width: 300px) 100vw, 300px\" \/><\/a><a href=\"http:\/\/www.bakutrading.ch\/n\/wp-content\/uploads\/2014\/07\/Kudu_21.jpg\"><img loading=\"lazy\" decoding=\"async\" class=\"alignnone wp-image-3903 \" src=\"http:\/\/www.bakutrading.ch\/n\/wp-content\/uploads\/2014\/07\/Kudu_21-300x200.jpg\" alt=\"Kudu_2\" width=\"300\" height=\"200\" srcset=\"http:\/\/www.bakutrading.ch\/n\/wp-content\/uploads\/2014\/07\/Kudu_21-300x200.jpg 300w, http:\/\/www.bakutrading.ch\/n\/wp-content\/uploads\/2014\/07\/Kudu_21-1024x682.jpg 1024w, http:\/\/www.bakutrading.ch\/n\/wp-content\/uploads\/2014\/07\/Kudu_21-475x316.jpg 475w\" sizes=\"auto, (max-width: 300px) 100vw, 300px\" \/><\/a><a href=\"http:\/\/www.bakutrading.ch\/n\/wp-content\/uploads\/2014\/07\/Kudu1.jpg\"><img loading=\"lazy\" decoding=\"async\" class=\"alignnone wp-image-3899 size-medium\" src=\"http:\/\/www.bakutrading.ch\/n\/wp-content\/uploads\/2014\/07\/Kudu1-300x200.jpg\" alt=\"Kudu\" width=\"300\" height=\"200\" srcset=\"http:\/\/www.bakutrading.ch\/n\/wp-content\/uploads\/2014\/07\/Kudu1-300x200.jpg 300w, http:\/\/www.bakutrading.ch\/n\/wp-content\/uploads\/2014\/07\/Kudu1-1024x682.jpg 1024w, http:\/\/www.bakutrading.ch\/n\/wp-content\/uploads\/2014\/07\/Kudu1-475x316.jpg 475w\" sizes=\"auto, (max-width: 300px) 100vw, 300px\" \/><\/a><\/p>\n<p><strong>Beschreibung: <\/strong>Kudus sind grosse, majest\u00e4tisch anmutende Antilopen. Sie sind grau bis braungrau mit einer Anzahl vertikaler weisser Streifen auf K\u00f6rper und Keulen. Alte Bullen werden dunkler am Hals, je \u00e4lter sie werden. Zwischen den Augen befindet sich eine weisse &#8222;V&#8220;-Markierung. Bei den K\u00fchen sind durch die fehlenden H\u00f6rner die grossen weiss-gerandeten Ohren wesentlich auffallender als bei Bullen. Bei beiden Geschlechtern besteht eine Nackenm\u00e4hne, bei Bullen zus\u00e4tzlich eine Halsm\u00e4hne. Der Schwanz ist an der unteren Seite an der Spitze dunkel. Die Schulterh\u00f6he betr\u00e4gt 1.40\u00a0m, die Kopfrumpfl\u00e4nge 2.20\u00a0m. Die M\u00e4nnchen erreichen ein <strong>Gewicht<\/strong> von 190-270kg, die Weibchen von 120-210kg.<\/p>\n<p><a href=\"http:\/\/www.bakutrading.ch\/n\/wp-content\/uploads\/2014\/07\/Kudu_3.jpg\"><img loading=\"lazy\" decoding=\"async\" class=\"alignnone wp-image-3898 size-large\" src=\"http:\/\/www.bakutrading.ch\/n\/wp-content\/uploads\/2014\/07\/Kudu_3-1024x682.jpg\" alt=\"\" width=\"604\" height=\"402\" srcset=\"http:\/\/www.bakutrading.ch\/n\/wp-content\/uploads\/2014\/07\/Kudu_3-1024x682.jpg 1024w, http:\/\/www.bakutrading.ch\/n\/wp-content\/uploads\/2014\/07\/Kudu_3-300x200.jpg 300w, http:\/\/www.bakutrading.ch\/n\/wp-content\/uploads\/2014\/07\/Kudu_3-475x316.jpg 475w\" sizes=\"auto, (max-width: 604px) 100vw, 604px\" \/><\/a><\/p>\n<p>Das <strong>Kuduhorn<\/strong> ist ein <strong>afrikanisches Blasinstrument<\/strong>, das traditionell zur Signalweitergabe und zu rituellen Zwecken verwendet wird. Es ist ein quer geblasenes Naturhorn und produziert zwei bis drei T\u00f6ne der Naturtonreihe.<\/p>\n<p><a href=\"http:\/\/www.bakutrading.ch\/n\/wp-content\/uploads\/2014\/07\/Kuduhorn.jpg\"><img loading=\"lazy\" decoding=\"async\" class=\"alignnone wp-image-3896 size-full\" src=\"http:\/\/www.bakutrading.ch\/n\/wp-content\/uploads\/2014\/07\/Kuduhorn.jpg\" alt=\"\" width=\"410\" height=\"123\" srcset=\"http:\/\/www.bakutrading.ch\/n\/wp-content\/uploads\/2014\/07\/Kuduhorn.jpg 410w, http:\/\/www.bakutrading.ch\/n\/wp-content\/uploads\/2014\/07\/Kuduhorn-300x90.jpg 300w\" sizes=\"auto, (max-width: 410px) 100vw, 410px\" \/><\/a><\/p>\n<p><strong>Das Instrument<\/strong> wird vereinzelt auch in der Unterhaltungsmusik eingesetzt.\u00a0Auch verwendet man das Horn als Kuduzela (ein Kofferwort aus \u201eKudu und Vuvuzela\u201c) zum Beispiel von Fussballfans.<\/p>\n","protected":false},"excerpt":{"rendered":"<p><strong>Barfussschuh, geschmeidig, atmungsaktiv.<br \/>\n<\/strong><strong>Sportlich-eleganter Schuh, mit anatomischem Bama Comfort Fussbett.<\/strong><\/p>\n<p>Unsere Freizeitschuhe sind aus feinstem, weichem Kuduleder. Wer mit der Haut des afrikanischen Grosskudus unterwegs ist hat wohl auch das angepasste Klima drin.<\/p>\n<p>Die Kudulederschuhe sind herrlich weich, geschmeidig und \u00e4ussert atmungsaktiv.<br \/>\nSie absorbieren die Hitze und Feuchtigkeit perfekt.<\/p>\n<p>F\u00fcr Leute, die NICHT ALLES haben m\u00fcssen, aber NUR DAS BESTE wollen, die nicht jedem Trend, sondern den eigenen Instinkten folgen&#8230;<\/p>\n","protected":false},"featured_media":3498,"comment_status":"closed","ping_status":"closed","template":"","meta":{"ngg_post_thumbnail":0},"product_brand":[],"product_cat":[94],"product_tag":[],"class_list":{"0":"post-3497","1":"product","2":"type-product","3":"status-publish","4":"has-post-thumbnail","6":"product_cat-kudulederschuhe_vellies_und_boots","8":"first","9":"outofstock","10":"shipping-taxable","11":"product-type-variable"},"yoast_head":"<!-- This site is optimized with the Yoast SEO plugin v27.2 - https:\/\/yoast.com\/product\/yoast-seo-wordpress\/ -->\n<title>Kudulederschuhe - Boots f\u00fcr M\u00e4nner - BaKu Trading GmbH<\/title>\n<meta name=\"description\" content=\"Weiche Kudulederschuhe, Boots, atmungsaktiv, sehr angenehmes Traggef\u00fchl, geschmeidig, sportlich eleganter Schuh, mit anatomischem Bama Comfort Fussbett.\" \/>\n<meta name=\"robots\" content=\"index, follow, max-snippet:-1, max-image-preview:large, max-video-preview:-1\" \/>\n<link rel=\"canonical\" href=\"http:\/\/www.bakutrading.ch\/n\/produkt\/kudulederschuhe-vellies\/\" \/>\n<meta property=\"og:locale\" content=\"de_DE\" \/>\n<meta property=\"og:type\" content=\"article\" \/>\n<meta property=\"og:title\" content=\"Kudulederschuhe - Boots f\u00fcr M\u00e4nner - BaKu Trading GmbH\" \/>\n<meta property=\"og:description\" content=\"Weiche Kudulederschuhe, Boots, atmungsaktiv, sehr angenehmes Traggef\u00fchl, geschmeidig, sportlich eleganter Schuh, mit anatomischem Bama Comfort Fussbett.\" \/>\n<meta property=\"og:url\" content=\"http:\/\/www.bakutrading.ch\/n\/produkt\/kudulederschuhe-vellies\/\" \/>\n<meta property=\"og:site_name\" content=\"BaKu Trading GmbH\" \/>\n<meta property=\"article:modified_time\" content=\"2025-10-15T18:19:08+00:00\" \/>\n<meta property=\"og:image\" content=\"http:\/\/www.bakutrading.ch\/n\/wp-content\/uploads\/2014\/09\/A4_1a-768x1024.jpg\" \/>\n\t<meta property=\"og:image:width\" content=\"768\" \/>\n\t<meta property=\"og:image:height\" content=\"1024\" \/>\n\t<meta property=\"og:image:type\" content=\"image\/jpeg\" \/>\n<meta name=\"twitter:label1\" content=\"Gesch\u00e4tzte Lesezeit\" \/>\n\t<meta name=\"twitter:data1\" content=\"3\u00a0Minuten\" \/>\n<script type=\"application\/ld+json\" class=\"yoast-schema-graph\">{\"@context\":\"https:\/\/schema.org\",\"@graph\":[{\"@type\":\"WebPage\",\"@id\":\"http:\/\/www.bakutrading.ch\/n\/produkt\/kudulederschuhe-vellies\/\",\"url\":\"http:\/\/www.bakutrading.ch\/n\/produkt\/kudulederschuhe-vellies\/\",\"name\":\"Kudulederschuhe - Boots f\u00fcr M\u00e4nner - BaKu Trading GmbH\",\"isPartOf\":{\"@id\":\"http:\/\/www.bakutrading.ch\/n\/#website\"},\"primaryImageOfPage\":{\"@id\":\"http:\/\/www.bakutrading.ch\/n\/produkt\/kudulederschuhe-vellies\/#primaryimage\"},\"image\":{\"@id\":\"http:\/\/www.bakutrading.ch\/n\/produkt\/kudulederschuhe-vellies\/#primaryimage\"},\"thumbnailUrl\":\"http:\/\/www.bakutrading.ch\/n\/wp-content\/uploads\/2014\/09\/A4_1a.jpg\",\"datePublished\":\"2014-09-24T15:18:11+00:00\",\"dateModified\":\"2025-10-15T18:19:08+00:00\",\"description\":\"Weiche Kudulederschuhe, Boots, atmungsaktiv, sehr angenehmes Traggef\u00fchl, geschmeidig, sportlich eleganter Schuh, mit anatomischem Bama Comfort Fussbett.\",\"breadcrumb\":{\"@id\":\"http:\/\/www.bakutrading.ch\/n\/produkt\/kudulederschuhe-vellies\/#breadcrumb\"},\"inLanguage\":\"de\",\"potentialAction\":[{\"@type\":\"ReadAction\",\"target\":[\"http:\/\/www.bakutrading.ch\/n\/produkt\/kudulederschuhe-vellies\/\"]}]},{\"@type\":\"ImageObject\",\"inLanguage\":\"de\",\"@id\":\"http:\/\/www.bakutrading.ch\/n\/produkt\/kudulederschuhe-vellies\/#primaryimage\",\"url\":\"http:\/\/www.bakutrading.ch\/n\/wp-content\/uploads\/2014\/09\/A4_1a.jpg\",\"contentUrl\":\"http:\/\/www.bakutrading.ch\/n\/wp-content\/uploads\/2014\/09\/A4_1a.jpg\",\"width\":3240,\"height\":4320},{\"@type\":\"BreadcrumbList\",\"@id\":\"http:\/\/www.bakutrading.ch\/n\/produkt\/kudulederschuhe-vellies\/#breadcrumb\",\"itemListElement\":[{\"@type\":\"ListItem\",\"position\":1,\"name\":\"Startseite\",\"item\":\"http:\/\/www.bakutrading.ch\/n\/\"},{\"@type\":\"ListItem\",\"position\":2,\"name\":\"Shop\",\"item\":\"https:\/\/www.bakutrading.ch\/n\/shop\/\"},{\"@type\":\"ListItem\",\"position\":3,\"name\":\"Kudulederschuhe &#8211; Boots f\u00fcr M\u00e4nner\"}]},{\"@type\":\"WebSite\",\"@id\":\"http:\/\/www.bakutrading.ch\/n\/#website\",\"url\":\"http:\/\/www.bakutrading.ch\/n\/\",\"name\":\"BaKu Trading GmbH\",\"description\":\"BaKu Trading GmbH\",\"potentialAction\":[{\"@type\":\"SearchAction\",\"target\":{\"@type\":\"EntryPoint\",\"urlTemplate\":\"http:\/\/www.bakutrading.ch\/n\/?s={search_term_string}\"},\"query-input\":{\"@type\":\"PropertyValueSpecification\",\"valueRequired\":true,\"valueName\":\"search_term_string\"}}],\"inLanguage\":\"de\"}]}<\/script>\n<!-- \/ Yoast SEO plugin. -->","yoast_head_json":{"title":"Kudulederschuhe - Boots f\u00fcr M\u00e4nner - BaKu Trading GmbH","description":"Weiche Kudulederschuhe, Boots, atmungsaktiv, sehr angenehmes Traggef\u00fchl, geschmeidig, sportlich eleganter Schuh, mit anatomischem Bama Comfort Fussbett.","robots":{"index":"index","follow":"follow","max-snippet":"max-snippet:-1","max-image-preview":"max-image-preview:large","max-video-preview":"max-video-preview:-1"},"canonical":"http:\/\/www.bakutrading.ch\/n\/produkt\/kudulederschuhe-vellies\/","og_locale":"de_DE","og_type":"article","og_title":"Kudulederschuhe - Boots f\u00fcr M\u00e4nner - BaKu Trading GmbH","og_description":"Weiche Kudulederschuhe, Boots, atmungsaktiv, sehr angenehmes Traggef\u00fchl, geschmeidig, sportlich eleganter Schuh, mit anatomischem Bama Comfort Fussbett.","og_url":"http:\/\/www.bakutrading.ch\/n\/produkt\/kudulederschuhe-vellies\/","og_site_name":"BaKu Trading GmbH","article_modified_time":"2025-10-15T18:19:08+00:00","og_image":[{"width":768,"height":1024,"url":"http:\/\/www.bakutrading.ch\/n\/wp-content\/uploads\/2014\/09\/A4_1a-768x1024.jpg","type":"image\/jpeg"}],"twitter_misc":{"Gesch\u00e4tzte Lesezeit":"3\u00a0Minuten"},"schema":{"@context":"https:\/\/schema.org","@graph":[{"@type":"WebPage","@id":"http:\/\/www.bakutrading.ch\/n\/produkt\/kudulederschuhe-vellies\/","url":"http:\/\/www.bakutrading.ch\/n\/produkt\/kudulederschuhe-vellies\/","name":"Kudulederschuhe - Boots f\u00fcr M\u00e4nner - BaKu Trading GmbH","isPartOf":{"@id":"http:\/\/www.bakutrading.ch\/n\/#website"},"primaryImageOfPage":{"@id":"http:\/\/www.bakutrading.ch\/n\/produkt\/kudulederschuhe-vellies\/#primaryimage"},"image":{"@id":"http:\/\/www.bakutrading.ch\/n\/produkt\/kudulederschuhe-vellies\/#primaryimage"},"thumbnailUrl":"http:\/\/www.bakutrading.ch\/n\/wp-content\/uploads\/2014\/09\/A4_1a.jpg","datePublished":"2014-09-24T15:18:11+00:00","dateModified":"2025-10-15T18:19:08+00:00","description":"Weiche Kudulederschuhe, Boots, atmungsaktiv, sehr angenehmes Traggef\u00fchl, geschmeidig, sportlich eleganter Schuh, mit anatomischem Bama Comfort Fussbett.","breadcrumb":{"@id":"http:\/\/www.bakutrading.ch\/n\/produkt\/kudulederschuhe-vellies\/#breadcrumb"},"inLanguage":"de","potentialAction":[{"@type":"ReadAction","target":["http:\/\/www.bakutrading.ch\/n\/produkt\/kudulederschuhe-vellies\/"]}]},{"@type":"ImageObject","inLanguage":"de","@id":"http:\/\/www.bakutrading.ch\/n\/produkt\/kudulederschuhe-vellies\/#primaryimage","url":"http:\/\/www.bakutrading.ch\/n\/wp-content\/uploads\/2014\/09\/A4_1a.jpg","contentUrl":"http:\/\/www.bakutrading.ch\/n\/wp-content\/uploads\/2014\/09\/A4_1a.jpg","width":3240,"height":4320},{"@type":"BreadcrumbList","@id":"http:\/\/www.bakutrading.ch\/n\/produkt\/kudulederschuhe-vellies\/#breadcrumb","itemListElement":[{"@type":"ListItem","position":1,"name":"Startseite","item":"http:\/\/www.bakutrading.ch\/n\/"},{"@type":"ListItem","position":2,"name":"Shop","item":"https:\/\/www.bakutrading.ch\/n\/shop\/"},{"@type":"ListItem","position":3,"name":"Kudulederschuhe &#8211; Boots f\u00fcr M\u00e4nner"}]},{"@type":"WebSite","@id":"http:\/\/www.bakutrading.ch\/n\/#website","url":"http:\/\/www.bakutrading.ch\/n\/","name":"BaKu Trading GmbH","description":"BaKu Trading GmbH","potentialAction":[{"@type":"SearchAction","target":{"@type":"EntryPoint","urlTemplate":"http:\/\/www.bakutrading.ch\/n\/?s={search_term_string}"},"query-input":{"@type":"PropertyValueSpecification","valueRequired":true,"valueName":"search_term_string"}}],"inLanguage":"de"}]}},"_links":{"self":[{"href":"http:\/\/www.bakutrading.ch\/n\/wp-json\/wp\/v2\/product\/3497","targetHints":{"allow":["GET"]}}],"collection":[{"href":"http:\/\/www.bakutrading.ch\/n\/wp-json\/wp\/v2\/product"}],"about":[{"href":"http:\/\/www.bakutrading.ch\/n\/wp-json\/wp\/v2\/types\/product"}],"replies":[{"embeddable":true,"href":"http:\/\/www.bakutrading.ch\/n\/wp-json\/wp\/v2\/comments?post=3497"}],"wp:featuredmedia":[{"embeddable":true,"href":"http:\/\/www.bakutrading.ch\/n\/wp-json\/wp\/v2\/media\/3498"}],"wp:attachment":[{"href":"http:\/\/www.bakutrading.ch\/n\/wp-json\/wp\/v2\/media?parent=3497"}],"wp:term":[{"taxonomy":"product_brand","embeddable":true,"href":"http:\/\/www.bakutrading.ch\/n\/wp-json\/wp\/v2\/product_brand?post=3497"},{"taxonomy":"product_cat","embeddable":true,"href":"http:\/\/www.bakutrading.ch\/n\/wp-json\/wp\/v2\/product_cat?post=3497"},{"taxonomy":"product_tag","embeddable":true,"href":"http:\/\/www.bakutrading.ch\/n\/wp-json\/wp\/v2\/product_tag?post=3497"}],"curies":[{"name":"wp","href":"https:\/\/api.w.org\/{rel}","templated":true}]}}