{"id":3755,"date":"2014-09-29T14:16:31","date_gmt":"2014-09-29T14:16:31","guid":{"rendered":"http:\/\/www.bakutrading.ch\/n\/?post_type=product&#038;p=3755"},"modified":"2018-07-27T10:14:57","modified_gmt":"2018-07-27T10:14:57","slug":"kwele-stammesmaske","status":"publish","type":"product","link":"http:\/\/www.bakutrading.ch\/n\/produkt\/kwele-stammesmaske\/","title":{"rendered":"Kwele &#8211; Stammesmaske (Fensterladen Maske)"},"content":{"rendered":"<p>Herkunftsland: Gabun, Kamerun, D.R.Kongo<\/p>\n<p>Handarbeit<\/p>\n<p>Unikat<\/p>\n<p>&nbsp;<\/p>\n<p><strong>KWELE Stammesmaske aus Gabun, Kamerun, D.R.Kongo<\/strong><\/p>\n<p>Die Kwele geh\u00f6ren zur Gruppe der Dzem und siedeln zwischen den Fl\u00fcssen Sangha und Zaire &#8211; im L\u00e4nderdreieck der Republik Kongos, Kameruns und Gabuns. Die Masken zeichnen sich durch gekonnte Linienf\u00fchrung und Einfachheit aus.<\/p>\n<p>Die menschlichen Masken haben meist ein herzf\u00f6rmiges Gesicht, das noch durch herzf\u00f6rmig geschwungene H\u00f6rner unterstrichen wird. Die hervortretenden Augen mit schmalen Schlitzen sind nicht immer durchbrochen. Einer der Gr\u00fcnde, warum man annimmt, dass nicht alle Masken getragen werden. \u00dcber deren Verwendungszweck wei\u00df man so gut wie nichts.<\/p>\n<p>Dank der nachtr\u00e4glich angebrachten Halterungen und Bodenplatten sind alle Masken selbstst\u00e4ndig aufrecht stehend. Die Halterungen k\u00f6nnen individuell der L\u00e4nge (25cm-150cm) angepasst oder&nbsp;auch&nbsp;jederzeit leicht entfernt werden.<\/p>\n<p>&nbsp;<\/p>\n","protected":false},"excerpt":{"rendered":"<ul>\n<li>mit St\u00e4nder &#8211; die L\u00e4nge, 25cm-150cm, kann individuell angepasst werden<\/li>\n<li>B 35cm H 45cm<\/li>\n<\/ul>\n","protected":false},"featured_media":3756,"comment_status":"closed","ping_status":"closed","template":"","meta":{"ngg_post_thumbnail":0},"product_brand":[],"product_cat":[122],"product_tag":[],"class_list":{"0":"post-3755","1":"product","2":"type-product","3":"status-publish","4":"has-post-thumbnail","6":"product_cat-afrikanische-stammesmasken-und-schilder","8":"first","9":"instock","10":"shipping-taxable","11":"purchasable","12":"product-type-simple"},"yoast_head":"<!-- This site is optimized with the Yoast SEO plugin v27.2 - https:\/\/yoast.com\/product\/yoast-seo-wordpress\/ -->\n<title>Kwele - Stammesmaske (Fensterladen Maske) - BaKu Trading GmbH<\/title>\n<meta name=\"description\" content=\"Die Kwele geh\u00f6ren zur Gruppe der Dzem und siedeln im L\u00e4nderdreieck der Republik Kongos, Kameruns und Gabuns. Spezielle Halterungen lassen die Masken stehen.\" \/>\n<meta name=\"robots\" content=\"index, follow, max-snippet:-1, max-image-preview:large, max-video-preview:-1\" \/>\n<link rel=\"canonical\" href=\"http:\/\/www.bakutrading.ch\/n\/produkt\/kwele-stammesmaske\/\" \/>\n<meta property=\"og:locale\" content=\"de_DE\" \/>\n<meta property=\"og:type\" content=\"article\" \/>\n<meta property=\"og:title\" content=\"Kwele - Stammesmaske (Fensterladen Maske) - BaKu Trading GmbH\" \/>\n<meta property=\"og:description\" content=\"Die Kwele geh\u00f6ren zur Gruppe der Dzem und siedeln im L\u00e4nderdreieck der Republik Kongos, Kameruns und Gabuns. Spezielle Halterungen lassen die Masken stehen.\" \/>\n<meta property=\"og:url\" content=\"http:\/\/www.bakutrading.ch\/n\/produkt\/kwele-stammesmaske\/\" \/>\n<meta property=\"og:site_name\" content=\"BaKu Trading GmbH\" \/>\n<meta property=\"article:modified_time\" content=\"2018-07-27T10:14:57+00:00\" \/>\n<meta property=\"og:image\" content=\"http:\/\/www.bakutrading.ch\/n\/wp-content\/uploads\/2014\/09\/I1_2a-768x1024.jpg\" \/>\n\t<meta property=\"og:image:width\" content=\"768\" \/>\n\t<meta property=\"og:image:height\" content=\"1024\" \/>\n\t<meta property=\"og:image:type\" content=\"image\/jpeg\" \/>\n<meta name=\"twitter:label1\" content=\"Gesch\u00e4tzte Lesezeit\" \/>\n\t<meta name=\"twitter:data1\" content=\"1\u00a0Minute\" \/>\n<script type=\"application\/ld+json\" class=\"yoast-schema-graph\">{\"@context\":\"https:\/\/schema.org\",\"@graph\":[{\"@type\":\"WebPage\",\"@id\":\"http:\/\/www.bakutrading.ch\/n\/produkt\/kwele-stammesmaske\/\",\"url\":\"http:\/\/www.bakutrading.ch\/n\/produkt\/kwele-stammesmaske\/\",\"name\":\"Kwele - Stammesmaske (Fensterladen Maske) - BaKu Trading GmbH\",\"isPartOf\":{\"@id\":\"https:\/\/www.bakutrading.ch\/n\/#website\"},\"primaryImageOfPage\":{\"@id\":\"http:\/\/www.bakutrading.ch\/n\/produkt\/kwele-stammesmaske\/#primaryimage\"},\"image\":{\"@id\":\"http:\/\/www.bakutrading.ch\/n\/produkt\/kwele-stammesmaske\/#primaryimage\"},\"thumbnailUrl\":\"http:\/\/www.bakutrading.ch\/n\/wp-content\/uploads\/2014\/09\/I1_2a.jpg\",\"datePublished\":\"2014-09-29T14:16:31+00:00\",\"dateModified\":\"2018-07-27T10:14:57+00:00\",\"description\":\"Die Kwele geh\u00f6ren zur Gruppe der Dzem und siedeln im L\u00e4nderdreieck der Republik Kongos, Kameruns und Gabuns. Spezielle Halterungen lassen die Masken stehen.\",\"breadcrumb\":{\"@id\":\"http:\/\/www.bakutrading.ch\/n\/produkt\/kwele-stammesmaske\/#breadcrumb\"},\"inLanguage\":\"de\",\"potentialAction\":[{\"@type\":\"ReadAction\",\"target\":[\"http:\/\/www.bakutrading.ch\/n\/produkt\/kwele-stammesmaske\/\"]}]},{\"@type\":\"ImageObject\",\"inLanguage\":\"de\",\"@id\":\"http:\/\/www.bakutrading.ch\/n\/produkt\/kwele-stammesmaske\/#primaryimage\",\"url\":\"http:\/\/www.bakutrading.ch\/n\/wp-content\/uploads\/2014\/09\/I1_2a.jpg\",\"contentUrl\":\"http:\/\/www.bakutrading.ch\/n\/wp-content\/uploads\/2014\/09\/I1_2a.jpg\",\"width\":3240,\"height\":4320},{\"@type\":\"BreadcrumbList\",\"@id\":\"http:\/\/www.bakutrading.ch\/n\/produkt\/kwele-stammesmaske\/#breadcrumb\",\"itemListElement\":[{\"@type\":\"ListItem\",\"position\":1,\"name\":\"Startseite\",\"item\":\"https:\/\/www.bakutrading.ch\/n\/\"},{\"@type\":\"ListItem\",\"position\":2,\"name\":\"Shop\",\"item\":\"https:\/\/www.bakutrading.ch\/n\/shop\/\"},{\"@type\":\"ListItem\",\"position\":3,\"name\":\"Kwele &#8211; Stammesmaske (Fensterladen Maske)\"}]},{\"@type\":\"WebSite\",\"@id\":\"https:\/\/www.bakutrading.ch\/n\/#website\",\"url\":\"https:\/\/www.bakutrading.ch\/n\/\",\"name\":\"BaKu Trading GmbH\",\"description\":\"BaKu Trading GmbH\",\"potentialAction\":[{\"@type\":\"SearchAction\",\"target\":{\"@type\":\"EntryPoint\",\"urlTemplate\":\"https:\/\/www.bakutrading.ch\/n\/?s={search_term_string}\"},\"query-input\":{\"@type\":\"PropertyValueSpecification\",\"valueRequired\":true,\"valueName\":\"search_term_string\"}}],\"inLanguage\":\"de\"}]}<\/script>\n<!-- \/ Yoast SEO plugin. -->","yoast_head_json":{"title":"Kwele - Stammesmaske (Fensterladen Maske) - BaKu Trading GmbH","description":"Die Kwele geh\u00f6ren zur Gruppe der Dzem und siedeln im L\u00e4nderdreieck der Republik Kongos, Kameruns und Gabuns. Spezielle Halterungen lassen die Masken stehen.","robots":{"index":"index","follow":"follow","max-snippet":"max-snippet:-1","max-image-preview":"max-image-preview:large","max-video-preview":"max-video-preview:-1"},"canonical":"http:\/\/www.bakutrading.ch\/n\/produkt\/kwele-stammesmaske\/","og_locale":"de_DE","og_type":"article","og_title":"Kwele - Stammesmaske (Fensterladen Maske) - BaKu Trading GmbH","og_description":"Die Kwele geh\u00f6ren zur Gruppe der Dzem und siedeln im L\u00e4nderdreieck der Republik Kongos, Kameruns und Gabuns. Spezielle Halterungen lassen die Masken stehen.","og_url":"http:\/\/www.bakutrading.ch\/n\/produkt\/kwele-stammesmaske\/","og_site_name":"BaKu Trading GmbH","article_modified_time":"2018-07-27T10:14:57+00:00","og_image":[{"width":768,"height":1024,"url":"http:\/\/www.bakutrading.ch\/n\/wp-content\/uploads\/2014\/09\/I1_2a-768x1024.jpg","type":"image\/jpeg"}],"twitter_misc":{"Gesch\u00e4tzte Lesezeit":"1\u00a0Minute"},"schema":{"@context":"https:\/\/schema.org","@graph":[{"@type":"WebPage","@id":"http:\/\/www.bakutrading.ch\/n\/produkt\/kwele-stammesmaske\/","url":"http:\/\/www.bakutrading.ch\/n\/produkt\/kwele-stammesmaske\/","name":"Kwele - Stammesmaske (Fensterladen Maske) - BaKu Trading GmbH","isPartOf":{"@id":"https:\/\/www.bakutrading.ch\/n\/#website"},"primaryImageOfPage":{"@id":"http:\/\/www.bakutrading.ch\/n\/produkt\/kwele-stammesmaske\/#primaryimage"},"image":{"@id":"http:\/\/www.bakutrading.ch\/n\/produkt\/kwele-stammesmaske\/#primaryimage"},"thumbnailUrl":"http:\/\/www.bakutrading.ch\/n\/wp-content\/uploads\/2014\/09\/I1_2a.jpg","datePublished":"2014-09-29T14:16:31+00:00","dateModified":"2018-07-27T10:14:57+00:00","description":"Die Kwele geh\u00f6ren zur Gruppe der Dzem und siedeln im L\u00e4nderdreieck der Republik Kongos, Kameruns und Gabuns. Spezielle Halterungen lassen die Masken stehen.","breadcrumb":{"@id":"http:\/\/www.bakutrading.ch\/n\/produkt\/kwele-stammesmaske\/#breadcrumb"},"inLanguage":"de","potentialAction":[{"@type":"ReadAction","target":["http:\/\/www.bakutrading.ch\/n\/produkt\/kwele-stammesmaske\/"]}]},{"@type":"ImageObject","inLanguage":"de","@id":"http:\/\/www.bakutrading.ch\/n\/produkt\/kwele-stammesmaske\/#primaryimage","url":"http:\/\/www.bakutrading.ch\/n\/wp-content\/uploads\/2014\/09\/I1_2a.jpg","contentUrl":"http:\/\/www.bakutrading.ch\/n\/wp-content\/uploads\/2014\/09\/I1_2a.jpg","width":3240,"height":4320},{"@type":"BreadcrumbList","@id":"http:\/\/www.bakutrading.ch\/n\/produkt\/kwele-stammesmaske\/#breadcrumb","itemListElement":[{"@type":"ListItem","position":1,"name":"Startseite","item":"https:\/\/www.bakutrading.ch\/n\/"},{"@type":"ListItem","position":2,"name":"Shop","item":"https:\/\/www.bakutrading.ch\/n\/shop\/"},{"@type":"ListItem","position":3,"name":"Kwele &#8211; Stammesmaske (Fensterladen Maske)"}]},{"@type":"WebSite","@id":"https:\/\/www.bakutrading.ch\/n\/#website","url":"https:\/\/www.bakutrading.ch\/n\/","name":"BaKu Trading GmbH","description":"BaKu Trading GmbH","potentialAction":[{"@type":"SearchAction","target":{"@type":"EntryPoint","urlTemplate":"https:\/\/www.bakutrading.ch\/n\/?s={search_term_string}"},"query-input":{"@type":"PropertyValueSpecification","valueRequired":true,"valueName":"search_term_string"}}],"inLanguage":"de"}]}},"_links":{"self":[{"href":"http:\/\/www.bakutrading.ch\/n\/wp-json\/wp\/v2\/product\/3755","targetHints":{"allow":["GET"]}}],"collection":[{"href":"http:\/\/www.bakutrading.ch\/n\/wp-json\/wp\/v2\/product"}],"about":[{"href":"http:\/\/www.bakutrading.ch\/n\/wp-json\/wp\/v2\/types\/product"}],"replies":[{"embeddable":true,"href":"http:\/\/www.bakutrading.ch\/n\/wp-json\/wp\/v2\/comments?post=3755"}],"wp:featuredmedia":[{"embeddable":true,"href":"http:\/\/www.bakutrading.ch\/n\/wp-json\/wp\/v2\/media\/3756"}],"wp:attachment":[{"href":"http:\/\/www.bakutrading.ch\/n\/wp-json\/wp\/v2\/media?parent=3755"}],"wp:term":[{"taxonomy":"product_brand","embeddable":true,"href":"http:\/\/www.bakutrading.ch\/n\/wp-json\/wp\/v2\/product_brand?post=3755"},{"taxonomy":"product_cat","embeddable":true,"href":"http:\/\/www.bakutrading.ch\/n\/wp-json\/wp\/v2\/product_cat?post=3755"},{"taxonomy":"product_tag","embeddable":true,"href":"http:\/\/www.bakutrading.ch\/n\/wp-json\/wp\/v2\/product_tag?post=3755"}],"curies":[{"name":"wp","href":"https:\/\/api.w.org\/{rel}","templated":true}]}}