{"id":3807,"date":"2014-09-30T10:24:05","date_gmt":"2014-09-30T10:24:05","guid":{"rendered":"http:\/\/www.bakutrading.ch\/n\/?post_type=product&#038;p=3807"},"modified":"2018-07-27T10:41:12","modified_gmt":"2018-07-27T10:41:12","slug":"yoruba-stammesmaske","status":"publish","type":"product","link":"http:\/\/www.bakutrading.ch\/n\/produkt\/yoruba-stammesmaske\/","title":{"rendered":"Yoruba &#8211; Stammesmaske"},"content":{"rendered":"<p>Herkunftsland: Nigeria<\/p>\n<p>Handarbeit<\/p>\n<p>Unikat<\/p>\n<p>&nbsp;<\/p>\n<p><strong>YORUBA Stammesmaske aus Nigeria<\/strong><\/p>\n<p>Eine weltweit verstreute afrikanische Ethnie mit alten Ursprung und Traditionen sind die Yoruba. Seit fr\u00fchen Zeiten sind die Yoruba in erster Linie Bauern. Neben der Landwirtschaft ist jedoch auch Handwerk und Handel sehr ausgepr\u00e4gt. Die Yoruba sind weithin bekannt vor allem f\u00fcr ihr sehr altes Kunsthandwerk, welches Masken und Statuen aus Holz, umfasst.<\/p>\n<p>Die afrikanische Yoruba Stammesmaske wurde in kunstvoller Handarbeit aus Holz gefertigt und bringt Wohlergehen und Gesundheit f\u00fcr die Gemeinschaft. Gr\u00f6\u00dftenteils werden menschliche Figuren dargestellt. Abgesehen von der Verehrung des einen Gottes (genannt Olodumare) ehren die Yoruba eine Unmenge von weiteren Gottheiten (Orisa), mehr als 400 G\u00f6tter sind ihnen bekannt.<\/p>\n<p>Dank der nachtr\u00e4glich angebrachten Halterungen und Bodenplatten sind alle Masken selbstst\u00e4ndig aufrecht stehend. Die Halterungen k\u00f6nnen individuell der L\u00e4nge (25cm-150cm) angepasst oder&nbsp;auch&nbsp;jederzeit leicht entfernt werden.<\/p>\n","protected":false},"excerpt":{"rendered":"<ul>\n<li>mit St\u00e4nder &#8211; die L\u00e4nge, 25cm-150cm,&nbsp;kann individuell angepasst werden<\/li>\n<li>B 25cm H 40cm<\/li>\n<\/ul>\n","protected":false},"featured_media":3808,"comment_status":"closed","ping_status":"closed","template":"","meta":{"ngg_post_thumbnail":0},"product_brand":[],"product_cat":[122],"product_tag":[],"class_list":{"0":"post-3807","1":"product","2":"type-product","3":"status-publish","4":"has-post-thumbnail","6":"product_cat-afrikanische-stammesmasken-und-schilder","8":"first","9":"instock","10":"shipping-taxable","11":"purchasable","12":"product-type-simple"},"yoast_head":"<!-- This site is optimized with the Yoast SEO plugin v27.2 - https:\/\/yoast.com\/product\/yoast-seo-wordpress\/ -->\n<title>Yoruba - Stammesmaske - BaKu Trading GmbH<\/title>\n<meta name=\"description\" content=\"Eine weltweit verstreute afrikanische Ethnie mit alten Ursprung und Traditionen sind die Yoruba. Spezielle Halterungen lassen die Masken stehen.\" \/>\n<meta name=\"robots\" content=\"index, follow, max-snippet:-1, max-image-preview:large, max-video-preview:-1\" \/>\n<link rel=\"canonical\" href=\"http:\/\/www.bakutrading.ch\/n\/produkt\/yoruba-stammesmaske\/\" \/>\n<meta property=\"og:locale\" content=\"de_DE\" \/>\n<meta property=\"og:type\" content=\"article\" \/>\n<meta property=\"og:title\" content=\"Yoruba - Stammesmaske - BaKu Trading GmbH\" \/>\n<meta property=\"og:description\" content=\"Eine weltweit verstreute afrikanische Ethnie mit alten Ursprung und Traditionen sind die Yoruba. Spezielle Halterungen lassen die Masken stehen.\" \/>\n<meta property=\"og:url\" content=\"http:\/\/www.bakutrading.ch\/n\/produkt\/yoruba-stammesmaske\/\" \/>\n<meta property=\"og:site_name\" content=\"BaKu Trading GmbH\" \/>\n<meta property=\"article:modified_time\" content=\"2018-07-27T10:41:12+00:00\" \/>\n<meta property=\"og:image\" content=\"http:\/\/www.bakutrading.ch\/n\/wp-content\/uploads\/2014\/09\/I3_3a-768x1024.jpg\" \/>\n\t<meta property=\"og:image:width\" content=\"768\" \/>\n\t<meta property=\"og:image:height\" content=\"1024\" \/>\n\t<meta property=\"og:image:type\" content=\"image\/jpeg\" \/>\n<meta name=\"twitter:label1\" content=\"Gesch\u00e4tzte Lesezeit\" \/>\n\t<meta name=\"twitter:data1\" content=\"1\u00a0Minute\" \/>\n<script type=\"application\/ld+json\" class=\"yoast-schema-graph\">{\"@context\":\"https:\/\/schema.org\",\"@graph\":[{\"@type\":\"WebPage\",\"@id\":\"http:\/\/www.bakutrading.ch\/n\/produkt\/yoruba-stammesmaske\/\",\"url\":\"http:\/\/www.bakutrading.ch\/n\/produkt\/yoruba-stammesmaske\/\",\"name\":\"Yoruba - Stammesmaske - BaKu Trading GmbH\",\"isPartOf\":{\"@id\":\"https:\/\/www.bakutrading.ch\/n\/#website\"},\"primaryImageOfPage\":{\"@id\":\"http:\/\/www.bakutrading.ch\/n\/produkt\/yoruba-stammesmaske\/#primaryimage\"},\"image\":{\"@id\":\"http:\/\/www.bakutrading.ch\/n\/produkt\/yoruba-stammesmaske\/#primaryimage\"},\"thumbnailUrl\":\"http:\/\/www.bakutrading.ch\/n\/wp-content\/uploads\/2014\/09\/I3_3a.jpg\",\"datePublished\":\"2014-09-30T10:24:05+00:00\",\"dateModified\":\"2018-07-27T10:41:12+00:00\",\"description\":\"Eine weltweit verstreute afrikanische Ethnie mit alten Ursprung und Traditionen sind die Yoruba. Spezielle Halterungen lassen die Masken stehen.\",\"breadcrumb\":{\"@id\":\"http:\/\/www.bakutrading.ch\/n\/produkt\/yoruba-stammesmaske\/#breadcrumb\"},\"inLanguage\":\"de\",\"potentialAction\":[{\"@type\":\"ReadAction\",\"target\":[\"http:\/\/www.bakutrading.ch\/n\/produkt\/yoruba-stammesmaske\/\"]}]},{\"@type\":\"ImageObject\",\"inLanguage\":\"de\",\"@id\":\"http:\/\/www.bakutrading.ch\/n\/produkt\/yoruba-stammesmaske\/#primaryimage\",\"url\":\"http:\/\/www.bakutrading.ch\/n\/wp-content\/uploads\/2014\/09\/I3_3a.jpg\",\"contentUrl\":\"http:\/\/www.bakutrading.ch\/n\/wp-content\/uploads\/2014\/09\/I3_3a.jpg\",\"width\":3240,\"height\":4320},{\"@type\":\"BreadcrumbList\",\"@id\":\"http:\/\/www.bakutrading.ch\/n\/produkt\/yoruba-stammesmaske\/#breadcrumb\",\"itemListElement\":[{\"@type\":\"ListItem\",\"position\":1,\"name\":\"Startseite\",\"item\":\"https:\/\/www.bakutrading.ch\/n\/\"},{\"@type\":\"ListItem\",\"position\":2,\"name\":\"Shop\",\"item\":\"https:\/\/www.bakutrading.ch\/n\/shop\/\"},{\"@type\":\"ListItem\",\"position\":3,\"name\":\"Yoruba &#8211; Stammesmaske\"}]},{\"@type\":\"WebSite\",\"@id\":\"https:\/\/www.bakutrading.ch\/n\/#website\",\"url\":\"https:\/\/www.bakutrading.ch\/n\/\",\"name\":\"BaKu Trading GmbH\",\"description\":\"BaKu Trading GmbH\",\"potentialAction\":[{\"@type\":\"SearchAction\",\"target\":{\"@type\":\"EntryPoint\",\"urlTemplate\":\"https:\/\/www.bakutrading.ch\/n\/?s={search_term_string}\"},\"query-input\":{\"@type\":\"PropertyValueSpecification\",\"valueRequired\":true,\"valueName\":\"search_term_string\"}}],\"inLanguage\":\"de\"}]}<\/script>\n<!-- \/ Yoast SEO plugin. -->","yoast_head_json":{"title":"Yoruba - Stammesmaske - BaKu Trading GmbH","description":"Eine weltweit verstreute afrikanische Ethnie mit alten Ursprung und Traditionen sind die Yoruba. Spezielle Halterungen lassen die Masken stehen.","robots":{"index":"index","follow":"follow","max-snippet":"max-snippet:-1","max-image-preview":"max-image-preview:large","max-video-preview":"max-video-preview:-1"},"canonical":"http:\/\/www.bakutrading.ch\/n\/produkt\/yoruba-stammesmaske\/","og_locale":"de_DE","og_type":"article","og_title":"Yoruba - Stammesmaske - BaKu Trading GmbH","og_description":"Eine weltweit verstreute afrikanische Ethnie mit alten Ursprung und Traditionen sind die Yoruba. Spezielle Halterungen lassen die Masken stehen.","og_url":"http:\/\/www.bakutrading.ch\/n\/produkt\/yoruba-stammesmaske\/","og_site_name":"BaKu Trading GmbH","article_modified_time":"2018-07-27T10:41:12+00:00","og_image":[{"width":768,"height":1024,"url":"http:\/\/www.bakutrading.ch\/n\/wp-content\/uploads\/2014\/09\/I3_3a-768x1024.jpg","type":"image\/jpeg"}],"twitter_misc":{"Gesch\u00e4tzte Lesezeit":"1\u00a0Minute"},"schema":{"@context":"https:\/\/schema.org","@graph":[{"@type":"WebPage","@id":"http:\/\/www.bakutrading.ch\/n\/produkt\/yoruba-stammesmaske\/","url":"http:\/\/www.bakutrading.ch\/n\/produkt\/yoruba-stammesmaske\/","name":"Yoruba - Stammesmaske - BaKu Trading GmbH","isPartOf":{"@id":"https:\/\/www.bakutrading.ch\/n\/#website"},"primaryImageOfPage":{"@id":"http:\/\/www.bakutrading.ch\/n\/produkt\/yoruba-stammesmaske\/#primaryimage"},"image":{"@id":"http:\/\/www.bakutrading.ch\/n\/produkt\/yoruba-stammesmaske\/#primaryimage"},"thumbnailUrl":"http:\/\/www.bakutrading.ch\/n\/wp-content\/uploads\/2014\/09\/I3_3a.jpg","datePublished":"2014-09-30T10:24:05+00:00","dateModified":"2018-07-27T10:41:12+00:00","description":"Eine weltweit verstreute afrikanische Ethnie mit alten Ursprung und Traditionen sind die Yoruba. Spezielle Halterungen lassen die Masken stehen.","breadcrumb":{"@id":"http:\/\/www.bakutrading.ch\/n\/produkt\/yoruba-stammesmaske\/#breadcrumb"},"inLanguage":"de","potentialAction":[{"@type":"ReadAction","target":["http:\/\/www.bakutrading.ch\/n\/produkt\/yoruba-stammesmaske\/"]}]},{"@type":"ImageObject","inLanguage":"de","@id":"http:\/\/www.bakutrading.ch\/n\/produkt\/yoruba-stammesmaske\/#primaryimage","url":"http:\/\/www.bakutrading.ch\/n\/wp-content\/uploads\/2014\/09\/I3_3a.jpg","contentUrl":"http:\/\/www.bakutrading.ch\/n\/wp-content\/uploads\/2014\/09\/I3_3a.jpg","width":3240,"height":4320},{"@type":"BreadcrumbList","@id":"http:\/\/www.bakutrading.ch\/n\/produkt\/yoruba-stammesmaske\/#breadcrumb","itemListElement":[{"@type":"ListItem","position":1,"name":"Startseite","item":"https:\/\/www.bakutrading.ch\/n\/"},{"@type":"ListItem","position":2,"name":"Shop","item":"https:\/\/www.bakutrading.ch\/n\/shop\/"},{"@type":"ListItem","position":3,"name":"Yoruba &#8211; Stammesmaske"}]},{"@type":"WebSite","@id":"https:\/\/www.bakutrading.ch\/n\/#website","url":"https:\/\/www.bakutrading.ch\/n\/","name":"BaKu Trading GmbH","description":"BaKu Trading GmbH","potentialAction":[{"@type":"SearchAction","target":{"@type":"EntryPoint","urlTemplate":"https:\/\/www.bakutrading.ch\/n\/?s={search_term_string}"},"query-input":{"@type":"PropertyValueSpecification","valueRequired":true,"valueName":"search_term_string"}}],"inLanguage":"de"}]}},"_links":{"self":[{"href":"http:\/\/www.bakutrading.ch\/n\/wp-json\/wp\/v2\/product\/3807","targetHints":{"allow":["GET"]}}],"collection":[{"href":"http:\/\/www.bakutrading.ch\/n\/wp-json\/wp\/v2\/product"}],"about":[{"href":"http:\/\/www.bakutrading.ch\/n\/wp-json\/wp\/v2\/types\/product"}],"replies":[{"embeddable":true,"href":"http:\/\/www.bakutrading.ch\/n\/wp-json\/wp\/v2\/comments?post=3807"}],"wp:featuredmedia":[{"embeddable":true,"href":"http:\/\/www.bakutrading.ch\/n\/wp-json\/wp\/v2\/media\/3808"}],"wp:attachment":[{"href":"http:\/\/www.bakutrading.ch\/n\/wp-json\/wp\/v2\/media?parent=3807"}],"wp:term":[{"taxonomy":"product_brand","embeddable":true,"href":"http:\/\/www.bakutrading.ch\/n\/wp-json\/wp\/v2\/product_brand?post=3807"},{"taxonomy":"product_cat","embeddable":true,"href":"http:\/\/www.bakutrading.ch\/n\/wp-json\/wp\/v2\/product_cat?post=3807"},{"taxonomy":"product_tag","embeddable":true,"href":"http:\/\/www.bakutrading.ch\/n\/wp-json\/wp\/v2\/product_tag?post=3807"}],"curies":[{"name":"wp","href":"https:\/\/api.w.org\/{rel}","templated":true}]}}