{"id":4105,"date":"2014-10-08T08:31:45","date_gmt":"2014-10-08T08:31:45","guid":{"rendered":"http:\/\/www.bakutrading.ch\/n\/?post_type=product&#038;p=4105"},"modified":"2016-06-13T11:49:36","modified_gmt":"2016-06-13T11:49:36","slug":"baule-holzschild-2","status":"publish","type":"product","link":"http:\/\/www.bakutrading.ch\/n\/produkt\/baule-holzschild-2\/","title":{"rendered":"Baule &#8211; Holzschild"},"content":{"rendered":"<p>Herkunftsland:\u00a0Elfenbeink\u00fcste<\/p>\n<p>Handarbeit<\/p>\n<p>Unikat<\/p>\n<p>&nbsp;<\/p>\n<p><strong>BAULE Holzschild\u00a0aus der Elfenbeink\u00fcste<\/strong><\/p>\n<p>Die Baule (franz\u00f6sisch Baoul\u00e9) sind ein Akan-Volk in der Elfenbeink\u00fcste. Dort stellen sie mit einer Anzahl etwa 2.130.000 sowie einem prozentualen Anteil von 23% die gr\u00f6sste Volksgruppe des Landes. Sie sind traditionell Anh\u00e4nger der Akan-Religion, daneben gibt es auch in letzter Zeit zunehmend sunnitische Muslime.<\/p>\n<p>Die Lebensweise der Baule ist traditionell von der Landwirtschaft gepr\u00e4gt und das Hauptanbaugebiet des Volkes liegt zwischen den Fl\u00fcssen Komo und Bandama, eine Fl\u00e4che gemischt aus Wald und W\u00fcste. Die wichtigsten Anbauprodukte des Volkes sind Kolan\u00fcsse, Yams, Kakao und Mais.<br \/>\nSie haben auch eigene Waffentypen entwickelt, bei denen vor allem die Baule-Axt, das Baule-Holzschwert, das Baule-Messer und das Baule-Holzschild hervorzuheben ist.<\/p>\n<p>Dank der nachtr\u00e4glich angebrachten Halterungen und Bodenplatten sind alle Holzschilder selbstst\u00e4ndig aufrecht stehend. Die Halterungen k\u00f6nnen auch jederzeit leicht entfernt werden.<\/p>\n<p>&nbsp;<\/p>\n","protected":false},"excerpt":{"rendered":"<ul>\n<li>mit St\u00e4nder<\/li>\n<li>B 55cm H 70cm<\/li>\n<\/ul>\n","protected":false},"featured_media":4614,"comment_status":"closed","ping_status":"closed","template":"","meta":{"ngg_post_thumbnail":0},"product_brand":[],"product_cat":[122],"product_tag":[],"class_list":{"0":"post-4105","1":"product","2":"type-product","3":"status-publish","4":"has-post-thumbnail","6":"product_cat-afrikanische-stammesmasken-und-schilder","8":"first","9":"instock","10":"shipping-taxable","11":"purchasable","12":"product-type-simple"},"yoast_head":"<!-- This site is optimized with the Yoast SEO plugin v27.2 - https:\/\/yoast.com\/product\/yoast-seo-wordpress\/ -->\n<title>Baule - Holzschild - BaKu Trading GmbH<\/title>\n<meta name=\"description\" content=\"Die Baule (franz\u00f6sisch Baoul\u00e9) sind ein Akan-Volk in der Elfenbeink\u00fcste. Spezielle Halterungen lassen die Holzschilder selbstst\u00e4ndig aufrecht stehen.\" \/>\n<meta name=\"robots\" content=\"index, follow, max-snippet:-1, max-image-preview:large, max-video-preview:-1\" \/>\n<link rel=\"canonical\" href=\"https:\/\/www.bakutrading.ch\/n\/produkt\/baule-holzschild-2\/\" \/>\n<meta property=\"og:locale\" content=\"de_DE\" \/>\n<meta property=\"og:type\" content=\"article\" \/>\n<meta property=\"og:title\" content=\"Baule - Holzschild - BaKu Trading GmbH\" \/>\n<meta property=\"og:description\" content=\"Die Baule (franz\u00f6sisch Baoul\u00e9) sind ein Akan-Volk in der Elfenbeink\u00fcste. Spezielle Halterungen lassen die Holzschilder selbstst\u00e4ndig aufrecht stehen.\" \/>\n<meta property=\"og:url\" content=\"https:\/\/www.bakutrading.ch\/n\/produkt\/baule-holzschild-2\/\" \/>\n<meta property=\"og:site_name\" content=\"BaKu Trading GmbH\" \/>\n<meta property=\"article:modified_time\" content=\"2016-06-13T11:49:36+00:00\" \/>\n<meta property=\"og:image\" content=\"https:\/\/www.bakutrading.ch\/n\/wp-content\/uploads\/2014\/10\/H3_3aa-768x1024.jpg\" \/>\n\t<meta property=\"og:image:width\" content=\"768\" \/>\n\t<meta property=\"og:image:height\" content=\"1024\" \/>\n\t<meta property=\"og:image:type\" content=\"image\/jpeg\" \/>\n<meta name=\"twitter:label1\" content=\"Gesch\u00e4tzte Lesezeit\" \/>\n\t<meta name=\"twitter:data1\" content=\"1\u00a0Minute\" \/>\n<script type=\"application\/ld+json\" class=\"yoast-schema-graph\">{\"@context\":\"https:\/\/schema.org\",\"@graph\":[{\"@type\":\"WebPage\",\"@id\":\"https:\/\/www.bakutrading.ch\/n\/produkt\/baule-holzschild-2\/\",\"url\":\"https:\/\/www.bakutrading.ch\/n\/produkt\/baule-holzschild-2\/\",\"name\":\"Baule - Holzschild - BaKu Trading GmbH\",\"isPartOf\":{\"@id\":\"https:\/\/www.bakutrading.ch\/n\/#website\"},\"primaryImageOfPage\":{\"@id\":\"https:\/\/www.bakutrading.ch\/n\/produkt\/baule-holzschild-2\/#primaryimage\"},\"image\":{\"@id\":\"https:\/\/www.bakutrading.ch\/n\/produkt\/baule-holzschild-2\/#primaryimage\"},\"thumbnailUrl\":\"http:\/\/www.bakutrading.ch\/n\/wp-content\/uploads\/2014\/10\/H3_3aa.jpg\",\"datePublished\":\"2014-10-08T08:31:45+00:00\",\"dateModified\":\"2016-06-13T11:49:36+00:00\",\"description\":\"Die Baule (franz\u00f6sisch Baoul\u00e9) sind ein Akan-Volk in der Elfenbeink\u00fcste. Spezielle Halterungen lassen die Holzschilder selbstst\u00e4ndig aufrecht stehen.\",\"breadcrumb\":{\"@id\":\"https:\/\/www.bakutrading.ch\/n\/produkt\/baule-holzschild-2\/#breadcrumb\"},\"inLanguage\":\"de\",\"potentialAction\":[{\"@type\":\"ReadAction\",\"target\":[\"https:\/\/www.bakutrading.ch\/n\/produkt\/baule-holzschild-2\/\"]}]},{\"@type\":\"ImageObject\",\"inLanguage\":\"de\",\"@id\":\"https:\/\/www.bakutrading.ch\/n\/produkt\/baule-holzschild-2\/#primaryimage\",\"url\":\"http:\/\/www.bakutrading.ch\/n\/wp-content\/uploads\/2014\/10\/H3_3aa.jpg\",\"contentUrl\":\"http:\/\/www.bakutrading.ch\/n\/wp-content\/uploads\/2014\/10\/H3_3aa.jpg\",\"width\":3240,\"height\":4320},{\"@type\":\"BreadcrumbList\",\"@id\":\"https:\/\/www.bakutrading.ch\/n\/produkt\/baule-holzschild-2\/#breadcrumb\",\"itemListElement\":[{\"@type\":\"ListItem\",\"position\":1,\"name\":\"Startseite\",\"item\":\"http:\/\/www.bakutrading.ch\/n\/\"},{\"@type\":\"ListItem\",\"position\":2,\"name\":\"Shop\",\"item\":\"http:\/\/www.bakutrading.ch\/n\/shop\/\"},{\"@type\":\"ListItem\",\"position\":3,\"name\":\"Baule &#8211; Holzschild\"}]},{\"@type\":\"WebSite\",\"@id\":\"https:\/\/www.bakutrading.ch\/n\/#website\",\"url\":\"https:\/\/www.bakutrading.ch\/n\/\",\"name\":\"BaKu Trading GmbH\",\"description\":\"BaKu Trading GmbH\",\"potentialAction\":[{\"@type\":\"SearchAction\",\"target\":{\"@type\":\"EntryPoint\",\"urlTemplate\":\"https:\/\/www.bakutrading.ch\/n\/?s={search_term_string}\"},\"query-input\":{\"@type\":\"PropertyValueSpecification\",\"valueRequired\":true,\"valueName\":\"search_term_string\"}}],\"inLanguage\":\"de\"}]}<\/script>\n<!-- \/ Yoast SEO plugin. -->","yoast_head_json":{"title":"Baule - Holzschild - BaKu Trading GmbH","description":"Die Baule (franz\u00f6sisch Baoul\u00e9) sind ein Akan-Volk in der Elfenbeink\u00fcste. Spezielle Halterungen lassen die Holzschilder selbstst\u00e4ndig aufrecht stehen.","robots":{"index":"index","follow":"follow","max-snippet":"max-snippet:-1","max-image-preview":"max-image-preview:large","max-video-preview":"max-video-preview:-1"},"canonical":"https:\/\/www.bakutrading.ch\/n\/produkt\/baule-holzschild-2\/","og_locale":"de_DE","og_type":"article","og_title":"Baule - Holzschild - BaKu Trading GmbH","og_description":"Die Baule (franz\u00f6sisch Baoul\u00e9) sind ein Akan-Volk in der Elfenbeink\u00fcste. Spezielle Halterungen lassen die Holzschilder selbstst\u00e4ndig aufrecht stehen.","og_url":"https:\/\/www.bakutrading.ch\/n\/produkt\/baule-holzschild-2\/","og_site_name":"BaKu Trading GmbH","article_modified_time":"2016-06-13T11:49:36+00:00","og_image":[{"width":768,"height":1024,"url":"https:\/\/www.bakutrading.ch\/n\/wp-content\/uploads\/2014\/10\/H3_3aa-768x1024.jpg","type":"image\/jpeg"}],"twitter_misc":{"Gesch\u00e4tzte Lesezeit":"1\u00a0Minute"},"schema":{"@context":"https:\/\/schema.org","@graph":[{"@type":"WebPage","@id":"https:\/\/www.bakutrading.ch\/n\/produkt\/baule-holzschild-2\/","url":"https:\/\/www.bakutrading.ch\/n\/produkt\/baule-holzschild-2\/","name":"Baule - Holzschild - BaKu Trading GmbH","isPartOf":{"@id":"https:\/\/www.bakutrading.ch\/n\/#website"},"primaryImageOfPage":{"@id":"https:\/\/www.bakutrading.ch\/n\/produkt\/baule-holzschild-2\/#primaryimage"},"image":{"@id":"https:\/\/www.bakutrading.ch\/n\/produkt\/baule-holzschild-2\/#primaryimage"},"thumbnailUrl":"http:\/\/www.bakutrading.ch\/n\/wp-content\/uploads\/2014\/10\/H3_3aa.jpg","datePublished":"2014-10-08T08:31:45+00:00","dateModified":"2016-06-13T11:49:36+00:00","description":"Die Baule (franz\u00f6sisch Baoul\u00e9) sind ein Akan-Volk in der Elfenbeink\u00fcste. Spezielle Halterungen lassen die Holzschilder selbstst\u00e4ndig aufrecht stehen.","breadcrumb":{"@id":"https:\/\/www.bakutrading.ch\/n\/produkt\/baule-holzschild-2\/#breadcrumb"},"inLanguage":"de","potentialAction":[{"@type":"ReadAction","target":["https:\/\/www.bakutrading.ch\/n\/produkt\/baule-holzschild-2\/"]}]},{"@type":"ImageObject","inLanguage":"de","@id":"https:\/\/www.bakutrading.ch\/n\/produkt\/baule-holzschild-2\/#primaryimage","url":"http:\/\/www.bakutrading.ch\/n\/wp-content\/uploads\/2014\/10\/H3_3aa.jpg","contentUrl":"http:\/\/www.bakutrading.ch\/n\/wp-content\/uploads\/2014\/10\/H3_3aa.jpg","width":3240,"height":4320},{"@type":"BreadcrumbList","@id":"https:\/\/www.bakutrading.ch\/n\/produkt\/baule-holzschild-2\/#breadcrumb","itemListElement":[{"@type":"ListItem","position":1,"name":"Startseite","item":"http:\/\/www.bakutrading.ch\/n\/"},{"@type":"ListItem","position":2,"name":"Shop","item":"http:\/\/www.bakutrading.ch\/n\/shop\/"},{"@type":"ListItem","position":3,"name":"Baule &#8211; Holzschild"}]},{"@type":"WebSite","@id":"https:\/\/www.bakutrading.ch\/n\/#website","url":"https:\/\/www.bakutrading.ch\/n\/","name":"BaKu Trading GmbH","description":"BaKu Trading GmbH","potentialAction":[{"@type":"SearchAction","target":{"@type":"EntryPoint","urlTemplate":"https:\/\/www.bakutrading.ch\/n\/?s={search_term_string}"},"query-input":{"@type":"PropertyValueSpecification","valueRequired":true,"valueName":"search_term_string"}}],"inLanguage":"de"}]}},"_links":{"self":[{"href":"http:\/\/www.bakutrading.ch\/n\/wp-json\/wp\/v2\/product\/4105","targetHints":{"allow":["GET"]}}],"collection":[{"href":"http:\/\/www.bakutrading.ch\/n\/wp-json\/wp\/v2\/product"}],"about":[{"href":"http:\/\/www.bakutrading.ch\/n\/wp-json\/wp\/v2\/types\/product"}],"replies":[{"embeddable":true,"href":"http:\/\/www.bakutrading.ch\/n\/wp-json\/wp\/v2\/comments?post=4105"}],"wp:featuredmedia":[{"embeddable":true,"href":"http:\/\/www.bakutrading.ch\/n\/wp-json\/wp\/v2\/media\/4614"}],"wp:attachment":[{"href":"http:\/\/www.bakutrading.ch\/n\/wp-json\/wp\/v2\/media?parent=4105"}],"wp:term":[{"taxonomy":"product_brand","embeddable":true,"href":"http:\/\/www.bakutrading.ch\/n\/wp-json\/wp\/v2\/product_brand?post=4105"},{"taxonomy":"product_cat","embeddable":true,"href":"http:\/\/www.bakutrading.ch\/n\/wp-json\/wp\/v2\/product_cat?post=4105"},{"taxonomy":"product_tag","embeddable":true,"href":"http:\/\/www.bakutrading.ch\/n\/wp-json\/wp\/v2\/product_tag?post=4105"}],"curies":[{"name":"wp","href":"https:\/\/api.w.org\/{rel}","templated":true}]}}