{"id":4701,"date":"2014-10-12T18:24:54","date_gmt":"2014-10-12T18:24:54","guid":{"rendered":"http:\/\/www.bakutrading.ch\/n\/?post_type=product&#038;p=4701"},"modified":"2021-05-13T11:10:05","modified_gmt":"2021-05-13T11:10:05","slug":"tischlaeufer-mit-sujet-elefant-2","status":"publish","type":"product","link":"http:\/\/www.bakutrading.ch\/n\/produkt\/tischlaeufer-mit-sujet-elefant-2\/","title":{"rendered":"Tischl\u00e4ufer &#8211; Elefanten"},"content":{"rendered":"<p>Druckverfahren: Siebdruck<\/p>\n<p>Herkunftsland: Simbabwe<\/p>\n<p>Handarbeit<\/p>\n<p>Unikat<\/p>\n<p>&nbsp;<\/p>\n<p><strong>Kudhinda-Stoffe aus Simbabwe<\/strong><\/p>\n<p>Der Name Kudhinda ist abgeleitet vom Wort drucken aus der Sprache der Shona, einem Volksstamm aus Simbabwe.<\/p>\n<p>Die Firma Kudhinda wurde 1989 von Ros Byrne in Harare, der Hauptstadt Simbabwes gegr\u00fcndet. Ihr Ziel war und ist es junge Menschen zu ermutigen, ihr kreatives Talent f\u00fcr Muster und Farben zu wecken. So entstanden die einzigartigen Stoffe in den vielf\u00e4ltigen Farben Afrikas.<\/p>\n<p>Die Muster werden in Handarbeit per Siebdruckverfahren auf die Stoffbahnen gedruckt.&nbsp;Daraus entstehen die unterschiedlichsten Tischsets,&nbsp;Tischt\u00fccher&nbsp;sowie Tischl\u00e4ufer. Die Stoffe kommen aus Simbabwe, sind aus 100% Baumwolle und k\u00f6nnen bei 30 Grad mit Handw\u00e4sche gereinigt werden.<\/p>\n<p>Die Firma besch\u00e4ftigt heute ca. 60 Mitarbeiter\/-innen und ist eine echte Erfolgsgeschichte. Die lebhaften Stoffe bringen ein St\u00fcck Afrika in jede Stube.<\/p>\n","protected":false},"excerpt":{"rendered":"<ul>\n<li>verschiedene Farbmuster<\/li>\n<li>L 140cm B 40cm<\/li>\n<\/ul>\n","protected":false},"featured_media":4702,"comment_status":"closed","ping_status":"closed","template":"","meta":{"ngg_post_thumbnail":0},"product_brand":[],"product_cat":[105],"product_tag":[],"class_list":{"0":"post-4701","1":"product","2":"type-product","3":"status-publish","4":"has-post-thumbnail","6":"product_cat-afrikanische_stoffe","8":"first","9":"instock","10":"shipping-taxable","11":"purchasable","12":"product-type-simple"},"yoast_head":"<!-- This site is optimized with the Yoast SEO plugin v27.2 - https:\/\/yoast.com\/product\/yoast-seo-wordpress\/ -->\n<title>Tischl\u00e4ufer - Elefanten - BaKu Trading GmbH<\/title>\n<meta name=\"description\" content=\"Dieser Tischl\u00e4ufer ist aus Simbabwe, der Stoff aus 100% Baumwolle. Verschiedene Muster werden in Handarbeit per Siebdruckverfahren auf die Stoffe gedruckt.\" \/>\n<meta name=\"robots\" content=\"index, follow, max-snippet:-1, max-image-preview:large, max-video-preview:-1\" \/>\n<link rel=\"canonical\" href=\"http:\/\/www.bakutrading.ch\/n\/produkt\/tischlaeufer-mit-sujet-elefant-2\/\" \/>\n<meta property=\"og:locale\" content=\"de_DE\" \/>\n<meta property=\"og:type\" content=\"article\" \/>\n<meta property=\"og:title\" content=\"Tischl\u00e4ufer - Elefanten - BaKu Trading GmbH\" \/>\n<meta property=\"og:description\" content=\"Dieser Tischl\u00e4ufer ist aus Simbabwe, der Stoff aus 100% Baumwolle. Verschiedene Muster werden in Handarbeit per Siebdruckverfahren auf die Stoffe gedruckt.\" \/>\n<meta property=\"og:url\" content=\"http:\/\/www.bakutrading.ch\/n\/produkt\/tischlaeufer-mit-sujet-elefant-2\/\" \/>\n<meta property=\"og:site_name\" content=\"BaKu Trading GmbH\" \/>\n<meta property=\"article:modified_time\" content=\"2021-05-13T11:10:05+00:00\" \/>\n<meta property=\"og:image\" content=\"http:\/\/www.bakutrading.ch\/n\/wp-content\/uploads\/2014\/10\/M2_12a-1024x768.jpg\" \/>\n\t<meta property=\"og:image:width\" content=\"1024\" \/>\n\t<meta property=\"og:image:height\" content=\"768\" \/>\n\t<meta property=\"og:image:type\" content=\"image\/jpeg\" \/>\n<meta name=\"twitter:label1\" content=\"Gesch\u00e4tzte Lesezeit\" \/>\n\t<meta name=\"twitter:data1\" content=\"1\u00a0Minute\" \/>\n<script type=\"application\/ld+json\" class=\"yoast-schema-graph\">{\"@context\":\"https:\/\/schema.org\",\"@graph\":[{\"@type\":\"WebPage\",\"@id\":\"http:\/\/www.bakutrading.ch\/n\/produkt\/tischlaeufer-mit-sujet-elefant-2\/\",\"url\":\"http:\/\/www.bakutrading.ch\/n\/produkt\/tischlaeufer-mit-sujet-elefant-2\/\",\"name\":\"Tischl\u00e4ufer - Elefanten - BaKu Trading GmbH\",\"isPartOf\":{\"@id\":\"http:\/\/www.bakutrading.ch\/n\/#website\"},\"primaryImageOfPage\":{\"@id\":\"http:\/\/www.bakutrading.ch\/n\/produkt\/tischlaeufer-mit-sujet-elefant-2\/#primaryimage\"},\"image\":{\"@id\":\"http:\/\/www.bakutrading.ch\/n\/produkt\/tischlaeufer-mit-sujet-elefant-2\/#primaryimage\"},\"thumbnailUrl\":\"http:\/\/www.bakutrading.ch\/n\/wp-content\/uploads\/2014\/10\/M2_12a.jpg\",\"datePublished\":\"2014-10-12T18:24:54+00:00\",\"dateModified\":\"2021-05-13T11:10:05+00:00\",\"description\":\"Dieser Tischl\u00e4ufer ist aus Simbabwe, der Stoff aus 100% Baumwolle. Verschiedene Muster werden in Handarbeit per Siebdruckverfahren auf die Stoffe gedruckt.\",\"breadcrumb\":{\"@id\":\"http:\/\/www.bakutrading.ch\/n\/produkt\/tischlaeufer-mit-sujet-elefant-2\/#breadcrumb\"},\"inLanguage\":\"de\",\"potentialAction\":[{\"@type\":\"ReadAction\",\"target\":[\"http:\/\/www.bakutrading.ch\/n\/produkt\/tischlaeufer-mit-sujet-elefant-2\/\"]}]},{\"@type\":\"ImageObject\",\"inLanguage\":\"de\",\"@id\":\"http:\/\/www.bakutrading.ch\/n\/produkt\/tischlaeufer-mit-sujet-elefant-2\/#primaryimage\",\"url\":\"http:\/\/www.bakutrading.ch\/n\/wp-content\/uploads\/2014\/10\/M2_12a.jpg\",\"contentUrl\":\"http:\/\/www.bakutrading.ch\/n\/wp-content\/uploads\/2014\/10\/M2_12a.jpg\",\"width\":4320,\"height\":3240},{\"@type\":\"BreadcrumbList\",\"@id\":\"http:\/\/www.bakutrading.ch\/n\/produkt\/tischlaeufer-mit-sujet-elefant-2\/#breadcrumb\",\"itemListElement\":[{\"@type\":\"ListItem\",\"position\":1,\"name\":\"Startseite\",\"item\":\"http:\/\/www.bakutrading.ch\/n\/\"},{\"@type\":\"ListItem\",\"position\":2,\"name\":\"Shop\",\"item\":\"http:\/\/www.bakutrading.ch\/n\/shop\/\"},{\"@type\":\"ListItem\",\"position\":3,\"name\":\"Tischl\u00e4ufer &#8211; Elefanten\"}]},{\"@type\":\"WebSite\",\"@id\":\"http:\/\/www.bakutrading.ch\/n\/#website\",\"url\":\"http:\/\/www.bakutrading.ch\/n\/\",\"name\":\"BaKu Trading GmbH\",\"description\":\"BaKu Trading GmbH\",\"potentialAction\":[{\"@type\":\"SearchAction\",\"target\":{\"@type\":\"EntryPoint\",\"urlTemplate\":\"http:\/\/www.bakutrading.ch\/n\/?s={search_term_string}\"},\"query-input\":{\"@type\":\"PropertyValueSpecification\",\"valueRequired\":true,\"valueName\":\"search_term_string\"}}],\"inLanguage\":\"de\"}]}<\/script>\n<!-- \/ Yoast SEO plugin. -->","yoast_head_json":{"title":"Tischl\u00e4ufer - Elefanten - BaKu Trading GmbH","description":"Dieser Tischl\u00e4ufer ist aus Simbabwe, der Stoff aus 100% Baumwolle. Verschiedene Muster werden in Handarbeit per Siebdruckverfahren auf die Stoffe gedruckt.","robots":{"index":"index","follow":"follow","max-snippet":"max-snippet:-1","max-image-preview":"max-image-preview:large","max-video-preview":"max-video-preview:-1"},"canonical":"http:\/\/www.bakutrading.ch\/n\/produkt\/tischlaeufer-mit-sujet-elefant-2\/","og_locale":"de_DE","og_type":"article","og_title":"Tischl\u00e4ufer - Elefanten - BaKu Trading GmbH","og_description":"Dieser Tischl\u00e4ufer ist aus Simbabwe, der Stoff aus 100% Baumwolle. Verschiedene Muster werden in Handarbeit per Siebdruckverfahren auf die Stoffe gedruckt.","og_url":"http:\/\/www.bakutrading.ch\/n\/produkt\/tischlaeufer-mit-sujet-elefant-2\/","og_site_name":"BaKu Trading GmbH","article_modified_time":"2021-05-13T11:10:05+00:00","og_image":[{"width":1024,"height":768,"url":"http:\/\/www.bakutrading.ch\/n\/wp-content\/uploads\/2014\/10\/M2_12a-1024x768.jpg","type":"image\/jpeg"}],"twitter_misc":{"Gesch\u00e4tzte Lesezeit":"1\u00a0Minute"},"schema":{"@context":"https:\/\/schema.org","@graph":[{"@type":"WebPage","@id":"http:\/\/www.bakutrading.ch\/n\/produkt\/tischlaeufer-mit-sujet-elefant-2\/","url":"http:\/\/www.bakutrading.ch\/n\/produkt\/tischlaeufer-mit-sujet-elefant-2\/","name":"Tischl\u00e4ufer - Elefanten - BaKu Trading GmbH","isPartOf":{"@id":"http:\/\/www.bakutrading.ch\/n\/#website"},"primaryImageOfPage":{"@id":"http:\/\/www.bakutrading.ch\/n\/produkt\/tischlaeufer-mit-sujet-elefant-2\/#primaryimage"},"image":{"@id":"http:\/\/www.bakutrading.ch\/n\/produkt\/tischlaeufer-mit-sujet-elefant-2\/#primaryimage"},"thumbnailUrl":"http:\/\/www.bakutrading.ch\/n\/wp-content\/uploads\/2014\/10\/M2_12a.jpg","datePublished":"2014-10-12T18:24:54+00:00","dateModified":"2021-05-13T11:10:05+00:00","description":"Dieser Tischl\u00e4ufer ist aus Simbabwe, der Stoff aus 100% Baumwolle. Verschiedene Muster werden in Handarbeit per Siebdruckverfahren auf die Stoffe gedruckt.","breadcrumb":{"@id":"http:\/\/www.bakutrading.ch\/n\/produkt\/tischlaeufer-mit-sujet-elefant-2\/#breadcrumb"},"inLanguage":"de","potentialAction":[{"@type":"ReadAction","target":["http:\/\/www.bakutrading.ch\/n\/produkt\/tischlaeufer-mit-sujet-elefant-2\/"]}]},{"@type":"ImageObject","inLanguage":"de","@id":"http:\/\/www.bakutrading.ch\/n\/produkt\/tischlaeufer-mit-sujet-elefant-2\/#primaryimage","url":"http:\/\/www.bakutrading.ch\/n\/wp-content\/uploads\/2014\/10\/M2_12a.jpg","contentUrl":"http:\/\/www.bakutrading.ch\/n\/wp-content\/uploads\/2014\/10\/M2_12a.jpg","width":4320,"height":3240},{"@type":"BreadcrumbList","@id":"http:\/\/www.bakutrading.ch\/n\/produkt\/tischlaeufer-mit-sujet-elefant-2\/#breadcrumb","itemListElement":[{"@type":"ListItem","position":1,"name":"Startseite","item":"http:\/\/www.bakutrading.ch\/n\/"},{"@type":"ListItem","position":2,"name":"Shop","item":"http:\/\/www.bakutrading.ch\/n\/shop\/"},{"@type":"ListItem","position":3,"name":"Tischl\u00e4ufer &#8211; Elefanten"}]},{"@type":"WebSite","@id":"http:\/\/www.bakutrading.ch\/n\/#website","url":"http:\/\/www.bakutrading.ch\/n\/","name":"BaKu Trading GmbH","description":"BaKu Trading GmbH","potentialAction":[{"@type":"SearchAction","target":{"@type":"EntryPoint","urlTemplate":"http:\/\/www.bakutrading.ch\/n\/?s={search_term_string}"},"query-input":{"@type":"PropertyValueSpecification","valueRequired":true,"valueName":"search_term_string"}}],"inLanguage":"de"}]}},"_links":{"self":[{"href":"http:\/\/www.bakutrading.ch\/n\/wp-json\/wp\/v2\/product\/4701","targetHints":{"allow":["GET"]}}],"collection":[{"href":"http:\/\/www.bakutrading.ch\/n\/wp-json\/wp\/v2\/product"}],"about":[{"href":"http:\/\/www.bakutrading.ch\/n\/wp-json\/wp\/v2\/types\/product"}],"replies":[{"embeddable":true,"href":"http:\/\/www.bakutrading.ch\/n\/wp-json\/wp\/v2\/comments?post=4701"}],"wp:featuredmedia":[{"embeddable":true,"href":"http:\/\/www.bakutrading.ch\/n\/wp-json\/wp\/v2\/media\/4702"}],"wp:attachment":[{"href":"http:\/\/www.bakutrading.ch\/n\/wp-json\/wp\/v2\/media?parent=4701"}],"wp:term":[{"taxonomy":"product_brand","embeddable":true,"href":"http:\/\/www.bakutrading.ch\/n\/wp-json\/wp\/v2\/product_brand?post=4701"},{"taxonomy":"product_cat","embeddable":true,"href":"http:\/\/www.bakutrading.ch\/n\/wp-json\/wp\/v2\/product_cat?post=4701"},{"taxonomy":"product_tag","embeddable":true,"href":"http:\/\/www.bakutrading.ch\/n\/wp-json\/wp\/v2\/product_tag?post=4701"}],"curies":[{"name":"wp","href":"https:\/\/api.w.org\/{rel}","templated":true}]}}