{"id":4855,"date":"2014-10-15T02:58:10","date_gmt":"2014-10-15T02:58:10","guid":{"rendered":"http:\/\/www.bakutrading.ch\/n\/?post_type=product&#038;p=4855"},"modified":"2018-10-02T17:08:27","modified_gmt":"2018-10-02T17:08:27","slug":"tischlaeufer-mit-sujet-giraffen","status":"publish","type":"product","link":"http:\/\/www.bakutrading.ch\/n\/produkt\/tischlaeufer-mit-sujet-giraffen\/","title":{"rendered":"Batik Tischl\u00e4ufer &#8211; Giraffenpaar"},"content":{"rendered":"<p>reine Leinen<\/p>\n<p>Handbemalt<\/p>\n<p>Herkunftsland: Simbabwe<\/p>\n<p>Handarbeit<\/p>\n<p>Unikat<\/p>\n<p>&nbsp;<\/p>\n<p><strong>Batik Tischl\u00e4ufer aus Simbabwe (Sadza Table Runner)<\/strong><\/p>\n<p>Batik Tischl\u00e4ufer aus Simbabwe sind auch bekannt als Sadza Tuch. Die sch\u00f6nsten bunten Stoffe werden mit Tiermotiven wie Zebra, Giraffe, Elefant und Perlhuhn auf Ethno-Hintergrund bemalt. Die wundersch\u00f6nen Tischl\u00e4ufer zaubern ein Afrika Flair auf jeden Tisch.<\/p>\n<p>Die Kunst der Batik wurde von Missionaren aus S\u00fcdost-Asien nach Simbabwe gebracht. Die Menschen vom Stamm der Shona sind wahre K\u00fcnstler der Batik und haben grossen Erfolg mit diesen Produkten. Die Shona verwenden anstelle von Wachs, Maismehl (Sadza).<\/p>\n<p>Jedes St\u00fcck ist ein Unikat und kunstvoll handgefertigt. Reinigung mit Handw\u00e4sche bei 30 Grad und b\u00fcgeln von links.<\/p>\n","protected":false},"excerpt":{"rendered":"<p>L 140cm B 50cm<\/p>\n","protected":false},"featured_media":4856,"comment_status":"closed","ping_status":"closed","template":"","meta":{"ngg_post_thumbnail":0},"product_brand":[],"product_cat":[105],"product_tag":[],"class_list":{"0":"post-4855","1":"product","2":"type-product","3":"status-publish","4":"has-post-thumbnail","6":"product_cat-afrikanische_stoffe","8":"first","9":"instock","10":"shipping-taxable","11":"purchasable","12":"product-type-simple"},"yoast_head":"<!-- This site is optimized with the Yoast SEO plugin v27.2 - https:\/\/yoast.com\/product\/yoast-seo-wordpress\/ -->\n<title>Batik Tischl\u00e4ufer - Giraffenpaar - BaKu Trading GmbH<\/title>\n<meta name=\"description\" content=\"Batik Tischl\u00e4ufer aus Simbabwe sind auch bekannt als Sadza Tuch. Die wundersch\u00f6nen, handgefertigen Tischl\u00e4ufer zaubern ein Afrika Flair auf jeden Tisch.\" \/>\n<meta name=\"robots\" content=\"index, follow, max-snippet:-1, max-image-preview:large, max-video-preview:-1\" \/>\n<link rel=\"canonical\" href=\"http:\/\/www.bakutrading.ch\/n\/produkt\/tischlaeufer-mit-sujet-giraffen\/\" \/>\n<meta property=\"og:locale\" content=\"de_DE\" \/>\n<meta property=\"og:type\" content=\"article\" \/>\n<meta property=\"og:title\" content=\"Batik Tischl\u00e4ufer - Giraffenpaar - BaKu Trading GmbH\" \/>\n<meta property=\"og:description\" content=\"Batik Tischl\u00e4ufer aus Simbabwe sind auch bekannt als Sadza Tuch. Die wundersch\u00f6nen, handgefertigen Tischl\u00e4ufer zaubern ein Afrika Flair auf jeden Tisch.\" \/>\n<meta property=\"og:url\" content=\"http:\/\/www.bakutrading.ch\/n\/produkt\/tischlaeufer-mit-sujet-giraffen\/\" \/>\n<meta property=\"og:site_name\" content=\"BaKu Trading GmbH\" \/>\n<meta property=\"article:modified_time\" content=\"2018-10-02T17:08:27+00:00\" \/>\n<meta property=\"og:image\" content=\"http:\/\/www.bakutrading.ch\/n\/wp-content\/uploads\/2014\/10\/M2_18a-768x1024.jpg\" \/>\n\t<meta property=\"og:image:width\" content=\"768\" \/>\n\t<meta property=\"og:image:height\" content=\"1024\" \/>\n\t<meta property=\"og:image:type\" content=\"image\/jpeg\" \/>\n<meta name=\"twitter:label1\" content=\"Gesch\u00e4tzte Lesezeit\" \/>\n\t<meta name=\"twitter:data1\" content=\"1\u00a0Minute\" \/>\n<script type=\"application\/ld+json\" class=\"yoast-schema-graph\">{\"@context\":\"https:\/\/schema.org\",\"@graph\":[{\"@type\":\"WebPage\",\"@id\":\"http:\/\/www.bakutrading.ch\/n\/produkt\/tischlaeufer-mit-sujet-giraffen\/\",\"url\":\"http:\/\/www.bakutrading.ch\/n\/produkt\/tischlaeufer-mit-sujet-giraffen\/\",\"name\":\"Batik Tischl\u00e4ufer - Giraffenpaar - BaKu Trading GmbH\",\"isPartOf\":{\"@id\":\"http:\/\/www.bakutrading.ch\/n\/#website\"},\"primaryImageOfPage\":{\"@id\":\"http:\/\/www.bakutrading.ch\/n\/produkt\/tischlaeufer-mit-sujet-giraffen\/#primaryimage\"},\"image\":{\"@id\":\"http:\/\/www.bakutrading.ch\/n\/produkt\/tischlaeufer-mit-sujet-giraffen\/#primaryimage\"},\"thumbnailUrl\":\"http:\/\/www.bakutrading.ch\/n\/wp-content\/uploads\/2014\/10\/M2_18a.jpg\",\"datePublished\":\"2014-10-15T02:58:10+00:00\",\"dateModified\":\"2018-10-02T17:08:27+00:00\",\"description\":\"Batik Tischl\u00e4ufer aus Simbabwe sind auch bekannt als Sadza Tuch. Die wundersch\u00f6nen, handgefertigen Tischl\u00e4ufer zaubern ein Afrika Flair auf jeden Tisch.\",\"breadcrumb\":{\"@id\":\"http:\/\/www.bakutrading.ch\/n\/produkt\/tischlaeufer-mit-sujet-giraffen\/#breadcrumb\"},\"inLanguage\":\"de\",\"potentialAction\":[{\"@type\":\"ReadAction\",\"target\":[\"http:\/\/www.bakutrading.ch\/n\/produkt\/tischlaeufer-mit-sujet-giraffen\/\"]}]},{\"@type\":\"ImageObject\",\"inLanguage\":\"de\",\"@id\":\"http:\/\/www.bakutrading.ch\/n\/produkt\/tischlaeufer-mit-sujet-giraffen\/#primaryimage\",\"url\":\"http:\/\/www.bakutrading.ch\/n\/wp-content\/uploads\/2014\/10\/M2_18a.jpg\",\"contentUrl\":\"http:\/\/www.bakutrading.ch\/n\/wp-content\/uploads\/2014\/10\/M2_18a.jpg\",\"width\":3240,\"height\":4320},{\"@type\":\"BreadcrumbList\",\"@id\":\"http:\/\/www.bakutrading.ch\/n\/produkt\/tischlaeufer-mit-sujet-giraffen\/#breadcrumb\",\"itemListElement\":[{\"@type\":\"ListItem\",\"position\":1,\"name\":\"Startseite\",\"item\":\"http:\/\/www.bakutrading.ch\/n\/\"},{\"@type\":\"ListItem\",\"position\":2,\"name\":\"Shop\",\"item\":\"http:\/\/www.bakutrading.ch\/n\/shop\/\"},{\"@type\":\"ListItem\",\"position\":3,\"name\":\"Batik Tischl\u00e4ufer &#8211; Giraffenpaar\"}]},{\"@type\":\"WebSite\",\"@id\":\"http:\/\/www.bakutrading.ch\/n\/#website\",\"url\":\"http:\/\/www.bakutrading.ch\/n\/\",\"name\":\"BaKu Trading GmbH\",\"description\":\"BaKu Trading GmbH\",\"potentialAction\":[{\"@type\":\"SearchAction\",\"target\":{\"@type\":\"EntryPoint\",\"urlTemplate\":\"http:\/\/www.bakutrading.ch\/n\/?s={search_term_string}\"},\"query-input\":{\"@type\":\"PropertyValueSpecification\",\"valueRequired\":true,\"valueName\":\"search_term_string\"}}],\"inLanguage\":\"de\"}]}<\/script>\n<!-- \/ Yoast SEO plugin. -->","yoast_head_json":{"title":"Batik Tischl\u00e4ufer - Giraffenpaar - BaKu Trading GmbH","description":"Batik Tischl\u00e4ufer aus Simbabwe sind auch bekannt als Sadza Tuch. Die wundersch\u00f6nen, handgefertigen Tischl\u00e4ufer zaubern ein Afrika Flair auf jeden Tisch.","robots":{"index":"index","follow":"follow","max-snippet":"max-snippet:-1","max-image-preview":"max-image-preview:large","max-video-preview":"max-video-preview:-1"},"canonical":"http:\/\/www.bakutrading.ch\/n\/produkt\/tischlaeufer-mit-sujet-giraffen\/","og_locale":"de_DE","og_type":"article","og_title":"Batik Tischl\u00e4ufer - Giraffenpaar - BaKu Trading GmbH","og_description":"Batik Tischl\u00e4ufer aus Simbabwe sind auch bekannt als Sadza Tuch. Die wundersch\u00f6nen, handgefertigen Tischl\u00e4ufer zaubern ein Afrika Flair auf jeden Tisch.","og_url":"http:\/\/www.bakutrading.ch\/n\/produkt\/tischlaeufer-mit-sujet-giraffen\/","og_site_name":"BaKu Trading GmbH","article_modified_time":"2018-10-02T17:08:27+00:00","og_image":[{"width":768,"height":1024,"url":"http:\/\/www.bakutrading.ch\/n\/wp-content\/uploads\/2014\/10\/M2_18a-768x1024.jpg","type":"image\/jpeg"}],"twitter_misc":{"Gesch\u00e4tzte Lesezeit":"1\u00a0Minute"},"schema":{"@context":"https:\/\/schema.org","@graph":[{"@type":"WebPage","@id":"http:\/\/www.bakutrading.ch\/n\/produkt\/tischlaeufer-mit-sujet-giraffen\/","url":"http:\/\/www.bakutrading.ch\/n\/produkt\/tischlaeufer-mit-sujet-giraffen\/","name":"Batik Tischl\u00e4ufer - Giraffenpaar - BaKu Trading GmbH","isPartOf":{"@id":"http:\/\/www.bakutrading.ch\/n\/#website"},"primaryImageOfPage":{"@id":"http:\/\/www.bakutrading.ch\/n\/produkt\/tischlaeufer-mit-sujet-giraffen\/#primaryimage"},"image":{"@id":"http:\/\/www.bakutrading.ch\/n\/produkt\/tischlaeufer-mit-sujet-giraffen\/#primaryimage"},"thumbnailUrl":"http:\/\/www.bakutrading.ch\/n\/wp-content\/uploads\/2014\/10\/M2_18a.jpg","datePublished":"2014-10-15T02:58:10+00:00","dateModified":"2018-10-02T17:08:27+00:00","description":"Batik Tischl\u00e4ufer aus Simbabwe sind auch bekannt als Sadza Tuch. Die wundersch\u00f6nen, handgefertigen Tischl\u00e4ufer zaubern ein Afrika Flair auf jeden Tisch.","breadcrumb":{"@id":"http:\/\/www.bakutrading.ch\/n\/produkt\/tischlaeufer-mit-sujet-giraffen\/#breadcrumb"},"inLanguage":"de","potentialAction":[{"@type":"ReadAction","target":["http:\/\/www.bakutrading.ch\/n\/produkt\/tischlaeufer-mit-sujet-giraffen\/"]}]},{"@type":"ImageObject","inLanguage":"de","@id":"http:\/\/www.bakutrading.ch\/n\/produkt\/tischlaeufer-mit-sujet-giraffen\/#primaryimage","url":"http:\/\/www.bakutrading.ch\/n\/wp-content\/uploads\/2014\/10\/M2_18a.jpg","contentUrl":"http:\/\/www.bakutrading.ch\/n\/wp-content\/uploads\/2014\/10\/M2_18a.jpg","width":3240,"height":4320},{"@type":"BreadcrumbList","@id":"http:\/\/www.bakutrading.ch\/n\/produkt\/tischlaeufer-mit-sujet-giraffen\/#breadcrumb","itemListElement":[{"@type":"ListItem","position":1,"name":"Startseite","item":"http:\/\/www.bakutrading.ch\/n\/"},{"@type":"ListItem","position":2,"name":"Shop","item":"http:\/\/www.bakutrading.ch\/n\/shop\/"},{"@type":"ListItem","position":3,"name":"Batik Tischl\u00e4ufer &#8211; Giraffenpaar"}]},{"@type":"WebSite","@id":"http:\/\/www.bakutrading.ch\/n\/#website","url":"http:\/\/www.bakutrading.ch\/n\/","name":"BaKu Trading GmbH","description":"BaKu Trading GmbH","potentialAction":[{"@type":"SearchAction","target":{"@type":"EntryPoint","urlTemplate":"http:\/\/www.bakutrading.ch\/n\/?s={search_term_string}"},"query-input":{"@type":"PropertyValueSpecification","valueRequired":true,"valueName":"search_term_string"}}],"inLanguage":"de"}]}},"_links":{"self":[{"href":"http:\/\/www.bakutrading.ch\/n\/wp-json\/wp\/v2\/product\/4855","targetHints":{"allow":["GET"]}}],"collection":[{"href":"http:\/\/www.bakutrading.ch\/n\/wp-json\/wp\/v2\/product"}],"about":[{"href":"http:\/\/www.bakutrading.ch\/n\/wp-json\/wp\/v2\/types\/product"}],"replies":[{"embeddable":true,"href":"http:\/\/www.bakutrading.ch\/n\/wp-json\/wp\/v2\/comments?post=4855"}],"wp:featuredmedia":[{"embeddable":true,"href":"http:\/\/www.bakutrading.ch\/n\/wp-json\/wp\/v2\/media\/4856"}],"wp:attachment":[{"href":"http:\/\/www.bakutrading.ch\/n\/wp-json\/wp\/v2\/media?parent=4855"}],"wp:term":[{"taxonomy":"product_brand","embeddable":true,"href":"http:\/\/www.bakutrading.ch\/n\/wp-json\/wp\/v2\/product_brand?post=4855"},{"taxonomy":"product_cat","embeddable":true,"href":"http:\/\/www.bakutrading.ch\/n\/wp-json\/wp\/v2\/product_cat?post=4855"},{"taxonomy":"product_tag","embeddable":true,"href":"http:\/\/www.bakutrading.ch\/n\/wp-json\/wp\/v2\/product_tag?post=4855"}],"curies":[{"name":"wp","href":"https:\/\/api.w.org\/{rel}","templated":true}]}}