{"id":4979,"date":"2014-10-15T09:01:33","date_gmt":"2014-10-15T09:01:33","guid":{"rendered":"http:\/\/www.bakutrading.ch\/n\/?post_type=product&#038;p=4979"},"modified":"2023-12-14T16:19:12","modified_gmt":"2023-12-14T16:19:12","slug":"afrikanische-perlenpuppe-3","status":"publish","type":"product","link":"http:\/\/www.bakutrading.ch\/n\/produkt\/afrikanische-perlenpuppe-3\/","title":{"rendered":"Afrikanische Perlen Puppe weiss"},"content":{"rendered":"<p>Wundersch\u00f6ne Handarbeit aus Edelholz, kleinsten Perlen und Kaurimuscheln.<\/p>\n<p>Herkunftsland: Kamerun<\/p>\n<p>Unikat<\/p>\n<p>&nbsp;<\/p>\n<p><strong>Afrikanische Perlen Puppe (Beadet Dolls)<\/strong><\/p>\n<p>Das Namji Volk aus der Nordwest Region von Kamerun ist ber\u00fchmt f\u00fcr\u00a0seine Holzpuppen. Sie sind handgeschnitzt aus Edelholz, geschm\u00fcckt mit zahlreichen bunten Perlen, verziert mit Kaurimuscheln als Bauch und Halsschmuck.<\/p>\n<p>Die Fruchtbarkeitspuppe hilft dem jungen Namji M\u00e4dchen sich f\u00fcr die Rolle als zuk\u00fcnftige Mutter vorzubereiten. Puppen aus Afrika stehen meist f\u00fcr einen Kinderwunsch. Oftmals werden diese sogar von kinderlosen Frauen auf dem R\u00fccken getragen, um dem Wunsch auf Nachwuchs mehr Ausdruck zu verleihen.<\/p>\n<p>Dank der grazi\u00f6sen Gestalt und dem lieblichen Ausdruck, verleiht diese Perlen Puppe jedem Raum das unverwechselbare afrikanische Flair.<\/p>\n<p>&nbsp;<\/p>\n","protected":false},"excerpt":{"rendered":"<p>B 15cm H 55cm<\/p>\n","protected":false},"featured_media":4980,"comment_status":"closed","ping_status":"closed","template":"","meta":{"ngg_post_thumbnail":0},"product_brand":[],"product_cat":[106],"product_tag":[],"class_list":{"0":"post-4979","1":"product","2":"type-product","3":"status-publish","4":"has-post-thumbnail","6":"product_cat-afrikanische_holzfiguren","8":"first","9":"outofstock","10":"shipping-taxable","11":"purchasable","12":"product-type-simple"},"yoast_head":"<!-- This site is optimized with the Yoast SEO plugin v27.2 - https:\/\/yoast.com\/product\/yoast-seo-wordpress\/ -->\n<title>Afrikanische Perlen Puppe weiss - BaKu Trading GmbH<\/title>\n<meta name=\"description\" content=\"Die afrikanische Perlen Puppe ist handgeschnitzt aus Edelholz, geschm\u00fcckt mit zahlreichen bunten Perlen, mit Kaurimuscheln am Bauch und als Halsschmuck.\" \/>\n<meta name=\"robots\" content=\"index, follow, max-snippet:-1, max-image-preview:large, max-video-preview:-1\" \/>\n<link rel=\"canonical\" href=\"http:\/\/www.bakutrading.ch\/n\/produkt\/afrikanische-perlenpuppe-3\/\" \/>\n<meta property=\"og:locale\" content=\"de_DE\" \/>\n<meta property=\"og:type\" content=\"article\" \/>\n<meta property=\"og:title\" content=\"Afrikanische Perlen Puppe weiss - BaKu Trading GmbH\" \/>\n<meta property=\"og:description\" content=\"Die afrikanische Perlen Puppe ist handgeschnitzt aus Edelholz, geschm\u00fcckt mit zahlreichen bunten Perlen, mit Kaurimuscheln am Bauch und als Halsschmuck.\" \/>\n<meta property=\"og:url\" content=\"http:\/\/www.bakutrading.ch\/n\/produkt\/afrikanische-perlenpuppe-3\/\" \/>\n<meta property=\"og:site_name\" content=\"BaKu Trading GmbH\" \/>\n<meta property=\"article:modified_time\" content=\"2023-12-14T16:19:12+00:00\" \/>\n<meta property=\"og:image\" content=\"http:\/\/www.bakutrading.ch\/n\/wp-content\/uploads\/2014\/10\/H1_3a-768x1024.jpg\" \/>\n\t<meta property=\"og:image:width\" content=\"768\" \/>\n\t<meta property=\"og:image:height\" content=\"1024\" \/>\n\t<meta property=\"og:image:type\" content=\"image\/jpeg\" \/>\n<meta name=\"twitter:label1\" content=\"Gesch\u00e4tzte Lesezeit\" \/>\n\t<meta name=\"twitter:data1\" content=\"1\u00a0Minute\" \/>\n<script type=\"application\/ld+json\" class=\"yoast-schema-graph\">{\"@context\":\"https:\/\/schema.org\",\"@graph\":[{\"@type\":\"WebPage\",\"@id\":\"http:\/\/www.bakutrading.ch\/n\/produkt\/afrikanische-perlenpuppe-3\/\",\"url\":\"http:\/\/www.bakutrading.ch\/n\/produkt\/afrikanische-perlenpuppe-3\/\",\"name\":\"Afrikanische Perlen Puppe weiss - BaKu Trading GmbH\",\"isPartOf\":{\"@id\":\"https:\/\/www.bakutrading.ch\/n\/#website\"},\"primaryImageOfPage\":{\"@id\":\"http:\/\/www.bakutrading.ch\/n\/produkt\/afrikanische-perlenpuppe-3\/#primaryimage\"},\"image\":{\"@id\":\"http:\/\/www.bakutrading.ch\/n\/produkt\/afrikanische-perlenpuppe-3\/#primaryimage\"},\"thumbnailUrl\":\"http:\/\/www.bakutrading.ch\/n\/wp-content\/uploads\/2014\/10\/H1_3a.jpg\",\"datePublished\":\"2014-10-15T09:01:33+00:00\",\"dateModified\":\"2023-12-14T16:19:12+00:00\",\"description\":\"Die afrikanische Perlen Puppe ist handgeschnitzt aus Edelholz, geschm\u00fcckt mit zahlreichen bunten Perlen, mit Kaurimuscheln am Bauch und als Halsschmuck.\",\"breadcrumb\":{\"@id\":\"http:\/\/www.bakutrading.ch\/n\/produkt\/afrikanische-perlenpuppe-3\/#breadcrumb\"},\"inLanguage\":\"de\",\"potentialAction\":[{\"@type\":\"ReadAction\",\"target\":[\"http:\/\/www.bakutrading.ch\/n\/produkt\/afrikanische-perlenpuppe-3\/\"]}]},{\"@type\":\"ImageObject\",\"inLanguage\":\"de\",\"@id\":\"http:\/\/www.bakutrading.ch\/n\/produkt\/afrikanische-perlenpuppe-3\/#primaryimage\",\"url\":\"http:\/\/www.bakutrading.ch\/n\/wp-content\/uploads\/2014\/10\/H1_3a.jpg\",\"contentUrl\":\"http:\/\/www.bakutrading.ch\/n\/wp-content\/uploads\/2014\/10\/H1_3a.jpg\",\"width\":3240,\"height\":4320},{\"@type\":\"BreadcrumbList\",\"@id\":\"http:\/\/www.bakutrading.ch\/n\/produkt\/afrikanische-perlenpuppe-3\/#breadcrumb\",\"itemListElement\":[{\"@type\":\"ListItem\",\"position\":1,\"name\":\"Startseite\",\"item\":\"http:\/\/www.bakutrading.ch\/n\/\"},{\"@type\":\"ListItem\",\"position\":2,\"name\":\"Shop\",\"item\":\"http:\/\/www.bakutrading.ch\/n\/shop\/\"},{\"@type\":\"ListItem\",\"position\":3,\"name\":\"Afrikanische Perlen Puppe weiss\"}]},{\"@type\":\"WebSite\",\"@id\":\"https:\/\/www.bakutrading.ch\/n\/#website\",\"url\":\"https:\/\/www.bakutrading.ch\/n\/\",\"name\":\"BaKu Trading GmbH\",\"description\":\"BaKu Trading GmbH\",\"potentialAction\":[{\"@type\":\"SearchAction\",\"target\":{\"@type\":\"EntryPoint\",\"urlTemplate\":\"https:\/\/www.bakutrading.ch\/n\/?s={search_term_string}\"},\"query-input\":{\"@type\":\"PropertyValueSpecification\",\"valueRequired\":true,\"valueName\":\"search_term_string\"}}],\"inLanguage\":\"de\"}]}<\/script>\n<!-- \/ Yoast SEO plugin. -->","yoast_head_json":{"title":"Afrikanische Perlen Puppe weiss - BaKu Trading GmbH","description":"Die afrikanische Perlen Puppe ist handgeschnitzt aus Edelholz, geschm\u00fcckt mit zahlreichen bunten Perlen, mit Kaurimuscheln am Bauch und als Halsschmuck.","robots":{"index":"index","follow":"follow","max-snippet":"max-snippet:-1","max-image-preview":"max-image-preview:large","max-video-preview":"max-video-preview:-1"},"canonical":"http:\/\/www.bakutrading.ch\/n\/produkt\/afrikanische-perlenpuppe-3\/","og_locale":"de_DE","og_type":"article","og_title":"Afrikanische Perlen Puppe weiss - BaKu Trading GmbH","og_description":"Die afrikanische Perlen Puppe ist handgeschnitzt aus Edelholz, geschm\u00fcckt mit zahlreichen bunten Perlen, mit Kaurimuscheln am Bauch und als Halsschmuck.","og_url":"http:\/\/www.bakutrading.ch\/n\/produkt\/afrikanische-perlenpuppe-3\/","og_site_name":"BaKu Trading GmbH","article_modified_time":"2023-12-14T16:19:12+00:00","og_image":[{"width":768,"height":1024,"url":"http:\/\/www.bakutrading.ch\/n\/wp-content\/uploads\/2014\/10\/H1_3a-768x1024.jpg","type":"image\/jpeg"}],"twitter_misc":{"Gesch\u00e4tzte Lesezeit":"1\u00a0Minute"},"schema":{"@context":"https:\/\/schema.org","@graph":[{"@type":"WebPage","@id":"http:\/\/www.bakutrading.ch\/n\/produkt\/afrikanische-perlenpuppe-3\/","url":"http:\/\/www.bakutrading.ch\/n\/produkt\/afrikanische-perlenpuppe-3\/","name":"Afrikanische Perlen Puppe weiss - BaKu Trading GmbH","isPartOf":{"@id":"https:\/\/www.bakutrading.ch\/n\/#website"},"primaryImageOfPage":{"@id":"http:\/\/www.bakutrading.ch\/n\/produkt\/afrikanische-perlenpuppe-3\/#primaryimage"},"image":{"@id":"http:\/\/www.bakutrading.ch\/n\/produkt\/afrikanische-perlenpuppe-3\/#primaryimage"},"thumbnailUrl":"http:\/\/www.bakutrading.ch\/n\/wp-content\/uploads\/2014\/10\/H1_3a.jpg","datePublished":"2014-10-15T09:01:33+00:00","dateModified":"2023-12-14T16:19:12+00:00","description":"Die afrikanische Perlen Puppe ist handgeschnitzt aus Edelholz, geschm\u00fcckt mit zahlreichen bunten Perlen, mit Kaurimuscheln am Bauch und als Halsschmuck.","breadcrumb":{"@id":"http:\/\/www.bakutrading.ch\/n\/produkt\/afrikanische-perlenpuppe-3\/#breadcrumb"},"inLanguage":"de","potentialAction":[{"@type":"ReadAction","target":["http:\/\/www.bakutrading.ch\/n\/produkt\/afrikanische-perlenpuppe-3\/"]}]},{"@type":"ImageObject","inLanguage":"de","@id":"http:\/\/www.bakutrading.ch\/n\/produkt\/afrikanische-perlenpuppe-3\/#primaryimage","url":"http:\/\/www.bakutrading.ch\/n\/wp-content\/uploads\/2014\/10\/H1_3a.jpg","contentUrl":"http:\/\/www.bakutrading.ch\/n\/wp-content\/uploads\/2014\/10\/H1_3a.jpg","width":3240,"height":4320},{"@type":"BreadcrumbList","@id":"http:\/\/www.bakutrading.ch\/n\/produkt\/afrikanische-perlenpuppe-3\/#breadcrumb","itemListElement":[{"@type":"ListItem","position":1,"name":"Startseite","item":"http:\/\/www.bakutrading.ch\/n\/"},{"@type":"ListItem","position":2,"name":"Shop","item":"http:\/\/www.bakutrading.ch\/n\/shop\/"},{"@type":"ListItem","position":3,"name":"Afrikanische Perlen Puppe weiss"}]},{"@type":"WebSite","@id":"https:\/\/www.bakutrading.ch\/n\/#website","url":"https:\/\/www.bakutrading.ch\/n\/","name":"BaKu Trading GmbH","description":"BaKu Trading GmbH","potentialAction":[{"@type":"SearchAction","target":{"@type":"EntryPoint","urlTemplate":"https:\/\/www.bakutrading.ch\/n\/?s={search_term_string}"},"query-input":{"@type":"PropertyValueSpecification","valueRequired":true,"valueName":"search_term_string"}}],"inLanguage":"de"}]}},"_links":{"self":[{"href":"http:\/\/www.bakutrading.ch\/n\/wp-json\/wp\/v2\/product\/4979","targetHints":{"allow":["GET"]}}],"collection":[{"href":"http:\/\/www.bakutrading.ch\/n\/wp-json\/wp\/v2\/product"}],"about":[{"href":"http:\/\/www.bakutrading.ch\/n\/wp-json\/wp\/v2\/types\/product"}],"replies":[{"embeddable":true,"href":"http:\/\/www.bakutrading.ch\/n\/wp-json\/wp\/v2\/comments?post=4979"}],"wp:featuredmedia":[{"embeddable":true,"href":"http:\/\/www.bakutrading.ch\/n\/wp-json\/wp\/v2\/media\/4980"}],"wp:attachment":[{"href":"http:\/\/www.bakutrading.ch\/n\/wp-json\/wp\/v2\/media?parent=4979"}],"wp:term":[{"taxonomy":"product_brand","embeddable":true,"href":"http:\/\/www.bakutrading.ch\/n\/wp-json\/wp\/v2\/product_brand?post=4979"},{"taxonomy":"product_cat","embeddable":true,"href":"http:\/\/www.bakutrading.ch\/n\/wp-json\/wp\/v2\/product_cat?post=4979"},{"taxonomy":"product_tag","embeddable":true,"href":"http:\/\/www.bakutrading.ch\/n\/wp-json\/wp\/v2\/product_tag?post=4979"}],"curies":[{"name":"wp","href":"https:\/\/api.w.org\/{rel}","templated":true}]}}