{"id":5259,"date":"2014-10-21T16:01:24","date_gmt":"2014-10-21T16:01:24","guid":{"rendered":"http:\/\/www.bakutrading.ch\/n\/?post_type=product&#038;p=5259"},"modified":"2021-12-19T11:02:12","modified_gmt":"2021-12-19T11:02:12","slug":"collier-beige","status":"publish","type":"product","link":"http:\/\/www.bakutrading.ch\/n\/produkt\/collier-beige\/","title":{"rendered":"Collier imposant"},"content":{"rendered":"<p>Material: Glasperlen, Perlmutt<\/p>\n<p>Herkunftsland: Namibia<\/p>\n<p>Handarbeit<\/p>\n<p>&nbsp;<\/p>\n<p><strong>Afrikanischer Schmuck<\/strong><\/p>\n<p>So bunt wie der Kontinent ist auch der Schmuck aus Afrika. Wundersch\u00f6ne Halsketten, Bracelets und Colliers werden in Handarbeit aus nat\u00fcrlichen Materialien wie Holz, Perlmutt und bunten Glasperlen hergestellt.<\/p>\n<p>Afrikanischer Schmuck passt zu jedem Look, f\u00fcr jedes Alter, ob sportlich oder\u00a0elegant, wie dieses Collier. Mit diesem Fantasieschmuck aus Afrika ziehen Sie die Blicke auf sich, er spiegelt die Lebenseinstellung der Menschen wieder, die ihn tragen. Die nat\u00fcrliche Sch\u00f6nheit und die leuchtenden Farben vom Schmuck aus Afrika faszinieren jeden Betrachter. Der afrikanische Schmuck vermittelt ein angenehmes Gef\u00fchl beim Tragen und l\u00f6st sogar ein bisschen Fernweh beim Betrachter aus.<\/p>\n<p>Unsere Produkte werden zusammen mit der Organisation NAMCRAFTS direkt von namibischen K\u00fcnstlern bezogen. Authentisches Kunsthandwerk aus lokalen Rohstoffen wiederspiegelt die einzigartige Kreativit\u00e4t dieser Schmuckk\u00fcnstler. Mit dem Kauf unserer Produkte tragen Sie zur nachhaltigen, sozialen und wirtschaftlichen Entwicklung des Landes bei.<\/p>\n<p>&nbsp;<\/p>\n","protected":false},"excerpt":{"rendered":"<p>L ca. 20cm<\/p>\n","protected":false},"featured_media":5260,"comment_status":"closed","ping_status":"closed","template":"","meta":{"ngg_post_thumbnail":0},"product_brand":[],"product_cat":[112,125,95],"product_tag":[],"class_list":{"0":"post-5259","1":"product","2":"type-product","3":"status-publish","4":"has-post-thumbnail","6":"product_cat-farbenpraechtig","7":"product_cat-alle-halsketten-afrikanischer_schmuck","8":"product_cat-afrikanischer_schmuck","10":"first","11":"outofstock","12":"shipping-taxable","13":"purchasable","14":"product-type-simple"},"yoast_head":"<!-- This site is optimized with the Yoast SEO plugin v27.2 - https:\/\/yoast.com\/product\/yoast-seo-wordpress\/ -->\n<title>Collier imposant - BaKu Trading GmbH<\/title>\n<meta name=\"description\" content=\"Bei uns finden Sie afrikanischer Schmuck so bunt wie der Kontinent, passend zu jedem Look, ob sportlich oder elegant, f\u00fcr jedes Alter, wie dieses Collier.\" \/>\n<meta name=\"robots\" content=\"index, follow, max-snippet:-1, max-image-preview:large, max-video-preview:-1\" \/>\n<link rel=\"canonical\" href=\"http:\/\/www.bakutrading.ch\/n\/produkt\/collier-beige\/\" \/>\n<meta property=\"og:locale\" content=\"de_DE\" \/>\n<meta property=\"og:type\" content=\"article\" \/>\n<meta property=\"og:title\" content=\"Collier imposant - BaKu Trading GmbH\" \/>\n<meta property=\"og:description\" content=\"Bei uns finden Sie afrikanischer Schmuck so bunt wie der Kontinent, passend zu jedem Look, ob sportlich oder elegant, f\u00fcr jedes Alter, wie dieses Collier.\" \/>\n<meta property=\"og:url\" content=\"http:\/\/www.bakutrading.ch\/n\/produkt\/collier-beige\/\" \/>\n<meta property=\"og:site_name\" content=\"BaKu Trading GmbH\" \/>\n<meta property=\"article:modified_time\" content=\"2021-12-19T11:02:12+00:00\" \/>\n<meta property=\"og:image\" content=\"http:\/\/www.bakutrading.ch\/n\/wp-content\/uploads\/2014\/10\/X2_14a-768x1024.jpg\" \/>\n\t<meta property=\"og:image:width\" content=\"768\" \/>\n\t<meta property=\"og:image:height\" content=\"1024\" \/>\n\t<meta property=\"og:image:type\" content=\"image\/jpeg\" \/>\n<meta name=\"twitter:label1\" content=\"Gesch\u00e4tzte Lesezeit\" \/>\n\t<meta name=\"twitter:data1\" content=\"1\u00a0Minute\" \/>\n<script type=\"application\/ld+json\" class=\"yoast-schema-graph\">{\"@context\":\"https:\/\/schema.org\",\"@graph\":[{\"@type\":\"WebPage\",\"@id\":\"http:\/\/www.bakutrading.ch\/n\/produkt\/collier-beige\/\",\"url\":\"http:\/\/www.bakutrading.ch\/n\/produkt\/collier-beige\/\",\"name\":\"Collier imposant - BaKu Trading GmbH\",\"isPartOf\":{\"@id\":\"http:\/\/www.bakutrading.ch\/n\/#website\"},\"primaryImageOfPage\":{\"@id\":\"http:\/\/www.bakutrading.ch\/n\/produkt\/collier-beige\/#primaryimage\"},\"image\":{\"@id\":\"http:\/\/www.bakutrading.ch\/n\/produkt\/collier-beige\/#primaryimage\"},\"thumbnailUrl\":\"http:\/\/www.bakutrading.ch\/n\/wp-content\/uploads\/2014\/10\/X2_14a.jpg\",\"datePublished\":\"2014-10-21T16:01:24+00:00\",\"dateModified\":\"2021-12-19T11:02:12+00:00\",\"description\":\"Bei uns finden Sie afrikanischer Schmuck so bunt wie der Kontinent, passend zu jedem Look, ob sportlich oder elegant, f\u00fcr jedes Alter, wie dieses Collier.\",\"breadcrumb\":{\"@id\":\"http:\/\/www.bakutrading.ch\/n\/produkt\/collier-beige\/#breadcrumb\"},\"inLanguage\":\"de\",\"potentialAction\":[{\"@type\":\"ReadAction\",\"target\":[\"http:\/\/www.bakutrading.ch\/n\/produkt\/collier-beige\/\"]}]},{\"@type\":\"ImageObject\",\"inLanguage\":\"de\",\"@id\":\"http:\/\/www.bakutrading.ch\/n\/produkt\/collier-beige\/#primaryimage\",\"url\":\"http:\/\/www.bakutrading.ch\/n\/wp-content\/uploads\/2014\/10\/X2_14a.jpg\",\"contentUrl\":\"http:\/\/www.bakutrading.ch\/n\/wp-content\/uploads\/2014\/10\/X2_14a.jpg\",\"width\":3672,\"height\":4896},{\"@type\":\"BreadcrumbList\",\"@id\":\"http:\/\/www.bakutrading.ch\/n\/produkt\/collier-beige\/#breadcrumb\",\"itemListElement\":[{\"@type\":\"ListItem\",\"position\":1,\"name\":\"Startseite\",\"item\":\"http:\/\/www.bakutrading.ch\/n\/\"},{\"@type\":\"ListItem\",\"position\":2,\"name\":\"Shop\",\"item\":\"http:\/\/www.bakutrading.ch\/n\/shop\/\"},{\"@type\":\"ListItem\",\"position\":3,\"name\":\"Collier imposant\"}]},{\"@type\":\"WebSite\",\"@id\":\"http:\/\/www.bakutrading.ch\/n\/#website\",\"url\":\"http:\/\/www.bakutrading.ch\/n\/\",\"name\":\"BaKu Trading GmbH\",\"description\":\"BaKu Trading GmbH\",\"potentialAction\":[{\"@type\":\"SearchAction\",\"target\":{\"@type\":\"EntryPoint\",\"urlTemplate\":\"http:\/\/www.bakutrading.ch\/n\/?s={search_term_string}\"},\"query-input\":{\"@type\":\"PropertyValueSpecification\",\"valueRequired\":true,\"valueName\":\"search_term_string\"}}],\"inLanguage\":\"de\"}]}<\/script>\n<!-- \/ Yoast SEO plugin. -->","yoast_head_json":{"title":"Collier imposant - BaKu Trading GmbH","description":"Bei uns finden Sie afrikanischer Schmuck so bunt wie der Kontinent, passend zu jedem Look, ob sportlich oder elegant, f\u00fcr jedes Alter, wie dieses Collier.","robots":{"index":"index","follow":"follow","max-snippet":"max-snippet:-1","max-image-preview":"max-image-preview:large","max-video-preview":"max-video-preview:-1"},"canonical":"http:\/\/www.bakutrading.ch\/n\/produkt\/collier-beige\/","og_locale":"de_DE","og_type":"article","og_title":"Collier imposant - BaKu Trading GmbH","og_description":"Bei uns finden Sie afrikanischer Schmuck so bunt wie der Kontinent, passend zu jedem Look, ob sportlich oder elegant, f\u00fcr jedes Alter, wie dieses Collier.","og_url":"http:\/\/www.bakutrading.ch\/n\/produkt\/collier-beige\/","og_site_name":"BaKu Trading GmbH","article_modified_time":"2021-12-19T11:02:12+00:00","og_image":[{"width":768,"height":1024,"url":"http:\/\/www.bakutrading.ch\/n\/wp-content\/uploads\/2014\/10\/X2_14a-768x1024.jpg","type":"image\/jpeg"}],"twitter_misc":{"Gesch\u00e4tzte Lesezeit":"1\u00a0Minute"},"schema":{"@context":"https:\/\/schema.org","@graph":[{"@type":"WebPage","@id":"http:\/\/www.bakutrading.ch\/n\/produkt\/collier-beige\/","url":"http:\/\/www.bakutrading.ch\/n\/produkt\/collier-beige\/","name":"Collier imposant - BaKu Trading GmbH","isPartOf":{"@id":"http:\/\/www.bakutrading.ch\/n\/#website"},"primaryImageOfPage":{"@id":"http:\/\/www.bakutrading.ch\/n\/produkt\/collier-beige\/#primaryimage"},"image":{"@id":"http:\/\/www.bakutrading.ch\/n\/produkt\/collier-beige\/#primaryimage"},"thumbnailUrl":"http:\/\/www.bakutrading.ch\/n\/wp-content\/uploads\/2014\/10\/X2_14a.jpg","datePublished":"2014-10-21T16:01:24+00:00","dateModified":"2021-12-19T11:02:12+00:00","description":"Bei uns finden Sie afrikanischer Schmuck so bunt wie der Kontinent, passend zu jedem Look, ob sportlich oder elegant, f\u00fcr jedes Alter, wie dieses Collier.","breadcrumb":{"@id":"http:\/\/www.bakutrading.ch\/n\/produkt\/collier-beige\/#breadcrumb"},"inLanguage":"de","potentialAction":[{"@type":"ReadAction","target":["http:\/\/www.bakutrading.ch\/n\/produkt\/collier-beige\/"]}]},{"@type":"ImageObject","inLanguage":"de","@id":"http:\/\/www.bakutrading.ch\/n\/produkt\/collier-beige\/#primaryimage","url":"http:\/\/www.bakutrading.ch\/n\/wp-content\/uploads\/2014\/10\/X2_14a.jpg","contentUrl":"http:\/\/www.bakutrading.ch\/n\/wp-content\/uploads\/2014\/10\/X2_14a.jpg","width":3672,"height":4896},{"@type":"BreadcrumbList","@id":"http:\/\/www.bakutrading.ch\/n\/produkt\/collier-beige\/#breadcrumb","itemListElement":[{"@type":"ListItem","position":1,"name":"Startseite","item":"http:\/\/www.bakutrading.ch\/n\/"},{"@type":"ListItem","position":2,"name":"Shop","item":"http:\/\/www.bakutrading.ch\/n\/shop\/"},{"@type":"ListItem","position":3,"name":"Collier imposant"}]},{"@type":"WebSite","@id":"http:\/\/www.bakutrading.ch\/n\/#website","url":"http:\/\/www.bakutrading.ch\/n\/","name":"BaKu Trading GmbH","description":"BaKu Trading GmbH","potentialAction":[{"@type":"SearchAction","target":{"@type":"EntryPoint","urlTemplate":"http:\/\/www.bakutrading.ch\/n\/?s={search_term_string}"},"query-input":{"@type":"PropertyValueSpecification","valueRequired":true,"valueName":"search_term_string"}}],"inLanguage":"de"}]}},"_links":{"self":[{"href":"http:\/\/www.bakutrading.ch\/n\/wp-json\/wp\/v2\/product\/5259","targetHints":{"allow":["GET"]}}],"collection":[{"href":"http:\/\/www.bakutrading.ch\/n\/wp-json\/wp\/v2\/product"}],"about":[{"href":"http:\/\/www.bakutrading.ch\/n\/wp-json\/wp\/v2\/types\/product"}],"replies":[{"embeddable":true,"href":"http:\/\/www.bakutrading.ch\/n\/wp-json\/wp\/v2\/comments?post=5259"}],"wp:featuredmedia":[{"embeddable":true,"href":"http:\/\/www.bakutrading.ch\/n\/wp-json\/wp\/v2\/media\/5260"}],"wp:attachment":[{"href":"http:\/\/www.bakutrading.ch\/n\/wp-json\/wp\/v2\/media?parent=5259"}],"wp:term":[{"taxonomy":"product_brand","embeddable":true,"href":"http:\/\/www.bakutrading.ch\/n\/wp-json\/wp\/v2\/product_brand?post=5259"},{"taxonomy":"product_cat","embeddable":true,"href":"http:\/\/www.bakutrading.ch\/n\/wp-json\/wp\/v2\/product_cat?post=5259"},{"taxonomy":"product_tag","embeddable":true,"href":"http:\/\/www.bakutrading.ch\/n\/wp-json\/wp\/v2\/product_tag?post=5259"}],"curies":[{"name":"wp","href":"https:\/\/api.w.org\/{rel}","templated":true}]}}