{"id":7854,"date":"2016-04-15T14:23:46","date_gmt":"2016-04-15T14:23:46","guid":{"rendered":"http:\/\/www.bakutrading.ch\/n\/?post_type=product&#038;p=7854"},"modified":"2022-05-01T17:15:15","modified_gmt":"2022-05-01T17:15:15","slug":"giraffen-extravagant-s","status":"publish","type":"product","link":"http:\/\/www.bakutrading.ch\/n\/produkt\/giraffen-extravagant-s\/","title":{"rendered":"Giraffen extravagant &#8211; S"},"content":{"rendered":"<p>Holz Typ: Edelholz<\/p>\n<p>Herkunftsland: Namibia und Simbabwe<\/p>\n<p>Alle Giraffen sind Unikate.<\/p>\n<p>Bei uns finden Sie Giraffen in allen Formen und Gr\u00f6ssen bis zu 2.40m.<\/p>\n<p><span style=\"color: #000000;\"><strong>Leichte Abweichungen in Farbe, Form und Gr\u00f6sse&nbsp;sind m\u00f6glich, da alle Giraffen handgearbeitete Einzelst\u00fccke sind.<\/strong><\/span><\/p>\n<p>&nbsp;<\/p>\n<p><strong>Holzgiraffen aus Namibia und Simbabwe<\/strong><\/p>\n<p>Diese echten afrikanischen, grazi\u00f6sen&nbsp;Holzgiraffen aus einem St\u00fcck Holz sind besonders hochwertig, was unter anderem daran erkannt werden kann, dass das FLECKENMUSTER in Handarbeit durch afrikanische K\u00fcnstler EINGESCHNITZT wurde.<\/p>\n<p>Nur die besten Schnitzer Namibias und Simbabwes bearbeiten die&nbsp;wertvollen lokalen H\u00f6lzer. Unter freiem Himmel fertigen sie mit traditionellem Werkzeug in Handarbeit die Kunstwerke. Der damit verbundene h\u00f6here Produktionsaufwand macht sich deutlich durch eine sch\u00f6nere Optik bezahlt.<\/p>\n<p>Wenn Sie sich eine wahre afrikanische Atmosph\u00e4re nach Hause holen wollen, sind genau diese Holzgiraffen das Richtige f\u00fcr Sie.<\/p>\n<p>&nbsp;<\/p>\n","protected":false},"excerpt":{"rendered":"<p>H 40cm<br \/>\nLeichte Abweichungen in Farbe, Form und Gr\u00f6sse&nbsp;sind m\u00f6glich, da alle Giraffen handgearbeitete Einzelst\u00fccke sind.<\/p>\n","protected":false},"featured_media":7857,"comment_status":"closed","ping_status":"closed","template":"","meta":{"ngg_post_thumbnail":0},"product_brand":[],"product_cat":[104],"product_tag":[],"class_list":{"0":"post-7854","1":"product","2":"type-product","3":"status-publish","4":"has-post-thumbnail","6":"product_cat-holzgiraffen","8":"first","9":"instock","10":"shipping-taxable","11":"purchasable","12":"product-type-simple"},"yoast_head":"<!-- This site is optimized with the Yoast SEO plugin v27.2 - https:\/\/yoast.com\/product\/yoast-seo-wordpress\/ -->\n<title>Giraffen extravagant - S - BaKu Trading GmbH<\/title>\n<meta name=\"description\" content=\"Giraffen finden Sie bei uns in allen Formen und Gr\u00f6ssen bis zu 2.40m. Die grazi\u00f6sen Giraffen aus Holz sind alles Unikate und entstehen aus einem St\u00fcck.\" \/>\n<meta name=\"robots\" content=\"index, follow, max-snippet:-1, max-image-preview:large, max-video-preview:-1\" \/>\n<link rel=\"canonical\" href=\"http:\/\/www.bakutrading.ch\/n\/produkt\/giraffen-extravagant-s\/\" \/>\n<meta property=\"og:locale\" content=\"de_DE\" \/>\n<meta property=\"og:type\" content=\"article\" \/>\n<meta property=\"og:title\" content=\"Giraffen extravagant - S - BaKu Trading GmbH\" \/>\n<meta property=\"og:description\" content=\"Giraffen finden Sie bei uns in allen Formen und Gr\u00f6ssen bis zu 2.40m. Die grazi\u00f6sen Giraffen aus Holz sind alles Unikate und entstehen aus einem St\u00fcck.\" \/>\n<meta property=\"og:url\" content=\"http:\/\/www.bakutrading.ch\/n\/produkt\/giraffen-extravagant-s\/\" \/>\n<meta property=\"og:site_name\" content=\"BaKu Trading GmbH\" \/>\n<meta property=\"article:modified_time\" content=\"2022-05-01T17:15:15+00:00\" \/>\n<meta property=\"og:image\" content=\"http:\/\/www.bakutrading.ch\/n\/wp-content\/uploads\/2016\/04\/M3_8b-768x1024.jpg\" \/>\n\t<meta property=\"og:image:width\" content=\"768\" \/>\n\t<meta property=\"og:image:height\" content=\"1024\" \/>\n\t<meta property=\"og:image:type\" content=\"image\/jpeg\" \/>\n<meta name=\"twitter:label1\" content=\"Gesch\u00e4tzte Lesezeit\" \/>\n\t<meta name=\"twitter:data1\" content=\"1\u00a0Minute\" \/>\n<script type=\"application\/ld+json\" class=\"yoast-schema-graph\">{\"@context\":\"https:\/\/schema.org\",\"@graph\":[{\"@type\":\"WebPage\",\"@id\":\"http:\/\/www.bakutrading.ch\/n\/produkt\/giraffen-extravagant-s\/\",\"url\":\"http:\/\/www.bakutrading.ch\/n\/produkt\/giraffen-extravagant-s\/\",\"name\":\"Giraffen extravagant - S - BaKu Trading GmbH\",\"isPartOf\":{\"@id\":\"https:\/\/www.bakutrading.ch\/n\/#website\"},\"primaryImageOfPage\":{\"@id\":\"http:\/\/www.bakutrading.ch\/n\/produkt\/giraffen-extravagant-s\/#primaryimage\"},\"image\":{\"@id\":\"http:\/\/www.bakutrading.ch\/n\/produkt\/giraffen-extravagant-s\/#primaryimage\"},\"thumbnailUrl\":\"http:\/\/www.bakutrading.ch\/n\/wp-content\/uploads\/2016\/04\/M3_8b.jpg\",\"datePublished\":\"2016-04-15T14:23:46+00:00\",\"dateModified\":\"2022-05-01T17:15:15+00:00\",\"description\":\"Giraffen finden Sie bei uns in allen Formen und Gr\u00f6ssen bis zu 2.40m. Die grazi\u00f6sen Giraffen aus Holz sind alles Unikate und entstehen aus einem St\u00fcck.\",\"breadcrumb\":{\"@id\":\"http:\/\/www.bakutrading.ch\/n\/produkt\/giraffen-extravagant-s\/#breadcrumb\"},\"inLanguage\":\"de\",\"potentialAction\":[{\"@type\":\"ReadAction\",\"target\":[\"http:\/\/www.bakutrading.ch\/n\/produkt\/giraffen-extravagant-s\/\"]}]},{\"@type\":\"ImageObject\",\"inLanguage\":\"de\",\"@id\":\"http:\/\/www.bakutrading.ch\/n\/produkt\/giraffen-extravagant-s\/#primaryimage\",\"url\":\"http:\/\/www.bakutrading.ch\/n\/wp-content\/uploads\/2016\/04\/M3_8b.jpg\",\"contentUrl\":\"http:\/\/www.bakutrading.ch\/n\/wp-content\/uploads\/2016\/04\/M3_8b.jpg\",\"width\":3672,\"height\":4896},{\"@type\":\"BreadcrumbList\",\"@id\":\"http:\/\/www.bakutrading.ch\/n\/produkt\/giraffen-extravagant-s\/#breadcrumb\",\"itemListElement\":[{\"@type\":\"ListItem\",\"position\":1,\"name\":\"Startseite\",\"item\":\"https:\/\/www.bakutrading.ch\/n\/\"},{\"@type\":\"ListItem\",\"position\":2,\"name\":\"Shop\",\"item\":\"http:\/\/www.bakutrading.ch\/n\/shop\/\"},{\"@type\":\"ListItem\",\"position\":3,\"name\":\"Giraffen extravagant &#8211; S\"}]},{\"@type\":\"WebSite\",\"@id\":\"https:\/\/www.bakutrading.ch\/n\/#website\",\"url\":\"https:\/\/www.bakutrading.ch\/n\/\",\"name\":\"BaKu Trading GmbH\",\"description\":\"BaKu Trading GmbH\",\"potentialAction\":[{\"@type\":\"SearchAction\",\"target\":{\"@type\":\"EntryPoint\",\"urlTemplate\":\"https:\/\/www.bakutrading.ch\/n\/?s={search_term_string}\"},\"query-input\":{\"@type\":\"PropertyValueSpecification\",\"valueRequired\":true,\"valueName\":\"search_term_string\"}}],\"inLanguage\":\"de\"}]}<\/script>\n<!-- \/ Yoast SEO plugin. -->","yoast_head_json":{"title":"Giraffen extravagant - S - BaKu Trading GmbH","description":"Giraffen finden Sie bei uns in allen Formen und Gr\u00f6ssen bis zu 2.40m. Die grazi\u00f6sen Giraffen aus Holz sind alles Unikate und entstehen aus einem St\u00fcck.","robots":{"index":"index","follow":"follow","max-snippet":"max-snippet:-1","max-image-preview":"max-image-preview:large","max-video-preview":"max-video-preview:-1"},"canonical":"http:\/\/www.bakutrading.ch\/n\/produkt\/giraffen-extravagant-s\/","og_locale":"de_DE","og_type":"article","og_title":"Giraffen extravagant - S - BaKu Trading GmbH","og_description":"Giraffen finden Sie bei uns in allen Formen und Gr\u00f6ssen bis zu 2.40m. Die grazi\u00f6sen Giraffen aus Holz sind alles Unikate und entstehen aus einem St\u00fcck.","og_url":"http:\/\/www.bakutrading.ch\/n\/produkt\/giraffen-extravagant-s\/","og_site_name":"BaKu Trading GmbH","article_modified_time":"2022-05-01T17:15:15+00:00","og_image":[{"width":768,"height":1024,"url":"http:\/\/www.bakutrading.ch\/n\/wp-content\/uploads\/2016\/04\/M3_8b-768x1024.jpg","type":"image\/jpeg"}],"twitter_misc":{"Gesch\u00e4tzte Lesezeit":"1\u00a0Minute"},"schema":{"@context":"https:\/\/schema.org","@graph":[{"@type":"WebPage","@id":"http:\/\/www.bakutrading.ch\/n\/produkt\/giraffen-extravagant-s\/","url":"http:\/\/www.bakutrading.ch\/n\/produkt\/giraffen-extravagant-s\/","name":"Giraffen extravagant - S - BaKu Trading GmbH","isPartOf":{"@id":"https:\/\/www.bakutrading.ch\/n\/#website"},"primaryImageOfPage":{"@id":"http:\/\/www.bakutrading.ch\/n\/produkt\/giraffen-extravagant-s\/#primaryimage"},"image":{"@id":"http:\/\/www.bakutrading.ch\/n\/produkt\/giraffen-extravagant-s\/#primaryimage"},"thumbnailUrl":"http:\/\/www.bakutrading.ch\/n\/wp-content\/uploads\/2016\/04\/M3_8b.jpg","datePublished":"2016-04-15T14:23:46+00:00","dateModified":"2022-05-01T17:15:15+00:00","description":"Giraffen finden Sie bei uns in allen Formen und Gr\u00f6ssen bis zu 2.40m. Die grazi\u00f6sen Giraffen aus Holz sind alles Unikate und entstehen aus einem St\u00fcck.","breadcrumb":{"@id":"http:\/\/www.bakutrading.ch\/n\/produkt\/giraffen-extravagant-s\/#breadcrumb"},"inLanguage":"de","potentialAction":[{"@type":"ReadAction","target":["http:\/\/www.bakutrading.ch\/n\/produkt\/giraffen-extravagant-s\/"]}]},{"@type":"ImageObject","inLanguage":"de","@id":"http:\/\/www.bakutrading.ch\/n\/produkt\/giraffen-extravagant-s\/#primaryimage","url":"http:\/\/www.bakutrading.ch\/n\/wp-content\/uploads\/2016\/04\/M3_8b.jpg","contentUrl":"http:\/\/www.bakutrading.ch\/n\/wp-content\/uploads\/2016\/04\/M3_8b.jpg","width":3672,"height":4896},{"@type":"BreadcrumbList","@id":"http:\/\/www.bakutrading.ch\/n\/produkt\/giraffen-extravagant-s\/#breadcrumb","itemListElement":[{"@type":"ListItem","position":1,"name":"Startseite","item":"https:\/\/www.bakutrading.ch\/n\/"},{"@type":"ListItem","position":2,"name":"Shop","item":"http:\/\/www.bakutrading.ch\/n\/shop\/"},{"@type":"ListItem","position":3,"name":"Giraffen extravagant &#8211; S"}]},{"@type":"WebSite","@id":"https:\/\/www.bakutrading.ch\/n\/#website","url":"https:\/\/www.bakutrading.ch\/n\/","name":"BaKu Trading GmbH","description":"BaKu Trading GmbH","potentialAction":[{"@type":"SearchAction","target":{"@type":"EntryPoint","urlTemplate":"https:\/\/www.bakutrading.ch\/n\/?s={search_term_string}"},"query-input":{"@type":"PropertyValueSpecification","valueRequired":true,"valueName":"search_term_string"}}],"inLanguage":"de"}]}},"_links":{"self":[{"href":"http:\/\/www.bakutrading.ch\/n\/wp-json\/wp\/v2\/product\/7854","targetHints":{"allow":["GET"]}}],"collection":[{"href":"http:\/\/www.bakutrading.ch\/n\/wp-json\/wp\/v2\/product"}],"about":[{"href":"http:\/\/www.bakutrading.ch\/n\/wp-json\/wp\/v2\/types\/product"}],"replies":[{"embeddable":true,"href":"http:\/\/www.bakutrading.ch\/n\/wp-json\/wp\/v2\/comments?post=7854"}],"wp:featuredmedia":[{"embeddable":true,"href":"http:\/\/www.bakutrading.ch\/n\/wp-json\/wp\/v2\/media\/7857"}],"wp:attachment":[{"href":"http:\/\/www.bakutrading.ch\/n\/wp-json\/wp\/v2\/media?parent=7854"}],"wp:term":[{"taxonomy":"product_brand","embeddable":true,"href":"http:\/\/www.bakutrading.ch\/n\/wp-json\/wp\/v2\/product_brand?post=7854"},{"taxonomy":"product_cat","embeddable":true,"href":"http:\/\/www.bakutrading.ch\/n\/wp-json\/wp\/v2\/product_cat?post=7854"},{"taxonomy":"product_tag","embeddable":true,"href":"http:\/\/www.bakutrading.ch\/n\/wp-json\/wp\/v2\/product_tag?post=7854"}],"curies":[{"name":"wp","href":"https:\/\/api.w.org\/{rel}","templated":true}]}}