{"id":8288,"date":"2016-06-13T13:13:44","date_gmt":"2016-06-13T13:13:44","guid":{"rendered":"http:\/\/www.bakutrading.ch\/n\/?post_type=product&#038;p=8288"},"modified":"2018-05-22T12:47:44","modified_gmt":"2018-05-22T12:47:44","slug":"luba-stammesmaske-2","status":"publish","type":"product","link":"http:\/\/www.bakutrading.ch\/n\/produkt\/luba-stammesmaske-2\/","title":{"rendered":"Luba &#8211; Stammesmaske"},"content":{"rendered":"<p>Herkunftsland: D.R.Kongo<\/p>\n<p>Handarbeit<\/p>\n<p>Unikat<\/p>\n<p>&nbsp;<\/p>\n<p><strong>LUBA Stammesmaske aus D.R.Kongo<\/strong><\/p>\n<p>Die Luba oder Baluba sind eine Bantu-Ethnie in Zentralafrika, haupts\u00e4chlich in den Regionen West- und Ostkasai und Katanga in der Demokratischen Rebublik Kongo.<\/p>\n<p>Ihre Sprache ist das Tschiluba (Chiluba) im Westen und Kiluba im Osten. Ihre Bev\u00f6lkerungszahl betr\u00e4gt etwa eine Million Menschen. Die Luba sind bekannte Holzschnitzer, die zeremonielle Masken und Symbole des K\u00f6nigtums herstellen.<\/p>\n<p>Eine andere Besonderheit der Luba war <em>Kibut<\/em>a (Hellseherei). Die <em>Bilumbu<\/em> waren spirituelle Medien, die sich in Trance versetzten und in die <em>Mboko<\/em> (heilige Beh\u00e4lter, K\u00f6rbe, Sch\u00fcsseln) blickten, um anhand der darin platzierten Ritualobjekte den Willen der Geister und G\u00f6tter zu deuten. Heute sind viele Luba Christen.<\/p>\n<p>Dank der nachtr\u00e4glich angebrachten Halterungen und Bodenplatten sind alle Masken selbstst\u00e4ndig aufrecht stehend. Die Halterungen k\u00f6nnen individuell der L\u00e4nge (25cm-150cm) angepasst oder\u00a0auch\u00a0jederzeit leicht entfernt werden.<\/p>\n","protected":false},"excerpt":{"rendered":"<p>mit St\u00e4nder &#8211; die L\u00e4nge, 25cm-150cm, kann individuell angepasst werden<br \/>\nB 22cm H 28cm<\/p>\n","protected":false},"featured_media":8289,"comment_status":"closed","ping_status":"closed","template":"","meta":{"ngg_post_thumbnail":0},"product_brand":[],"product_cat":[122],"product_tag":[],"class_list":{"0":"post-8288","1":"product","2":"type-product","3":"status-publish","4":"has-post-thumbnail","6":"product_cat-afrikanische-stammesmasken-und-schilder","8":"first","9":"instock","10":"shipping-taxable","11":"purchasable","12":"product-type-simple"},"yoast_head":"<!-- This site is optimized with the Yoast SEO plugin v27.2 - https:\/\/yoast.com\/product\/yoast-seo-wordpress\/ -->\n<title>Luba - Stammesmaske - BaKu Trading GmbH<\/title>\n<meta name=\"description\" content=\"Die Luba sind eine Bantu-Ethnie in Zentralafrika und bekannte Holzschnitzer. Spezielle Halterungen (L\u00e4nge ist variabel) lassen die Masken stehen.\" \/>\n<meta name=\"robots\" content=\"index, follow, max-snippet:-1, max-image-preview:large, max-video-preview:-1\" \/>\n<link rel=\"canonical\" href=\"http:\/\/www.bakutrading.ch\/n\/produkt\/luba-stammesmaske-2\/\" \/>\n<meta property=\"og:locale\" content=\"de_DE\" \/>\n<meta property=\"og:type\" content=\"article\" \/>\n<meta property=\"og:title\" content=\"Luba - Stammesmaske - BaKu Trading GmbH\" \/>\n<meta property=\"og:description\" content=\"Die Luba sind eine Bantu-Ethnie in Zentralafrika und bekannte Holzschnitzer. Spezielle Halterungen (L\u00e4nge ist variabel) lassen die Masken stehen.\" \/>\n<meta property=\"og:url\" content=\"http:\/\/www.bakutrading.ch\/n\/produkt\/luba-stammesmaske-2\/\" \/>\n<meta property=\"og:site_name\" content=\"BaKu Trading GmbH\" \/>\n<meta property=\"article:modified_time\" content=\"2018-05-22T12:47:44+00:00\" \/>\n<meta property=\"og:image\" content=\"http:\/\/www.bakutrading.ch\/n\/wp-content\/uploads\/2016\/06\/AE1_6a-768x1024.jpg\" \/>\n\t<meta property=\"og:image:width\" content=\"768\" \/>\n\t<meta property=\"og:image:height\" content=\"1024\" \/>\n\t<meta property=\"og:image:type\" content=\"image\/jpeg\" \/>\n<meta name=\"twitter:label1\" content=\"Gesch\u00e4tzte Lesezeit\" \/>\n\t<meta name=\"twitter:data1\" content=\"1\u00a0Minute\" \/>\n<script type=\"application\/ld+json\" class=\"yoast-schema-graph\">{\"@context\":\"https:\/\/schema.org\",\"@graph\":[{\"@type\":\"WebPage\",\"@id\":\"http:\/\/www.bakutrading.ch\/n\/produkt\/luba-stammesmaske-2\/\",\"url\":\"http:\/\/www.bakutrading.ch\/n\/produkt\/luba-stammesmaske-2\/\",\"name\":\"Luba - Stammesmaske - BaKu Trading GmbH\",\"isPartOf\":{\"@id\":\"https:\/\/www.bakutrading.ch\/n\/#website\"},\"primaryImageOfPage\":{\"@id\":\"http:\/\/www.bakutrading.ch\/n\/produkt\/luba-stammesmaske-2\/#primaryimage\"},\"image\":{\"@id\":\"http:\/\/www.bakutrading.ch\/n\/produkt\/luba-stammesmaske-2\/#primaryimage\"},\"thumbnailUrl\":\"http:\/\/www.bakutrading.ch\/n\/wp-content\/uploads\/2016\/06\/AE1_6a.jpg\",\"datePublished\":\"2016-06-13T13:13:44+00:00\",\"dateModified\":\"2018-05-22T12:47:44+00:00\",\"description\":\"Die Luba sind eine Bantu-Ethnie in Zentralafrika und bekannte Holzschnitzer. Spezielle Halterungen (L\u00e4nge ist variabel) lassen die Masken stehen.\",\"breadcrumb\":{\"@id\":\"http:\/\/www.bakutrading.ch\/n\/produkt\/luba-stammesmaske-2\/#breadcrumb\"},\"inLanguage\":\"de\",\"potentialAction\":[{\"@type\":\"ReadAction\",\"target\":[\"http:\/\/www.bakutrading.ch\/n\/produkt\/luba-stammesmaske-2\/\"]}]},{\"@type\":\"ImageObject\",\"inLanguage\":\"de\",\"@id\":\"http:\/\/www.bakutrading.ch\/n\/produkt\/luba-stammesmaske-2\/#primaryimage\",\"url\":\"http:\/\/www.bakutrading.ch\/n\/wp-content\/uploads\/2016\/06\/AE1_6a.jpg\",\"contentUrl\":\"http:\/\/www.bakutrading.ch\/n\/wp-content\/uploads\/2016\/06\/AE1_6a.jpg\",\"width\":3672,\"height\":4896},{\"@type\":\"BreadcrumbList\",\"@id\":\"http:\/\/www.bakutrading.ch\/n\/produkt\/luba-stammesmaske-2\/#breadcrumb\",\"itemListElement\":[{\"@type\":\"ListItem\",\"position\":1,\"name\":\"Startseite\",\"item\":\"https:\/\/www.bakutrading.ch\/n\/\"},{\"@type\":\"ListItem\",\"position\":2,\"name\":\"Shop\",\"item\":\"https:\/\/www.bakutrading.ch\/n\/shop\/\"},{\"@type\":\"ListItem\",\"position\":3,\"name\":\"Luba &#8211; Stammesmaske\"}]},{\"@type\":\"WebSite\",\"@id\":\"https:\/\/www.bakutrading.ch\/n\/#website\",\"url\":\"https:\/\/www.bakutrading.ch\/n\/\",\"name\":\"BaKu Trading GmbH\",\"description\":\"BaKu Trading GmbH\",\"potentialAction\":[{\"@type\":\"SearchAction\",\"target\":{\"@type\":\"EntryPoint\",\"urlTemplate\":\"https:\/\/www.bakutrading.ch\/n\/?s={search_term_string}\"},\"query-input\":{\"@type\":\"PropertyValueSpecification\",\"valueRequired\":true,\"valueName\":\"search_term_string\"}}],\"inLanguage\":\"de\"}]}<\/script>\n<!-- \/ Yoast SEO plugin. -->","yoast_head_json":{"title":"Luba - Stammesmaske - BaKu Trading GmbH","description":"Die Luba sind eine Bantu-Ethnie in Zentralafrika und bekannte Holzschnitzer. Spezielle Halterungen (L\u00e4nge ist variabel) lassen die Masken stehen.","robots":{"index":"index","follow":"follow","max-snippet":"max-snippet:-1","max-image-preview":"max-image-preview:large","max-video-preview":"max-video-preview:-1"},"canonical":"http:\/\/www.bakutrading.ch\/n\/produkt\/luba-stammesmaske-2\/","og_locale":"de_DE","og_type":"article","og_title":"Luba - Stammesmaske - BaKu Trading GmbH","og_description":"Die Luba sind eine Bantu-Ethnie in Zentralafrika und bekannte Holzschnitzer. Spezielle Halterungen (L\u00e4nge ist variabel) lassen die Masken stehen.","og_url":"http:\/\/www.bakutrading.ch\/n\/produkt\/luba-stammesmaske-2\/","og_site_name":"BaKu Trading GmbH","article_modified_time":"2018-05-22T12:47:44+00:00","og_image":[{"width":768,"height":1024,"url":"http:\/\/www.bakutrading.ch\/n\/wp-content\/uploads\/2016\/06\/AE1_6a-768x1024.jpg","type":"image\/jpeg"}],"twitter_misc":{"Gesch\u00e4tzte Lesezeit":"1\u00a0Minute"},"schema":{"@context":"https:\/\/schema.org","@graph":[{"@type":"WebPage","@id":"http:\/\/www.bakutrading.ch\/n\/produkt\/luba-stammesmaske-2\/","url":"http:\/\/www.bakutrading.ch\/n\/produkt\/luba-stammesmaske-2\/","name":"Luba - Stammesmaske - BaKu Trading GmbH","isPartOf":{"@id":"https:\/\/www.bakutrading.ch\/n\/#website"},"primaryImageOfPage":{"@id":"http:\/\/www.bakutrading.ch\/n\/produkt\/luba-stammesmaske-2\/#primaryimage"},"image":{"@id":"http:\/\/www.bakutrading.ch\/n\/produkt\/luba-stammesmaske-2\/#primaryimage"},"thumbnailUrl":"http:\/\/www.bakutrading.ch\/n\/wp-content\/uploads\/2016\/06\/AE1_6a.jpg","datePublished":"2016-06-13T13:13:44+00:00","dateModified":"2018-05-22T12:47:44+00:00","description":"Die Luba sind eine Bantu-Ethnie in Zentralafrika und bekannte Holzschnitzer. Spezielle Halterungen (L\u00e4nge ist variabel) lassen die Masken stehen.","breadcrumb":{"@id":"http:\/\/www.bakutrading.ch\/n\/produkt\/luba-stammesmaske-2\/#breadcrumb"},"inLanguage":"de","potentialAction":[{"@type":"ReadAction","target":["http:\/\/www.bakutrading.ch\/n\/produkt\/luba-stammesmaske-2\/"]}]},{"@type":"ImageObject","inLanguage":"de","@id":"http:\/\/www.bakutrading.ch\/n\/produkt\/luba-stammesmaske-2\/#primaryimage","url":"http:\/\/www.bakutrading.ch\/n\/wp-content\/uploads\/2016\/06\/AE1_6a.jpg","contentUrl":"http:\/\/www.bakutrading.ch\/n\/wp-content\/uploads\/2016\/06\/AE1_6a.jpg","width":3672,"height":4896},{"@type":"BreadcrumbList","@id":"http:\/\/www.bakutrading.ch\/n\/produkt\/luba-stammesmaske-2\/#breadcrumb","itemListElement":[{"@type":"ListItem","position":1,"name":"Startseite","item":"https:\/\/www.bakutrading.ch\/n\/"},{"@type":"ListItem","position":2,"name":"Shop","item":"https:\/\/www.bakutrading.ch\/n\/shop\/"},{"@type":"ListItem","position":3,"name":"Luba &#8211; Stammesmaske"}]},{"@type":"WebSite","@id":"https:\/\/www.bakutrading.ch\/n\/#website","url":"https:\/\/www.bakutrading.ch\/n\/","name":"BaKu Trading GmbH","description":"BaKu Trading GmbH","potentialAction":[{"@type":"SearchAction","target":{"@type":"EntryPoint","urlTemplate":"https:\/\/www.bakutrading.ch\/n\/?s={search_term_string}"},"query-input":{"@type":"PropertyValueSpecification","valueRequired":true,"valueName":"search_term_string"}}],"inLanguage":"de"}]}},"_links":{"self":[{"href":"http:\/\/www.bakutrading.ch\/n\/wp-json\/wp\/v2\/product\/8288","targetHints":{"allow":["GET"]}}],"collection":[{"href":"http:\/\/www.bakutrading.ch\/n\/wp-json\/wp\/v2\/product"}],"about":[{"href":"http:\/\/www.bakutrading.ch\/n\/wp-json\/wp\/v2\/types\/product"}],"replies":[{"embeddable":true,"href":"http:\/\/www.bakutrading.ch\/n\/wp-json\/wp\/v2\/comments?post=8288"}],"wp:featuredmedia":[{"embeddable":true,"href":"http:\/\/www.bakutrading.ch\/n\/wp-json\/wp\/v2\/media\/8289"}],"wp:attachment":[{"href":"http:\/\/www.bakutrading.ch\/n\/wp-json\/wp\/v2\/media?parent=8288"}],"wp:term":[{"taxonomy":"product_brand","embeddable":true,"href":"http:\/\/www.bakutrading.ch\/n\/wp-json\/wp\/v2\/product_brand?post=8288"},{"taxonomy":"product_cat","embeddable":true,"href":"http:\/\/www.bakutrading.ch\/n\/wp-json\/wp\/v2\/product_cat?post=8288"},{"taxonomy":"product_tag","embeddable":true,"href":"http:\/\/www.bakutrading.ch\/n\/wp-json\/wp\/v2\/product_tag?post=8288"}],"curies":[{"name":"wp","href":"https:\/\/api.w.org\/{rel}","templated":true}]}}