{"id":8314,"date":"2016-06-14T14:27:49","date_gmt":"2016-06-14T14:27:49","guid":{"rendered":"http:\/\/www.bakutrading.ch\/n\/?post_type=product&#038;p=8314"},"modified":"2018-07-27T10:37:59","modified_gmt":"2018-07-27T10:37:59","slug":"pende-stammesmaske","status":"publish","type":"product","link":"http:\/\/www.bakutrading.ch\/n\/produkt\/pende-stammesmaske\/","title":{"rendered":"Pende &#8211; Stammesmaske"},"content":{"rendered":"<p>Herkunftsland: D.R.Kongo<\/p>\n<p>Handarbeit<\/p>\n<p>Unikat<\/p>\n<p>&nbsp;<\/p>\n<p><strong>PENDE&nbsp;Stammesmaske aus der D.R.Kongo<\/strong><\/p>\n<p>Der Volksstamm der Pende siedelt in einem weiten Gebiet im s\u00fcdwestlichen Kongo, das Gebiet erstreckt sich vom Fluss Cuano bis zum Kasai. Die weite Ausdehnung hat die Unterscheidung in zwei Gruppen gebr\u00e4uchlich werden lassen; die westlichen Pende, auch Pende Cuango und die \u00f6stliche Gruppe, Pende Kasai oder Pende Orientale.<\/p>\n<p>Insgesamt sind die Zahlenangaben zu Bev\u00f6lkerung stark schwankend von 250.000 bis 500.000.<\/p>\n<p>Die Stile der beiden Gruppen unterscheiden sich recht deutlich: W\u00e4hrend die westlichen Pende einen eher kantigen Stil bevorzugen zeigen die Werke der \u00f6stlichen Pende weichere Formen und sind st\u00e4rker von den benachbarten Kuba beeinflusst, was sich auch in einigen typischen Ornamentformen ausdr\u00fcckt. Die Pende haben eine sehr reiche Maskentradition.<\/p>\n<p>Dank der nachtr\u00e4glich angebrachten Halterungen und Bodenplatten sind alle Masken selbstst\u00e4ndig aufrecht stehend. Die Halterungen k\u00f6nnen individuell der L\u00e4nge (25cm-150cm) angepasst oder&nbsp;auch&nbsp;jederzeit leicht entfernt werden.<\/p>\n<p>&nbsp;<\/p>\n","protected":false},"excerpt":{"rendered":"<ul>\n<li>mit St\u00e4nder &#8211; die L\u00e4nge, 25cm-150cm, kann individuell angepasst werden<\/li>\n<li>B 23cm H 60cm<\/li>\n<\/ul>\n","protected":false},"featured_media":8315,"comment_status":"closed","ping_status":"closed","template":"","meta":{"ngg_post_thumbnail":0},"product_brand":[],"product_cat":[122],"product_tag":[],"class_list":{"0":"post-8314","1":"product","2":"type-product","3":"status-publish","4":"has-post-thumbnail","6":"product_cat-afrikanische-stammesmasken-und-schilder","8":"first","9":"instock","10":"shipping-taxable","11":"purchasable","12":"product-type-simple"},"yoast_head":"<!-- This site is optimized with the Yoast SEO plugin v27.2 - https:\/\/yoast.com\/product\/yoast-seo-wordpress\/ -->\n<title>Pende - Stammesmaske - BaKu Trading GmbH<\/title>\n<meta name=\"description\" content=\"Der Volksstamm der Pende siedelt in einem weiten Gebiet im s\u00fcdwestlichen Kongo. Spezielle Halterungen (L\u00e4nge ist variabel) lassen die Masken stehen.\" \/>\n<meta name=\"robots\" content=\"index, follow, max-snippet:-1, max-image-preview:large, max-video-preview:-1\" \/>\n<link rel=\"canonical\" href=\"http:\/\/www.bakutrading.ch\/n\/produkt\/pende-stammesmaske\/\" \/>\n<meta property=\"og:locale\" content=\"de_DE\" \/>\n<meta property=\"og:type\" content=\"article\" \/>\n<meta property=\"og:title\" content=\"Pende - Stammesmaske - BaKu Trading GmbH\" \/>\n<meta property=\"og:description\" content=\"Der Volksstamm der Pende siedelt in einem weiten Gebiet im s\u00fcdwestlichen Kongo. Spezielle Halterungen (L\u00e4nge ist variabel) lassen die Masken stehen.\" \/>\n<meta property=\"og:url\" content=\"http:\/\/www.bakutrading.ch\/n\/produkt\/pende-stammesmaske\/\" \/>\n<meta property=\"og:site_name\" content=\"BaKu Trading GmbH\" \/>\n<meta property=\"article:modified_time\" content=\"2018-07-27T10:37:59+00:00\" \/>\n<meta property=\"og:image\" content=\"http:\/\/www.bakutrading.ch\/n\/wp-content\/uploads\/2016\/06\/AE2_6a-1024x768.jpg\" \/>\n\t<meta property=\"og:image:width\" content=\"1024\" \/>\n\t<meta property=\"og:image:height\" content=\"768\" \/>\n\t<meta property=\"og:image:type\" content=\"image\/jpeg\" \/>\n<meta name=\"twitter:label1\" content=\"Gesch\u00e4tzte Lesezeit\" \/>\n\t<meta name=\"twitter:data1\" content=\"1\u00a0Minute\" \/>\n<script type=\"application\/ld+json\" class=\"yoast-schema-graph\">{\"@context\":\"https:\/\/schema.org\",\"@graph\":[{\"@type\":\"WebPage\",\"@id\":\"http:\/\/www.bakutrading.ch\/n\/produkt\/pende-stammesmaske\/\",\"url\":\"http:\/\/www.bakutrading.ch\/n\/produkt\/pende-stammesmaske\/\",\"name\":\"Pende - Stammesmaske - BaKu Trading GmbH\",\"isPartOf\":{\"@id\":\"https:\/\/www.bakutrading.ch\/n\/#website\"},\"primaryImageOfPage\":{\"@id\":\"http:\/\/www.bakutrading.ch\/n\/produkt\/pende-stammesmaske\/#primaryimage\"},\"image\":{\"@id\":\"http:\/\/www.bakutrading.ch\/n\/produkt\/pende-stammesmaske\/#primaryimage\"},\"thumbnailUrl\":\"http:\/\/www.bakutrading.ch\/n\/wp-content\/uploads\/2016\/06\/AE2_6a.jpg\",\"datePublished\":\"2016-06-14T14:27:49+00:00\",\"dateModified\":\"2018-07-27T10:37:59+00:00\",\"description\":\"Der Volksstamm der Pende siedelt in einem weiten Gebiet im s\u00fcdwestlichen Kongo. Spezielle Halterungen (L\u00e4nge ist variabel) lassen die Masken stehen.\",\"breadcrumb\":{\"@id\":\"http:\/\/www.bakutrading.ch\/n\/produkt\/pende-stammesmaske\/#breadcrumb\"},\"inLanguage\":\"de\",\"potentialAction\":[{\"@type\":\"ReadAction\",\"target\":[\"http:\/\/www.bakutrading.ch\/n\/produkt\/pende-stammesmaske\/\"]}]},{\"@type\":\"ImageObject\",\"inLanguage\":\"de\",\"@id\":\"http:\/\/www.bakutrading.ch\/n\/produkt\/pende-stammesmaske\/#primaryimage\",\"url\":\"http:\/\/www.bakutrading.ch\/n\/wp-content\/uploads\/2016\/06\/AE2_6a.jpg\",\"contentUrl\":\"http:\/\/www.bakutrading.ch\/n\/wp-content\/uploads\/2016\/06\/AE2_6a.jpg\",\"width\":4896,\"height\":3672},{\"@type\":\"BreadcrumbList\",\"@id\":\"http:\/\/www.bakutrading.ch\/n\/produkt\/pende-stammesmaske\/#breadcrumb\",\"itemListElement\":[{\"@type\":\"ListItem\",\"position\":1,\"name\":\"Startseite\",\"item\":\"https:\/\/www.bakutrading.ch\/n\/\"},{\"@type\":\"ListItem\",\"position\":2,\"name\":\"Shop\",\"item\":\"https:\/\/www.bakutrading.ch\/n\/shop\/\"},{\"@type\":\"ListItem\",\"position\":3,\"name\":\"Pende &#8211; Stammesmaske\"}]},{\"@type\":\"WebSite\",\"@id\":\"https:\/\/www.bakutrading.ch\/n\/#website\",\"url\":\"https:\/\/www.bakutrading.ch\/n\/\",\"name\":\"BaKu Trading GmbH\",\"description\":\"BaKu Trading GmbH\",\"potentialAction\":[{\"@type\":\"SearchAction\",\"target\":{\"@type\":\"EntryPoint\",\"urlTemplate\":\"https:\/\/www.bakutrading.ch\/n\/?s={search_term_string}\"},\"query-input\":{\"@type\":\"PropertyValueSpecification\",\"valueRequired\":true,\"valueName\":\"search_term_string\"}}],\"inLanguage\":\"de\"}]}<\/script>\n<!-- \/ Yoast SEO plugin. -->","yoast_head_json":{"title":"Pende - Stammesmaske - BaKu Trading GmbH","description":"Der Volksstamm der Pende siedelt in einem weiten Gebiet im s\u00fcdwestlichen Kongo. Spezielle Halterungen (L\u00e4nge ist variabel) lassen die Masken stehen.","robots":{"index":"index","follow":"follow","max-snippet":"max-snippet:-1","max-image-preview":"max-image-preview:large","max-video-preview":"max-video-preview:-1"},"canonical":"http:\/\/www.bakutrading.ch\/n\/produkt\/pende-stammesmaske\/","og_locale":"de_DE","og_type":"article","og_title":"Pende - Stammesmaske - BaKu Trading GmbH","og_description":"Der Volksstamm der Pende siedelt in einem weiten Gebiet im s\u00fcdwestlichen Kongo. Spezielle Halterungen (L\u00e4nge ist variabel) lassen die Masken stehen.","og_url":"http:\/\/www.bakutrading.ch\/n\/produkt\/pende-stammesmaske\/","og_site_name":"BaKu Trading GmbH","article_modified_time":"2018-07-27T10:37:59+00:00","og_image":[{"width":1024,"height":768,"url":"http:\/\/www.bakutrading.ch\/n\/wp-content\/uploads\/2016\/06\/AE2_6a-1024x768.jpg","type":"image\/jpeg"}],"twitter_misc":{"Gesch\u00e4tzte Lesezeit":"1\u00a0Minute"},"schema":{"@context":"https:\/\/schema.org","@graph":[{"@type":"WebPage","@id":"http:\/\/www.bakutrading.ch\/n\/produkt\/pende-stammesmaske\/","url":"http:\/\/www.bakutrading.ch\/n\/produkt\/pende-stammesmaske\/","name":"Pende - Stammesmaske - BaKu Trading GmbH","isPartOf":{"@id":"https:\/\/www.bakutrading.ch\/n\/#website"},"primaryImageOfPage":{"@id":"http:\/\/www.bakutrading.ch\/n\/produkt\/pende-stammesmaske\/#primaryimage"},"image":{"@id":"http:\/\/www.bakutrading.ch\/n\/produkt\/pende-stammesmaske\/#primaryimage"},"thumbnailUrl":"http:\/\/www.bakutrading.ch\/n\/wp-content\/uploads\/2016\/06\/AE2_6a.jpg","datePublished":"2016-06-14T14:27:49+00:00","dateModified":"2018-07-27T10:37:59+00:00","description":"Der Volksstamm der Pende siedelt in einem weiten Gebiet im s\u00fcdwestlichen Kongo. Spezielle Halterungen (L\u00e4nge ist variabel) lassen die Masken stehen.","breadcrumb":{"@id":"http:\/\/www.bakutrading.ch\/n\/produkt\/pende-stammesmaske\/#breadcrumb"},"inLanguage":"de","potentialAction":[{"@type":"ReadAction","target":["http:\/\/www.bakutrading.ch\/n\/produkt\/pende-stammesmaske\/"]}]},{"@type":"ImageObject","inLanguage":"de","@id":"http:\/\/www.bakutrading.ch\/n\/produkt\/pende-stammesmaske\/#primaryimage","url":"http:\/\/www.bakutrading.ch\/n\/wp-content\/uploads\/2016\/06\/AE2_6a.jpg","contentUrl":"http:\/\/www.bakutrading.ch\/n\/wp-content\/uploads\/2016\/06\/AE2_6a.jpg","width":4896,"height":3672},{"@type":"BreadcrumbList","@id":"http:\/\/www.bakutrading.ch\/n\/produkt\/pende-stammesmaske\/#breadcrumb","itemListElement":[{"@type":"ListItem","position":1,"name":"Startseite","item":"https:\/\/www.bakutrading.ch\/n\/"},{"@type":"ListItem","position":2,"name":"Shop","item":"https:\/\/www.bakutrading.ch\/n\/shop\/"},{"@type":"ListItem","position":3,"name":"Pende &#8211; Stammesmaske"}]},{"@type":"WebSite","@id":"https:\/\/www.bakutrading.ch\/n\/#website","url":"https:\/\/www.bakutrading.ch\/n\/","name":"BaKu Trading GmbH","description":"BaKu Trading GmbH","potentialAction":[{"@type":"SearchAction","target":{"@type":"EntryPoint","urlTemplate":"https:\/\/www.bakutrading.ch\/n\/?s={search_term_string}"},"query-input":{"@type":"PropertyValueSpecification","valueRequired":true,"valueName":"search_term_string"}}],"inLanguage":"de"}]}},"_links":{"self":[{"href":"http:\/\/www.bakutrading.ch\/n\/wp-json\/wp\/v2\/product\/8314","targetHints":{"allow":["GET"]}}],"collection":[{"href":"http:\/\/www.bakutrading.ch\/n\/wp-json\/wp\/v2\/product"}],"about":[{"href":"http:\/\/www.bakutrading.ch\/n\/wp-json\/wp\/v2\/types\/product"}],"replies":[{"embeddable":true,"href":"http:\/\/www.bakutrading.ch\/n\/wp-json\/wp\/v2\/comments?post=8314"}],"wp:featuredmedia":[{"embeddable":true,"href":"http:\/\/www.bakutrading.ch\/n\/wp-json\/wp\/v2\/media\/8315"}],"wp:attachment":[{"href":"http:\/\/www.bakutrading.ch\/n\/wp-json\/wp\/v2\/media?parent=8314"}],"wp:term":[{"taxonomy":"product_brand","embeddable":true,"href":"http:\/\/www.bakutrading.ch\/n\/wp-json\/wp\/v2\/product_brand?post=8314"},{"taxonomy":"product_cat","embeddable":true,"href":"http:\/\/www.bakutrading.ch\/n\/wp-json\/wp\/v2\/product_cat?post=8314"},{"taxonomy":"product_tag","embeddable":true,"href":"http:\/\/www.bakutrading.ch\/n\/wp-json\/wp\/v2\/product_tag?post=8314"}],"curies":[{"name":"wp","href":"https:\/\/api.w.org\/{rel}","templated":true}]}}