{"id":8344,"date":"2016-06-14T15:27:51","date_gmt":"2016-06-14T15:27:51","guid":{"rendered":"http:\/\/www.bakutrading.ch\/n\/?post_type=product&#038;p=8344"},"modified":"2018-07-27T10:39:46","modified_gmt":"2018-07-27T10:39:46","slug":"punu-stammesmaske-4","status":"publish","type":"product","link":"http:\/\/www.bakutrading.ch\/n\/produkt\/punu-stammesmaske-4\/","title":{"rendered":"Punu &#8211; Stammesmaske"},"content":{"rendered":"<p>Herkunftsland: Gabun<\/p>\n<p>Handarbeit<\/p>\n<p>Unikat<\/p>\n<p>&nbsp;<\/p>\n<p><strong>PUNU&nbsp;Stammesmaske aus Gabun<\/strong><\/p>\n<p>Diese charakteristischen Masken aus Gabun mit ihrer weissen Gesichtsfl\u00e4che, gew\u00f6lbten Augenbrauen und dreiteiliger Kammfrisur, haben ihren Ursprung wohl bei verschiedenen ethnischen Gruppen entlang des Ngouni\u00e9-Flusses, einem Nebenfluss des Ogowe.<\/p>\n<p>Masken dieser Art wurden von kost\u00fcmierten Stelzent\u00e4nzern w\u00e4hrend Begr\u00e4bniszeremonien, genannt Mukudja, getragen und verk\u00f6rpern den Geist einer sch\u00f6nen jungen Frau, deren gewei\u00dftes Gesicht die Wiedergeburt symbolisiert.<\/p>\n<p>Seit der Jahrhundertwende geh\u00f6ren Punu-Masken zu den ikonenhaftesten und begehrtesten Objekten der afrikanischen Kunst, die nicht nur Sammler und H\u00e4ndler, sondern auch zeitgen\u00f6ssische K\u00fcnstler, vor allem in Paris, faszinierten.<\/p>\n<p>Matisse lie\u00df sich von ihnen inspirieren, wie man beispielsweise in der maskenhaften Darstellung des Gesichts seiner Frau Am\u00e9lie in seinem Portrait de Madame Matisse aus dem Jahr 1913 sehen kann, und eine von Picassos fr\u00fchestens Erwerbungen afrikanischer Kunst war eine Punu-Maske, wie Fotos von circa 1910 belegen.<\/p>\n<p>Dank der nachtr\u00e4glich angebrachten Halterungen und Bodenplatten sind alle Masken selbstst\u00e4ndig aufrecht stehend. Die Halterungen k\u00f6nnen individuell der L\u00e4nge (25cm-150cm) angepasst oder&nbsp;auch&nbsp;jederzeit leicht entfernt werden.<\/p>\n<div id=\"related\" class=\"home-products block products_block\">\n<div class=\"customNavigation\"><a class=\"btn prev\">&nbsp;<\/a><a class=\"btn next\">&nbsp;<\/a><\/div>\n<div class=\"related products block_content\">&nbsp;<\/div>\n<\/div>\n<p>&nbsp;<\/p>\n<p>&nbsp;<\/p>\n","protected":false},"excerpt":{"rendered":"<ul>\n<li>mit St\u00e4nder &#8211; die L\u00e4nge, 25cm-150cm, kann individuell angepasst werde<\/li>\n<li>B 23cm H 50cm<\/li>\n<\/ul>\n","protected":false},"featured_media":8351,"comment_status":"closed","ping_status":"closed","template":"","meta":{"ngg_post_thumbnail":0},"product_brand":[],"product_cat":[122],"product_tag":[],"class_list":{"0":"post-8344","1":"product","2":"type-product","3":"status-publish","4":"has-post-thumbnail","6":"product_cat-afrikanische-stammesmasken-und-schilder","8":"first","9":"instock","10":"shipping-taxable","11":"purchasable","12":"product-type-simple"},"yoast_head":"<!-- This site is optimized with the Yoast SEO plugin v27.2 - https:\/\/yoast.com\/product\/yoast-seo-wordpress\/ -->\n<title>Punu - Stammesmaske - BaKu Trading GmbH<\/title>\n<meta name=\"description\" content=\"Die Punu-Stammesmaske aus Gabun erkennt man durch ihre Gesichtsfl\u00e4che und der dreiteiliger Kammfrisur. Halterungen lassen die Masken stehen.\" \/>\n<meta name=\"robots\" content=\"index, follow, max-snippet:-1, max-image-preview:large, max-video-preview:-1\" \/>\n<link rel=\"canonical\" href=\"http:\/\/www.bakutrading.ch\/n\/produkt\/punu-stammesmaske-4\/\" \/>\n<meta property=\"og:locale\" content=\"de_DE\" \/>\n<meta property=\"og:type\" content=\"article\" \/>\n<meta property=\"og:title\" content=\"Punu - Stammesmaske - BaKu Trading GmbH\" \/>\n<meta property=\"og:description\" content=\"Die Punu-Stammesmaske aus Gabun erkennt man durch ihre Gesichtsfl\u00e4che und der dreiteiliger Kammfrisur. Halterungen lassen die Masken stehen.\" \/>\n<meta property=\"og:url\" content=\"http:\/\/www.bakutrading.ch\/n\/produkt\/punu-stammesmaske-4\/\" \/>\n<meta property=\"og:site_name\" content=\"BaKu Trading GmbH\" \/>\n<meta property=\"article:modified_time\" content=\"2018-07-27T10:39:46+00:00\" \/>\n<meta property=\"og:image\" content=\"http:\/\/www.bakutrading.ch\/n\/wp-content\/uploads\/2016\/06\/AE1_2a-768x1024.jpg\" \/>\n\t<meta property=\"og:image:width\" content=\"768\" \/>\n\t<meta property=\"og:image:height\" content=\"1024\" \/>\n\t<meta property=\"og:image:type\" content=\"image\/jpeg\" \/>\n<meta name=\"twitter:label1\" content=\"Gesch\u00e4tzte Lesezeit\" \/>\n\t<meta name=\"twitter:data1\" content=\"1\u00a0Minute\" \/>\n<script type=\"application\/ld+json\" class=\"yoast-schema-graph\">{\"@context\":\"https:\/\/schema.org\",\"@graph\":[{\"@type\":\"WebPage\",\"@id\":\"http:\/\/www.bakutrading.ch\/n\/produkt\/punu-stammesmaske-4\/\",\"url\":\"http:\/\/www.bakutrading.ch\/n\/produkt\/punu-stammesmaske-4\/\",\"name\":\"Punu - Stammesmaske - BaKu Trading GmbH\",\"isPartOf\":{\"@id\":\"https:\/\/www.bakutrading.ch\/n\/#website\"},\"primaryImageOfPage\":{\"@id\":\"http:\/\/www.bakutrading.ch\/n\/produkt\/punu-stammesmaske-4\/#primaryimage\"},\"image\":{\"@id\":\"http:\/\/www.bakutrading.ch\/n\/produkt\/punu-stammesmaske-4\/#primaryimage\"},\"thumbnailUrl\":\"http:\/\/www.bakutrading.ch\/n\/wp-content\/uploads\/2016\/06\/AE1_2a.jpg\",\"datePublished\":\"2016-06-14T15:27:51+00:00\",\"dateModified\":\"2018-07-27T10:39:46+00:00\",\"description\":\"Die Punu-Stammesmaske aus Gabun erkennt man durch ihre Gesichtsfl\u00e4che und der dreiteiliger Kammfrisur. Halterungen lassen die Masken stehen.\",\"breadcrumb\":{\"@id\":\"http:\/\/www.bakutrading.ch\/n\/produkt\/punu-stammesmaske-4\/#breadcrumb\"},\"inLanguage\":\"de\",\"potentialAction\":[{\"@type\":\"ReadAction\",\"target\":[\"http:\/\/www.bakutrading.ch\/n\/produkt\/punu-stammesmaske-4\/\"]}]},{\"@type\":\"ImageObject\",\"inLanguage\":\"de\",\"@id\":\"http:\/\/www.bakutrading.ch\/n\/produkt\/punu-stammesmaske-4\/#primaryimage\",\"url\":\"http:\/\/www.bakutrading.ch\/n\/wp-content\/uploads\/2016\/06\/AE1_2a.jpg\",\"contentUrl\":\"http:\/\/www.bakutrading.ch\/n\/wp-content\/uploads\/2016\/06\/AE1_2a.jpg\",\"width\":3672,\"height\":4896},{\"@type\":\"BreadcrumbList\",\"@id\":\"http:\/\/www.bakutrading.ch\/n\/produkt\/punu-stammesmaske-4\/#breadcrumb\",\"itemListElement\":[{\"@type\":\"ListItem\",\"position\":1,\"name\":\"Startseite\",\"item\":\"https:\/\/www.bakutrading.ch\/n\/\"},{\"@type\":\"ListItem\",\"position\":2,\"name\":\"Shop\",\"item\":\"https:\/\/www.bakutrading.ch\/n\/shop\/\"},{\"@type\":\"ListItem\",\"position\":3,\"name\":\"Punu &#8211; Stammesmaske\"}]},{\"@type\":\"WebSite\",\"@id\":\"https:\/\/www.bakutrading.ch\/n\/#website\",\"url\":\"https:\/\/www.bakutrading.ch\/n\/\",\"name\":\"BaKu Trading GmbH\",\"description\":\"BaKu Trading GmbH\",\"potentialAction\":[{\"@type\":\"SearchAction\",\"target\":{\"@type\":\"EntryPoint\",\"urlTemplate\":\"https:\/\/www.bakutrading.ch\/n\/?s={search_term_string}\"},\"query-input\":{\"@type\":\"PropertyValueSpecification\",\"valueRequired\":true,\"valueName\":\"search_term_string\"}}],\"inLanguage\":\"de\"}]}<\/script>\n<!-- \/ Yoast SEO plugin. -->","yoast_head_json":{"title":"Punu - Stammesmaske - BaKu Trading GmbH","description":"Die Punu-Stammesmaske aus Gabun erkennt man durch ihre Gesichtsfl\u00e4che und der dreiteiliger Kammfrisur. Halterungen lassen die Masken stehen.","robots":{"index":"index","follow":"follow","max-snippet":"max-snippet:-1","max-image-preview":"max-image-preview:large","max-video-preview":"max-video-preview:-1"},"canonical":"http:\/\/www.bakutrading.ch\/n\/produkt\/punu-stammesmaske-4\/","og_locale":"de_DE","og_type":"article","og_title":"Punu - Stammesmaske - BaKu Trading GmbH","og_description":"Die Punu-Stammesmaske aus Gabun erkennt man durch ihre Gesichtsfl\u00e4che und der dreiteiliger Kammfrisur. Halterungen lassen die Masken stehen.","og_url":"http:\/\/www.bakutrading.ch\/n\/produkt\/punu-stammesmaske-4\/","og_site_name":"BaKu Trading GmbH","article_modified_time":"2018-07-27T10:39:46+00:00","og_image":[{"width":768,"height":1024,"url":"http:\/\/www.bakutrading.ch\/n\/wp-content\/uploads\/2016\/06\/AE1_2a-768x1024.jpg","type":"image\/jpeg"}],"twitter_misc":{"Gesch\u00e4tzte Lesezeit":"1\u00a0Minute"},"schema":{"@context":"https:\/\/schema.org","@graph":[{"@type":"WebPage","@id":"http:\/\/www.bakutrading.ch\/n\/produkt\/punu-stammesmaske-4\/","url":"http:\/\/www.bakutrading.ch\/n\/produkt\/punu-stammesmaske-4\/","name":"Punu - Stammesmaske - BaKu Trading GmbH","isPartOf":{"@id":"https:\/\/www.bakutrading.ch\/n\/#website"},"primaryImageOfPage":{"@id":"http:\/\/www.bakutrading.ch\/n\/produkt\/punu-stammesmaske-4\/#primaryimage"},"image":{"@id":"http:\/\/www.bakutrading.ch\/n\/produkt\/punu-stammesmaske-4\/#primaryimage"},"thumbnailUrl":"http:\/\/www.bakutrading.ch\/n\/wp-content\/uploads\/2016\/06\/AE1_2a.jpg","datePublished":"2016-06-14T15:27:51+00:00","dateModified":"2018-07-27T10:39:46+00:00","description":"Die Punu-Stammesmaske aus Gabun erkennt man durch ihre Gesichtsfl\u00e4che und der dreiteiliger Kammfrisur. Halterungen lassen die Masken stehen.","breadcrumb":{"@id":"http:\/\/www.bakutrading.ch\/n\/produkt\/punu-stammesmaske-4\/#breadcrumb"},"inLanguage":"de","potentialAction":[{"@type":"ReadAction","target":["http:\/\/www.bakutrading.ch\/n\/produkt\/punu-stammesmaske-4\/"]}]},{"@type":"ImageObject","inLanguage":"de","@id":"http:\/\/www.bakutrading.ch\/n\/produkt\/punu-stammesmaske-4\/#primaryimage","url":"http:\/\/www.bakutrading.ch\/n\/wp-content\/uploads\/2016\/06\/AE1_2a.jpg","contentUrl":"http:\/\/www.bakutrading.ch\/n\/wp-content\/uploads\/2016\/06\/AE1_2a.jpg","width":3672,"height":4896},{"@type":"BreadcrumbList","@id":"http:\/\/www.bakutrading.ch\/n\/produkt\/punu-stammesmaske-4\/#breadcrumb","itemListElement":[{"@type":"ListItem","position":1,"name":"Startseite","item":"https:\/\/www.bakutrading.ch\/n\/"},{"@type":"ListItem","position":2,"name":"Shop","item":"https:\/\/www.bakutrading.ch\/n\/shop\/"},{"@type":"ListItem","position":3,"name":"Punu &#8211; Stammesmaske"}]},{"@type":"WebSite","@id":"https:\/\/www.bakutrading.ch\/n\/#website","url":"https:\/\/www.bakutrading.ch\/n\/","name":"BaKu Trading GmbH","description":"BaKu Trading GmbH","potentialAction":[{"@type":"SearchAction","target":{"@type":"EntryPoint","urlTemplate":"https:\/\/www.bakutrading.ch\/n\/?s={search_term_string}"},"query-input":{"@type":"PropertyValueSpecification","valueRequired":true,"valueName":"search_term_string"}}],"inLanguage":"de"}]}},"_links":{"self":[{"href":"http:\/\/www.bakutrading.ch\/n\/wp-json\/wp\/v2\/product\/8344","targetHints":{"allow":["GET"]}}],"collection":[{"href":"http:\/\/www.bakutrading.ch\/n\/wp-json\/wp\/v2\/product"}],"about":[{"href":"http:\/\/www.bakutrading.ch\/n\/wp-json\/wp\/v2\/types\/product"}],"replies":[{"embeddable":true,"href":"http:\/\/www.bakutrading.ch\/n\/wp-json\/wp\/v2\/comments?post=8344"}],"wp:featuredmedia":[{"embeddable":true,"href":"http:\/\/www.bakutrading.ch\/n\/wp-json\/wp\/v2\/media\/8351"}],"wp:attachment":[{"href":"http:\/\/www.bakutrading.ch\/n\/wp-json\/wp\/v2\/media?parent=8344"}],"wp:term":[{"taxonomy":"product_brand","embeddable":true,"href":"http:\/\/www.bakutrading.ch\/n\/wp-json\/wp\/v2\/product_brand?post=8344"},{"taxonomy":"product_cat","embeddable":true,"href":"http:\/\/www.bakutrading.ch\/n\/wp-json\/wp\/v2\/product_cat?post=8344"},{"taxonomy":"product_tag","embeddable":true,"href":"http:\/\/www.bakutrading.ch\/n\/wp-json\/wp\/v2\/product_tag?post=8344"}],"curies":[{"name":"wp","href":"https:\/\/api.w.org\/{rel}","templated":true}]}}