{"id":8368,"date":"2016-06-14T11:26:24","date_gmt":"2016-06-14T11:26:24","guid":{"rendered":"http:\/\/www.bakutrading.ch\/n\/?post_type=product&#038;p=8368"},"modified":"2018-07-27T10:11:12","modified_gmt":"2018-07-27T10:11:12","slug":"ibibio-stammesmaske-2","status":"publish","type":"product","link":"http:\/\/www.bakutrading.ch\/n\/produkt\/ibibio-stammesmaske-2\/","title":{"rendered":"Ibibio &#8211; Stammesmaske"},"content":{"rendered":"<p>Herkunftsland: Nigeria<\/p>\n<p>Handarbeit<\/p>\n<p>Unikat<\/p>\n<p>&nbsp;<\/p>\n<p><strong>IBIBIO&nbsp;Stammesmaske aus Nigeria<\/strong><\/p>\n<p>Die Ibibio sind ein Volk von ungef\u00e4hr 4 Millionen Menschen im s\u00fcd\u00f6stlichen Nigeria. Die Eket sind eine Untergruppe der Ibibio. In Nigeria leben die Ibibio vorwiegend in den Bundesstaaten Akawa Ibom und Cross River. Sie machen etwa 4.2% der nigerianischen Bev\u00f6lkerung aus. Ihre Religion ist \u00fcberwiegend das katholische Christentum, nur noch wenige sind Anh\u00e4nger ihrer traditionellen Religion.<\/p>\n<p>Ihre Sprache, das Ibibio, ist eine Cross-River-Sprache innerhalb der Benue-Kongo Sprachen. Die Ibibio sind in sieben Untergruppen gegliedert. Die Sprache der Ibibio ist Handelssprache im Akwa Ibom State in Nigeria.<\/p>\n<p>Dank der nachtr\u00e4glich angebrachten Halterungen und Bodenplatten sind alle Masken selbstst\u00e4ndig aufrecht stehend. Die Halterungen k\u00f6nnen individuell der L\u00e4nge (25cm-150cm) angepasst oder&nbsp;auch&nbsp;jederzeit leicht entfernt werden.<\/p>\n","protected":false},"excerpt":{"rendered":"<ul>\n<li>mit St\u00e4nder &#8211; die L\u00e4nge, 25cm-150cm, kann individuell angepasst werden<\/li>\n<li>B 20cm H 33cm<\/li>\n<\/ul>\n","protected":false},"featured_media":8380,"comment_status":"closed","ping_status":"closed","template":"","meta":{"ngg_post_thumbnail":0},"product_brand":[],"product_cat":[122],"product_tag":[],"class_list":{"0":"post-8368","1":"product","2":"type-product","3":"status-publish","4":"has-post-thumbnail","6":"product_cat-afrikanische-stammesmasken-und-schilder","8":"first","9":"instock","10":"shipping-taxable","11":"purchasable","12":"product-type-simple"},"yoast_head":"<!-- This site is optimized with the Yoast SEO plugin v27.2 - https:\/\/yoast.com\/product\/yoast-seo-wordpress\/ -->\n<title>Ibibio - Stammesmaske - BaKu Trading GmbH<\/title>\n<meta name=\"description\" content=\"Die Ibibio sind ein Volk im s\u00fcd\u00f6stlichen Nigeria. Die Eket sind eine Untergruppe der Ibibio. Halterungen (L\u00e4nge ist variabel) lassen die Masken stehen.\" \/>\n<meta name=\"robots\" content=\"index, follow, max-snippet:-1, max-image-preview:large, max-video-preview:-1\" \/>\n<link rel=\"canonical\" href=\"http:\/\/www.bakutrading.ch\/n\/produkt\/ibibio-stammesmaske-2\/\" \/>\n<meta property=\"og:locale\" content=\"de_DE\" \/>\n<meta property=\"og:type\" content=\"article\" \/>\n<meta property=\"og:title\" content=\"Ibibio - Stammesmaske - BaKu Trading GmbH\" \/>\n<meta property=\"og:description\" content=\"Die Ibibio sind ein Volk im s\u00fcd\u00f6stlichen Nigeria. Die Eket sind eine Untergruppe der Ibibio. Halterungen (L\u00e4nge ist variabel) lassen die Masken stehen.\" \/>\n<meta property=\"og:url\" content=\"http:\/\/www.bakutrading.ch\/n\/produkt\/ibibio-stammesmaske-2\/\" \/>\n<meta property=\"og:site_name\" content=\"BaKu Trading GmbH\" \/>\n<meta property=\"article:modified_time\" content=\"2018-07-27T10:11:12+00:00\" \/>\n<meta property=\"og:image\" content=\"http:\/\/www.bakutrading.ch\/n\/wp-content\/uploads\/2016\/06\/AE2_3a-768x1024.jpg\" \/>\n\t<meta property=\"og:image:width\" content=\"768\" \/>\n\t<meta property=\"og:image:height\" content=\"1024\" \/>\n\t<meta property=\"og:image:type\" content=\"image\/jpeg\" \/>\n<meta name=\"twitter:label1\" content=\"Gesch\u00e4tzte Lesezeit\" \/>\n\t<meta name=\"twitter:data1\" content=\"1\u00a0Minute\" \/>\n<script type=\"application\/ld+json\" class=\"yoast-schema-graph\">{\"@context\":\"https:\/\/schema.org\",\"@graph\":[{\"@type\":\"WebPage\",\"@id\":\"http:\/\/www.bakutrading.ch\/n\/produkt\/ibibio-stammesmaske-2\/\",\"url\":\"http:\/\/www.bakutrading.ch\/n\/produkt\/ibibio-stammesmaske-2\/\",\"name\":\"Ibibio - Stammesmaske - BaKu Trading GmbH\",\"isPartOf\":{\"@id\":\"https:\/\/www.bakutrading.ch\/n\/#website\"},\"primaryImageOfPage\":{\"@id\":\"http:\/\/www.bakutrading.ch\/n\/produkt\/ibibio-stammesmaske-2\/#primaryimage\"},\"image\":{\"@id\":\"http:\/\/www.bakutrading.ch\/n\/produkt\/ibibio-stammesmaske-2\/#primaryimage\"},\"thumbnailUrl\":\"http:\/\/www.bakutrading.ch\/n\/wp-content\/uploads\/2016\/06\/AE2_3a.jpg\",\"datePublished\":\"2016-06-14T11:26:24+00:00\",\"dateModified\":\"2018-07-27T10:11:12+00:00\",\"description\":\"Die Ibibio sind ein Volk im s\u00fcd\u00f6stlichen Nigeria. Die Eket sind eine Untergruppe der Ibibio. Halterungen (L\u00e4nge ist variabel) lassen die Masken stehen.\",\"breadcrumb\":{\"@id\":\"http:\/\/www.bakutrading.ch\/n\/produkt\/ibibio-stammesmaske-2\/#breadcrumb\"},\"inLanguage\":\"de\",\"potentialAction\":[{\"@type\":\"ReadAction\",\"target\":[\"http:\/\/www.bakutrading.ch\/n\/produkt\/ibibio-stammesmaske-2\/\"]}]},{\"@type\":\"ImageObject\",\"inLanguage\":\"de\",\"@id\":\"http:\/\/www.bakutrading.ch\/n\/produkt\/ibibio-stammesmaske-2\/#primaryimage\",\"url\":\"http:\/\/www.bakutrading.ch\/n\/wp-content\/uploads\/2016\/06\/AE2_3a.jpg\",\"contentUrl\":\"http:\/\/www.bakutrading.ch\/n\/wp-content\/uploads\/2016\/06\/AE2_3a.jpg\",\"width\":3672,\"height\":4896},{\"@type\":\"BreadcrumbList\",\"@id\":\"http:\/\/www.bakutrading.ch\/n\/produkt\/ibibio-stammesmaske-2\/#breadcrumb\",\"itemListElement\":[{\"@type\":\"ListItem\",\"position\":1,\"name\":\"Startseite\",\"item\":\"https:\/\/www.bakutrading.ch\/n\/\"},{\"@type\":\"ListItem\",\"position\":2,\"name\":\"Shop\",\"item\":\"https:\/\/www.bakutrading.ch\/n\/shop\/\"},{\"@type\":\"ListItem\",\"position\":3,\"name\":\"Ibibio &#8211; Stammesmaske\"}]},{\"@type\":\"WebSite\",\"@id\":\"https:\/\/www.bakutrading.ch\/n\/#website\",\"url\":\"https:\/\/www.bakutrading.ch\/n\/\",\"name\":\"BaKu Trading GmbH\",\"description\":\"BaKu Trading GmbH\",\"potentialAction\":[{\"@type\":\"SearchAction\",\"target\":{\"@type\":\"EntryPoint\",\"urlTemplate\":\"https:\/\/www.bakutrading.ch\/n\/?s={search_term_string}\"},\"query-input\":{\"@type\":\"PropertyValueSpecification\",\"valueRequired\":true,\"valueName\":\"search_term_string\"}}],\"inLanguage\":\"de\"}]}<\/script>\n<!-- \/ Yoast SEO plugin. -->","yoast_head_json":{"title":"Ibibio - Stammesmaske - BaKu Trading GmbH","description":"Die Ibibio sind ein Volk im s\u00fcd\u00f6stlichen Nigeria. Die Eket sind eine Untergruppe der Ibibio. Halterungen (L\u00e4nge ist variabel) lassen die Masken stehen.","robots":{"index":"index","follow":"follow","max-snippet":"max-snippet:-1","max-image-preview":"max-image-preview:large","max-video-preview":"max-video-preview:-1"},"canonical":"http:\/\/www.bakutrading.ch\/n\/produkt\/ibibio-stammesmaske-2\/","og_locale":"de_DE","og_type":"article","og_title":"Ibibio - Stammesmaske - BaKu Trading GmbH","og_description":"Die Ibibio sind ein Volk im s\u00fcd\u00f6stlichen Nigeria. Die Eket sind eine Untergruppe der Ibibio. Halterungen (L\u00e4nge ist variabel) lassen die Masken stehen.","og_url":"http:\/\/www.bakutrading.ch\/n\/produkt\/ibibio-stammesmaske-2\/","og_site_name":"BaKu Trading GmbH","article_modified_time":"2018-07-27T10:11:12+00:00","og_image":[{"width":768,"height":1024,"url":"http:\/\/www.bakutrading.ch\/n\/wp-content\/uploads\/2016\/06\/AE2_3a-768x1024.jpg","type":"image\/jpeg"}],"twitter_misc":{"Gesch\u00e4tzte Lesezeit":"1\u00a0Minute"},"schema":{"@context":"https:\/\/schema.org","@graph":[{"@type":"WebPage","@id":"http:\/\/www.bakutrading.ch\/n\/produkt\/ibibio-stammesmaske-2\/","url":"http:\/\/www.bakutrading.ch\/n\/produkt\/ibibio-stammesmaske-2\/","name":"Ibibio - Stammesmaske - BaKu Trading GmbH","isPartOf":{"@id":"https:\/\/www.bakutrading.ch\/n\/#website"},"primaryImageOfPage":{"@id":"http:\/\/www.bakutrading.ch\/n\/produkt\/ibibio-stammesmaske-2\/#primaryimage"},"image":{"@id":"http:\/\/www.bakutrading.ch\/n\/produkt\/ibibio-stammesmaske-2\/#primaryimage"},"thumbnailUrl":"http:\/\/www.bakutrading.ch\/n\/wp-content\/uploads\/2016\/06\/AE2_3a.jpg","datePublished":"2016-06-14T11:26:24+00:00","dateModified":"2018-07-27T10:11:12+00:00","description":"Die Ibibio sind ein Volk im s\u00fcd\u00f6stlichen Nigeria. Die Eket sind eine Untergruppe der Ibibio. Halterungen (L\u00e4nge ist variabel) lassen die Masken stehen.","breadcrumb":{"@id":"http:\/\/www.bakutrading.ch\/n\/produkt\/ibibio-stammesmaske-2\/#breadcrumb"},"inLanguage":"de","potentialAction":[{"@type":"ReadAction","target":["http:\/\/www.bakutrading.ch\/n\/produkt\/ibibio-stammesmaske-2\/"]}]},{"@type":"ImageObject","inLanguage":"de","@id":"http:\/\/www.bakutrading.ch\/n\/produkt\/ibibio-stammesmaske-2\/#primaryimage","url":"http:\/\/www.bakutrading.ch\/n\/wp-content\/uploads\/2016\/06\/AE2_3a.jpg","contentUrl":"http:\/\/www.bakutrading.ch\/n\/wp-content\/uploads\/2016\/06\/AE2_3a.jpg","width":3672,"height":4896},{"@type":"BreadcrumbList","@id":"http:\/\/www.bakutrading.ch\/n\/produkt\/ibibio-stammesmaske-2\/#breadcrumb","itemListElement":[{"@type":"ListItem","position":1,"name":"Startseite","item":"https:\/\/www.bakutrading.ch\/n\/"},{"@type":"ListItem","position":2,"name":"Shop","item":"https:\/\/www.bakutrading.ch\/n\/shop\/"},{"@type":"ListItem","position":3,"name":"Ibibio &#8211; Stammesmaske"}]},{"@type":"WebSite","@id":"https:\/\/www.bakutrading.ch\/n\/#website","url":"https:\/\/www.bakutrading.ch\/n\/","name":"BaKu Trading GmbH","description":"BaKu Trading GmbH","potentialAction":[{"@type":"SearchAction","target":{"@type":"EntryPoint","urlTemplate":"https:\/\/www.bakutrading.ch\/n\/?s={search_term_string}"},"query-input":{"@type":"PropertyValueSpecification","valueRequired":true,"valueName":"search_term_string"}}],"inLanguage":"de"}]}},"_links":{"self":[{"href":"http:\/\/www.bakutrading.ch\/n\/wp-json\/wp\/v2\/product\/8368","targetHints":{"allow":["GET"]}}],"collection":[{"href":"http:\/\/www.bakutrading.ch\/n\/wp-json\/wp\/v2\/product"}],"about":[{"href":"http:\/\/www.bakutrading.ch\/n\/wp-json\/wp\/v2\/types\/product"}],"replies":[{"embeddable":true,"href":"http:\/\/www.bakutrading.ch\/n\/wp-json\/wp\/v2\/comments?post=8368"}],"wp:featuredmedia":[{"embeddable":true,"href":"http:\/\/www.bakutrading.ch\/n\/wp-json\/wp\/v2\/media\/8380"}],"wp:attachment":[{"href":"http:\/\/www.bakutrading.ch\/n\/wp-json\/wp\/v2\/media?parent=8368"}],"wp:term":[{"taxonomy":"product_brand","embeddable":true,"href":"http:\/\/www.bakutrading.ch\/n\/wp-json\/wp\/v2\/product_brand?post=8368"},{"taxonomy":"product_cat","embeddable":true,"href":"http:\/\/www.bakutrading.ch\/n\/wp-json\/wp\/v2\/product_cat?post=8368"},{"taxonomy":"product_tag","embeddable":true,"href":"http:\/\/www.bakutrading.ch\/n\/wp-json\/wp\/v2\/product_tag?post=8368"}],"curies":[{"name":"wp","href":"https:\/\/api.w.org\/{rel}","templated":true}]}}