{"id":9773,"date":"2018-05-15T15:56:34","date_gmt":"2018-05-15T15:56:34","guid":{"rendered":"http:\/\/www.bakutrading.ch\/n\/?post_type=product&#038;p=9773"},"modified":"2018-12-11T08:49:26","modified_gmt":"2018-12-11T08:49:26","slug":"armband-kupfer","status":"publish","type":"product","link":"http:\/\/www.bakutrading.ch\/n\/produkt\/armband-kupfer\/","title":{"rendered":"Armband kupfer"},"content":{"rendered":"<p>Material: Strausseneierschalen, Perlen<\/p>\n<p>Herkunftsland: Namibia<\/p>\n<p>Handarbeit<\/p>\n<p>&nbsp;<\/p>\n<p><strong>Afrikanischer Strausseneierschalen Schmuck<\/strong><\/p>\n<p>Wie arch\u00e4ologische Untersuchungen ergaben hat die Herstellung von Schmuck aus Strausseneierschalen bei den San (Buschm\u00e4nner) eine \u00fcber 40`000 Jahre alte Tradition. Noch heute werden die Schmuckst\u00fccke als K\u00f6rperschmuck bei kulturellen T\u00e4nzen getragen, sind aber auch eine wichtige Einnahmequelle f\u00fcr die nomadisierenden Familien der Kalahari geworden.<\/p>\n<p>Die Fragmente von Strausseneiern werden in kleine St\u00fccke gebrochen. Jedem Teilchen werden die Kanten mit einem spitzen Metall gerundet. Die L\u00f6cher werden mit einem handgefertigten Werkzeug gebohrt.<\/p>\n<p>Unsere Produkte werden zusammen mit der Organisation OMBA direkt von namibischen K\u00fcnstlern bezogen. Mit dem Kauf unserer Produkte tragen Sie zur nachhaltigen, sozialen und wirtschaftlichen Entwicklung dieses einzigartigen Naturvolkes bei.<\/p>\n<p><a href=\"http:\/\/www.bakutrading.ch\/n\/wp-content\/uploads\/2015\/12\/San.jpg\"><img loading=\"lazy\" decoding=\"async\" width=\"300\" height=\"200\" class=\"alignnone wp-image-7139 size-medium\" alt=\"San\" src=\"http:\/\/www.bakutrading.ch\/n\/wp-content\/uploads\/2015\/12\/San-300x200.jpg\" srcset=\"http:\/\/www.bakutrading.ch\/n\/wp-content\/uploads\/2015\/12\/San-300x200.jpg 300w, http:\/\/www.bakutrading.ch\/n\/wp-content\/uploads\/2015\/12\/San-475x317.jpg 475w, http:\/\/www.bakutrading.ch\/n\/wp-content\/uploads\/2015\/12\/San.jpg 900w\" sizes=\"auto, (max-width: 300px) 100vw, 300px\" \/><\/a><\/p>\n","protected":false},"excerpt":{"rendered":"<p>One-Size<\/p>\n","protected":false},"featured_media":9774,"comment_status":"closed","ping_status":"closed","template":"","meta":{"ngg_post_thumbnail":0},"product_brand":[],"product_cat":[124,118],"product_tag":[],"class_list":{"0":"post-9773","1":"product","2":"type-product","3":"status-publish","4":"has-post-thumbnail","6":"product_cat-bracelets-armbaender","7":"product_cat-afrikanischer_strausseneierschalen_schmuck","9":"first","10":"instock","11":"shipping-taxable","12":"purchasable","13":"product-type-simple"},"yoast_head":"<!-- This site is optimized with the Yoast SEO plugin v27.2 - https:\/\/yoast.com\/product\/yoast-seo-wordpress\/ -->\n<title>Armband kupfer - BaKu Trading GmbH<\/title>\n<meta name=\"description\" content=\"Der Schmuck aus Strausseneierschalen ist eine alte afrikanische Tradition der San (Buschm\u00e4nner). Dieser aussergew\u00f6hnliche Schmuck ist passend zu jedem Look.\" \/>\n<meta name=\"robots\" content=\"index, follow, max-snippet:-1, max-image-preview:large, max-video-preview:-1\" \/>\n<link rel=\"canonical\" href=\"http:\/\/www.bakutrading.ch\/n\/produkt\/armband-kupfer\/\" \/>\n<meta property=\"og:locale\" content=\"de_DE\" \/>\n<meta property=\"og:type\" content=\"article\" \/>\n<meta property=\"og:title\" content=\"Armband kupfer - BaKu Trading GmbH\" \/>\n<meta property=\"og:description\" content=\"Der Schmuck aus Strausseneierschalen ist eine alte afrikanische Tradition der San (Buschm\u00e4nner). Dieser aussergew\u00f6hnliche Schmuck ist passend zu jedem Look.\" \/>\n<meta property=\"og:url\" content=\"http:\/\/www.bakutrading.ch\/n\/produkt\/armband-kupfer\/\" \/>\n<meta property=\"og:site_name\" content=\"BaKu Trading GmbH\" \/>\n<meta property=\"article:modified_time\" content=\"2018-12-11T08:49:26+00:00\" \/>\n<meta property=\"og:image\" content=\"http:\/\/www.bakutrading.ch\/n\/wp-content\/uploads\/2018\/05\/X7_37a-768x1024.jpg\" \/>\n\t<meta property=\"og:image:width\" content=\"768\" \/>\n\t<meta property=\"og:image:height\" content=\"1024\" \/>\n\t<meta property=\"og:image:type\" content=\"image\/jpeg\" \/>\n<meta name=\"twitter:label1\" content=\"Gesch\u00e4tzte Lesezeit\" \/>\n\t<meta name=\"twitter:data1\" content=\"1\u00a0Minute\" \/>\n<script type=\"application\/ld+json\" class=\"yoast-schema-graph\">{\"@context\":\"https:\/\/schema.org\",\"@graph\":[{\"@type\":\"WebPage\",\"@id\":\"http:\/\/www.bakutrading.ch\/n\/produkt\/armband-kupfer\/\",\"url\":\"http:\/\/www.bakutrading.ch\/n\/produkt\/armband-kupfer\/\",\"name\":\"Armband kupfer - BaKu Trading GmbH\",\"isPartOf\":{\"@id\":\"http:\/\/www.bakutrading.ch\/n\/#website\"},\"primaryImageOfPage\":{\"@id\":\"http:\/\/www.bakutrading.ch\/n\/produkt\/armband-kupfer\/#primaryimage\"},\"image\":{\"@id\":\"http:\/\/www.bakutrading.ch\/n\/produkt\/armband-kupfer\/#primaryimage\"},\"thumbnailUrl\":\"http:\/\/www.bakutrading.ch\/n\/wp-content\/uploads\/2018\/05\/X7_37a.jpg\",\"datePublished\":\"2018-05-15T15:56:34+00:00\",\"dateModified\":\"2018-12-11T08:49:26+00:00\",\"description\":\"Der Schmuck aus Strausseneierschalen ist eine alte afrikanische Tradition der San (Buschm\u00e4nner). Dieser aussergew\u00f6hnliche Schmuck ist passend zu jedem Look.\",\"breadcrumb\":{\"@id\":\"http:\/\/www.bakutrading.ch\/n\/produkt\/armband-kupfer\/#breadcrumb\"},\"inLanguage\":\"de\",\"potentialAction\":[{\"@type\":\"ReadAction\",\"target\":[\"http:\/\/www.bakutrading.ch\/n\/produkt\/armband-kupfer\/\"]}]},{\"@type\":\"ImageObject\",\"inLanguage\":\"de\",\"@id\":\"http:\/\/www.bakutrading.ch\/n\/produkt\/armband-kupfer\/#primaryimage\",\"url\":\"http:\/\/www.bakutrading.ch\/n\/wp-content\/uploads\/2018\/05\/X7_37a.jpg\",\"contentUrl\":\"http:\/\/www.bakutrading.ch\/n\/wp-content\/uploads\/2018\/05\/X7_37a.jpg\",\"width\":3672,\"height\":4896},{\"@type\":\"BreadcrumbList\",\"@id\":\"http:\/\/www.bakutrading.ch\/n\/produkt\/armband-kupfer\/#breadcrumb\",\"itemListElement\":[{\"@type\":\"ListItem\",\"position\":1,\"name\":\"Startseite\",\"item\":\"http:\/\/www.bakutrading.ch\/n\/\"},{\"@type\":\"ListItem\",\"position\":2,\"name\":\"Shop\",\"item\":\"http:\/\/www.bakutrading.ch\/n\/shop\/\"},{\"@type\":\"ListItem\",\"position\":3,\"name\":\"Armband kupfer\"}]},{\"@type\":\"WebSite\",\"@id\":\"http:\/\/www.bakutrading.ch\/n\/#website\",\"url\":\"http:\/\/www.bakutrading.ch\/n\/\",\"name\":\"BaKu Trading GmbH\",\"description\":\"BaKu Trading GmbH\",\"potentialAction\":[{\"@type\":\"SearchAction\",\"target\":{\"@type\":\"EntryPoint\",\"urlTemplate\":\"http:\/\/www.bakutrading.ch\/n\/?s={search_term_string}\"},\"query-input\":{\"@type\":\"PropertyValueSpecification\",\"valueRequired\":true,\"valueName\":\"search_term_string\"}}],\"inLanguage\":\"de\"}]}<\/script>\n<!-- \/ Yoast SEO plugin. -->","yoast_head_json":{"title":"Armband kupfer - BaKu Trading GmbH","description":"Der Schmuck aus Strausseneierschalen ist eine alte afrikanische Tradition der San (Buschm\u00e4nner). Dieser aussergew\u00f6hnliche Schmuck ist passend zu jedem Look.","robots":{"index":"index","follow":"follow","max-snippet":"max-snippet:-1","max-image-preview":"max-image-preview:large","max-video-preview":"max-video-preview:-1"},"canonical":"http:\/\/www.bakutrading.ch\/n\/produkt\/armband-kupfer\/","og_locale":"de_DE","og_type":"article","og_title":"Armband kupfer - BaKu Trading GmbH","og_description":"Der Schmuck aus Strausseneierschalen ist eine alte afrikanische Tradition der San (Buschm\u00e4nner). Dieser aussergew\u00f6hnliche Schmuck ist passend zu jedem Look.","og_url":"http:\/\/www.bakutrading.ch\/n\/produkt\/armband-kupfer\/","og_site_name":"BaKu Trading GmbH","article_modified_time":"2018-12-11T08:49:26+00:00","og_image":[{"width":768,"height":1024,"url":"http:\/\/www.bakutrading.ch\/n\/wp-content\/uploads\/2018\/05\/X7_37a-768x1024.jpg","type":"image\/jpeg"}],"twitter_misc":{"Gesch\u00e4tzte Lesezeit":"1\u00a0Minute"},"schema":{"@context":"https:\/\/schema.org","@graph":[{"@type":"WebPage","@id":"http:\/\/www.bakutrading.ch\/n\/produkt\/armband-kupfer\/","url":"http:\/\/www.bakutrading.ch\/n\/produkt\/armband-kupfer\/","name":"Armband kupfer - BaKu Trading GmbH","isPartOf":{"@id":"http:\/\/www.bakutrading.ch\/n\/#website"},"primaryImageOfPage":{"@id":"http:\/\/www.bakutrading.ch\/n\/produkt\/armband-kupfer\/#primaryimage"},"image":{"@id":"http:\/\/www.bakutrading.ch\/n\/produkt\/armband-kupfer\/#primaryimage"},"thumbnailUrl":"http:\/\/www.bakutrading.ch\/n\/wp-content\/uploads\/2018\/05\/X7_37a.jpg","datePublished":"2018-05-15T15:56:34+00:00","dateModified":"2018-12-11T08:49:26+00:00","description":"Der Schmuck aus Strausseneierschalen ist eine alte afrikanische Tradition der San (Buschm\u00e4nner). Dieser aussergew\u00f6hnliche Schmuck ist passend zu jedem Look.","breadcrumb":{"@id":"http:\/\/www.bakutrading.ch\/n\/produkt\/armband-kupfer\/#breadcrumb"},"inLanguage":"de","potentialAction":[{"@type":"ReadAction","target":["http:\/\/www.bakutrading.ch\/n\/produkt\/armband-kupfer\/"]}]},{"@type":"ImageObject","inLanguage":"de","@id":"http:\/\/www.bakutrading.ch\/n\/produkt\/armband-kupfer\/#primaryimage","url":"http:\/\/www.bakutrading.ch\/n\/wp-content\/uploads\/2018\/05\/X7_37a.jpg","contentUrl":"http:\/\/www.bakutrading.ch\/n\/wp-content\/uploads\/2018\/05\/X7_37a.jpg","width":3672,"height":4896},{"@type":"BreadcrumbList","@id":"http:\/\/www.bakutrading.ch\/n\/produkt\/armband-kupfer\/#breadcrumb","itemListElement":[{"@type":"ListItem","position":1,"name":"Startseite","item":"http:\/\/www.bakutrading.ch\/n\/"},{"@type":"ListItem","position":2,"name":"Shop","item":"http:\/\/www.bakutrading.ch\/n\/shop\/"},{"@type":"ListItem","position":3,"name":"Armband kupfer"}]},{"@type":"WebSite","@id":"http:\/\/www.bakutrading.ch\/n\/#website","url":"http:\/\/www.bakutrading.ch\/n\/","name":"BaKu Trading GmbH","description":"BaKu Trading GmbH","potentialAction":[{"@type":"SearchAction","target":{"@type":"EntryPoint","urlTemplate":"http:\/\/www.bakutrading.ch\/n\/?s={search_term_string}"},"query-input":{"@type":"PropertyValueSpecification","valueRequired":true,"valueName":"search_term_string"}}],"inLanguage":"de"}]}},"_links":{"self":[{"href":"http:\/\/www.bakutrading.ch\/n\/wp-json\/wp\/v2\/product\/9773","targetHints":{"allow":["GET"]}}],"collection":[{"href":"http:\/\/www.bakutrading.ch\/n\/wp-json\/wp\/v2\/product"}],"about":[{"href":"http:\/\/www.bakutrading.ch\/n\/wp-json\/wp\/v2\/types\/product"}],"replies":[{"embeddable":true,"href":"http:\/\/www.bakutrading.ch\/n\/wp-json\/wp\/v2\/comments?post=9773"}],"wp:featuredmedia":[{"embeddable":true,"href":"http:\/\/www.bakutrading.ch\/n\/wp-json\/wp\/v2\/media\/9774"}],"wp:attachment":[{"href":"http:\/\/www.bakutrading.ch\/n\/wp-json\/wp\/v2\/media?parent=9773"}],"wp:term":[{"taxonomy":"product_brand","embeddable":true,"href":"http:\/\/www.bakutrading.ch\/n\/wp-json\/wp\/v2\/product_brand?post=9773"},{"taxonomy":"product_cat","embeddable":true,"href":"http:\/\/www.bakutrading.ch\/n\/wp-json\/wp\/v2\/product_cat?post=9773"},{"taxonomy":"product_tag","embeddable":true,"href":"http:\/\/www.bakutrading.ch\/n\/wp-json\/wp\/v2\/product_tag?post=9773"}],"curies":[{"name":"wp","href":"https:\/\/api.w.org\/{rel}","templated":true}]}}