{"id":212,"date":"2012-10-22T12:11:15","date_gmt":"2012-10-22T12:11:15","guid":{"rendered":"http:\/\/template-demos.com\/wp\/WP01\/WP010005\/?page_id=4"},"modified":"2018-11-26T16:45:25","modified_gmt":"2018-11-26T16:45:25","slug":"home","status":"publish","type":"page","link":"https:\/\/www.bakutrading.ch\/n\/","title":{"rendered":"Home"},"content":{"rendered":"<p class=\"p1\">Afrikanisches Kunsthandwerk. bakutrading, baku, baku schweiz, baku ch, baku weggis, afrikanischer Kunsthandel, afrikanische Kunst, Namibia Afrikanische Kunst, botswana afrikanische Kunst, simbabwe afrikanische Kunst, S\u00fcdafrika afrikanische Kunst, Kamerun afrikanische Kunst, afrikanisches Kunsthandwerk, Shop, afrikanische Kunst, Sambia Kunsthandwerk, Kunst aus Afrika, Handarbeit aus Afrika, Afrikanische, Kunst kaufen, kaufen der Afrikanischer Kunst, afrikanische Kunst, Afrika Shop, Kudu, Kudulederschuhe, Kudulederschuhe Namibia, Namibia Kudulederschuhe, Lederschuhe Afrika, Afrika Lederschuhe, Vellies, Boots, Namibia Vellies, Namibia Boots, Vellies Namibia, Boots Namibia, Vellies Windhoek, Boots Windhoek, Windhoek Vellies, Windhoek Boots, Shilongo, Amarula, Liqueur Afrika, Afrika Amarula, amarula ch, amarula schweiz, amarula 12er pack, amarula flaschen, amarula im 12er karton, Tischl\u00e4ufer Simbabwe, Tischl\u00e4ufer Namibia, Tischl\u00e4ufer Kartoffeldruck, Tischl\u00e4ufer handbemalt, Tischl\u00e4ufer Zebra, Tischl\u00e4ufer Elefant, Tischl\u00e4ufer Perlhuhn, Tischl\u00e4ufer Giraffe, Tischl\u00e4ufer ethno, Tischtuch afrikanisch, Tischl\u00e4ufer afrikanisch, Tischset afrikanisch, afrikanisches Tischtuch, afrikanisches Tischset, afrikanischer Tischl\u00e4ufer, afrikanischer Schmuck, Schmuck, Modeschmuck, Schmuck afrikanisch, Modeschmuck afrikanisch, afrikanischer Modeschmuck, afrikanische Halskette, afrikanisches Bracelet, afrikanische Armkette, afrikanischer Armreif, afrikanischer Armring, Halskette afrikanisch, Bracelet afrikanisch, Armkette afrikanisch, Armreif afrikanisch, Armring afrikanisch, Collier, afrikanisches Collier, Collier afrikanisch, Halskette mit Ohrringe, Ohrringe afrikanisch, afrikanische Ohrringe, afrikanische Halskette mit Ohrringe, afrikanische Halskette mit Ohrh\u00e4nger, afrikanische Ohrh\u00e4nger, Ohrh\u00e4nger afrikanisch, afrikanische Giraffe, afrikanische Holzgiraffe, Giraffe Holz, Holzgiraffen, Giraffe klassisch, Giraffe 2m, Giraffe 2.30m, Giraffe Stein, Steingiraffe, Speckstein Giraffe, B\u00fcste Holz, afrikanische B\u00fcste Holz, B\u00fcste, afrikanische B\u00fcste, mamma afrika, Shaka Zulu, afrikanische B\u00fcste Stein, afrikanische B\u00fcste Speckstein, Speckstein, Serpentin, Serpentin Simbabwe, Simbabwe Serpentin, Sambia Ebenholz Figur, Ebenholz Figur, Figur Ebenholz, Holzschnitzereien Namibia, Namibia Schnitzerei, Wurzelschnitzerei Namibia, Massai Kenia Tansania, Massai Figur, Figur Massai, Massai Figur Holz, Namibia Kunstwerk, Strausseneier Namibia, Namibia Strausseneier, Strausseneier Schweiz, afrikanische B\u00fcste Schweiz, afrikanisches Kunsthandwerk Schweiz, Baule, Baule Schild, Tikar Maske, Masken Kamerun, Masken Ghana, Masken Gabun, afrikanisches Schild, Masken gepunzt, Metall gepunzt, Masken Holz, Hornbill, Afrika Hornbill, Toko Afrika, Hornbill Stein, Hornbill Speckstein, Toko Stein, Kudulederschuhe, afrikanische Perlenkette, afrikanische Glasperlenkette, Perlmuttkette, Holzkette afrikanisch, afrikanische Holzkette, Glasperlen afrika, Perlen afrika, Perlmutt afrika, afrika perlmutt, Massai Krieger, Fang Maske, beadet dolls, Glasperlen Puppen, Puppen Kamerun, Elefant Stein, Elefant Speckstein, die unzertrennlichen mozambique, Sandelholz Mozambique, die unzertrennlichen 7k, die unzertrennlichen, Elefant Holz, Elefanten Br\u00fccke, Elefantenring, bateke, bantu maske, maske bateke, yohure maske, maske yohure, punu maske, maske punu, kwele fensterladen maske, fensterlanden, maske kwele, fensterladen maske, luba maske, maske luba, chokwe maske, maske chokwe,<\/p>\n","protected":false},"excerpt":{"rendered":"<p>Afrikanisches Kunsthandwerk. bakutrading, baku, baku schweiz, baku ch, baku weggis, afrikanischer Kunsthandel, afrikanische Kunst, Namibia Afrikanische Kunst, botswana afrikanische Kunst, simbabwe afrikanische Kunst, S\u00fcdafrika afrikanische Kunst, Kamerun afrikanische Kunst, afrikanisches Kunsthandwerk, Shop, afrikanische Kunst, Sambia Kunsthandwerk, Kunst aus Afrika, Handarbeit aus Afrika, Afrikanische, Kunst kaufen, kaufen der Afrikanischer Kunst, afrikanische Kunst, Afrika Shop, Kudu, Kudulederschuhe, Kudulederschuhe Namibia, Namibia Kudulederschuhe, Lederschuhe Afrika, Afrika Lederschuhe, Vellies, Boots, Namibia Vellies, Namibia Boots, Vellies Namibia, Boots Namibia, Vellies Windhoek, Boots Windhoek, Windhoek Vellies, Windhoek Boots, Shilongo, Amarula, Liqueur Afrika, Afrika Amarula, amarula ch, amarula schweiz, amarula 12er pack, amarula flaschen, amarula im 12er karton, Tischl\u00e4ufer Simbabwe, Tischl\u00e4ufer Namibia, Tischl\u00e4ufer Kartoffeldruck, Tischl\u00e4ufer handbemalt, Tischl\u00e4ufer Zebra, Tischl\u00e4ufer Elefant, Tischl\u00e4ufer Perlhuhn, Tischl\u00e4ufer Giraffe, Tischl\u00e4ufer ethno, Tischtuch afrikanisch, Tischl\u00e4ufer afrikanisch, Tischset afrikanisch, afrikanisches Tischtuch, afrikanisches Tischset, afrikanischer Tischl\u00e4ufer, afrikanischer Schmuck, Schmuck, Modeschmuck, Schmuck afrikanisch, Modeschmuck afrikanisch, afrikanischer Modeschmuck, afrikanische Halskette, afrikanisches Bracelet, afrikanische Armkette, afrikanischer Armreif, afrikanischer Armring, Halskette afrikanisch, Bracelet afrikanisch, Armkette afrikanisch, Armreif afrikanisch, Armring afrikanisch, Collier, afrikanisches Collier, Collier afrikanisch, Halskette mit Ohrringe, Ohrringe afrikanisch, afrikanische Ohrringe, afrikanische Halskette mit Ohrringe, afrikanische Halskette mit Ohrh\u00e4nger, afrikanische Ohrh\u00e4nger, Ohrh\u00e4nger afrikanisch, afrikanische Giraffe, afrikanische Holzgiraffe, Giraffe Holz, Holzgiraffen, Giraffe klassisch, Giraffe 2m, Giraffe 2.30m, Giraffe Stein, Steingiraffe,&hellip; <a class=\"read-more\" href=\"https:\/\/www.bakutrading.ch\/n\/\">Read More<\/a><\/p>\n","protected":false},"author":1,"featured_media":9967,"parent":0,"menu_order":0,"comment_status":"closed","ping_status":"closed","template":"page-templates\/home.php","meta":{"ngg_post_thumbnail":0,"footnotes":""},"class_list":["post-212","page","type-page","status-publish","has-post-thumbnail","hentry"],"yoast_head":"<!-- This site is optimized with the Yoast SEO plugin v27.2 - https:\/\/yoast.com\/product\/yoast-seo-wordpress\/ -->\n<title>BaKu Trading GmbH - afrikanisches Kunsthandwerk<\/title>\n<meta name=\"description\" content=\"Direktimport afrikanisches Kunsthandwerk, Holzgiraffen bis zu 2.40m, Kudulederschuhe, Amarula, Masken, Elefanten, Schmuck, Speckstein zu fairen Preisen.\" \/>\n<meta name=\"robots\" content=\"index, follow, max-snippet:-1, max-image-preview:large, max-video-preview:-1\" \/>\n<link rel=\"canonical\" href=\"https:\/\/www.bakutrading.ch\/n\/\" \/>\n<meta property=\"og:locale\" content=\"de_DE\" \/>\n<meta property=\"og:type\" content=\"article\" \/>\n<meta property=\"og:title\" content=\"BaKu Trading GmbH - afrikanisches Kunsthandwerk\" \/>\n<meta property=\"og:description\" content=\"Direktimport afrikanisches Kunsthandwerk, Holzgiraffen bis zu 2.40m, Kudulederschuhe, Amarula, Masken, Elefanten, Schmuck, Speckstein zu fairen Preisen.\" \/>\n<meta property=\"og:url\" content=\"https:\/\/www.bakutrading.ch\/n\/\" \/>\n<meta property=\"og:site_name\" content=\"BaKu Trading GmbH\" \/>\n<meta property=\"article:modified_time\" content=\"2018-11-26T16:45:25+00:00\" \/>\n<meta property=\"og:image\" content=\"https:\/\/www.bakutrading.ch\/n\/wp-content\/uploads\/2018\/11\/DSC08881-1024x768.jpg\" \/>\n\t<meta property=\"og:image:width\" content=\"1024\" \/>\n\t<meta property=\"og:image:height\" content=\"768\" \/>\n\t<meta property=\"og:image:type\" content=\"image\/jpeg\" \/>\n<meta name=\"twitter:label1\" content=\"Gesch\u00e4tzte Lesezeit\" \/>\n\t<meta name=\"twitter:data1\" content=\"2\u00a0Minuten\" \/>\n<script type=\"application\/ld+json\" class=\"yoast-schema-graph\">{\"@context\":\"https:\/\/schema.org\",\"@graph\":[{\"@type\":\"WebPage\",\"@id\":\"https:\/\/www.bakutrading.ch\/n\/\",\"url\":\"https:\/\/www.bakutrading.ch\/n\/\",\"name\":\"BaKu Trading GmbH - afrikanisches Kunsthandwerk\",\"isPartOf\":{\"@id\":\"https:\/\/www.bakutrading.ch\/n\/#website\"},\"primaryImageOfPage\":{\"@id\":\"https:\/\/www.bakutrading.ch\/n\/#primaryimage\"},\"image\":{\"@id\":\"https:\/\/www.bakutrading.ch\/n\/#primaryimage\"},\"thumbnailUrl\":\"https:\/\/www.bakutrading.ch\/n\/wp-content\/uploads\/2018\/11\/DSC08881.jpg\",\"datePublished\":\"2012-10-22T12:11:15+00:00\",\"dateModified\":\"2018-11-26T16:45:25+00:00\",\"description\":\"Direktimport afrikanisches Kunsthandwerk, Holzgiraffen bis zu 2.40m, Kudulederschuhe, Amarula, Masken, Elefanten, Schmuck, Speckstein zu fairen Preisen.\",\"breadcrumb\":{\"@id\":\"https:\/\/www.bakutrading.ch\/n\/#breadcrumb\"},\"inLanguage\":\"de\",\"potentialAction\":[{\"@type\":\"ReadAction\",\"target\":[\"https:\/\/www.bakutrading.ch\/n\/\"]}]},{\"@type\":\"ImageObject\",\"inLanguage\":\"de\",\"@id\":\"https:\/\/www.bakutrading.ch\/n\/#primaryimage\",\"url\":\"https:\/\/www.bakutrading.ch\/n\/wp-content\/uploads\/2018\/11\/DSC08881.jpg\",\"contentUrl\":\"https:\/\/www.bakutrading.ch\/n\/wp-content\/uploads\/2018\/11\/DSC08881.jpg\",\"width\":5184,\"height\":3888},{\"@type\":\"BreadcrumbList\",\"@id\":\"https:\/\/www.bakutrading.ch\/n\/#breadcrumb\",\"itemListElement\":[{\"@type\":\"ListItem\",\"position\":1,\"name\":\"Startseite\",\"item\":\"https:\/\/www.bakutrading.ch\/n\/\"},{\"@type\":\"ListItem\",\"position\":2,\"name\":\"Home\"}]},{\"@type\":\"WebSite\",\"@id\":\"https:\/\/www.bakutrading.ch\/n\/#website\",\"url\":\"https:\/\/www.bakutrading.ch\/n\/\",\"name\":\"BaKu Trading GmbH\",\"description\":\"BaKu Trading GmbH\",\"potentialAction\":[{\"@type\":\"SearchAction\",\"target\":{\"@type\":\"EntryPoint\",\"urlTemplate\":\"https:\/\/www.bakutrading.ch\/n\/?s={search_term_string}\"},\"query-input\":{\"@type\":\"PropertyValueSpecification\",\"valueRequired\":true,\"valueName\":\"search_term_string\"}}],\"inLanguage\":\"de\"}]}<\/script>\n<!-- \/ Yoast SEO plugin. -->","yoast_head_json":{"title":"BaKu Trading GmbH - afrikanisches Kunsthandwerk","description":"Direktimport afrikanisches Kunsthandwerk, Holzgiraffen bis zu 2.40m, Kudulederschuhe, Amarula, Masken, Elefanten, Schmuck, Speckstein zu fairen Preisen.","robots":{"index":"index","follow":"follow","max-snippet":"max-snippet:-1","max-image-preview":"max-image-preview:large","max-video-preview":"max-video-preview:-1"},"canonical":"https:\/\/www.bakutrading.ch\/n\/","og_locale":"de_DE","og_type":"article","og_title":"BaKu Trading GmbH - afrikanisches Kunsthandwerk","og_description":"Direktimport afrikanisches Kunsthandwerk, Holzgiraffen bis zu 2.40m, Kudulederschuhe, Amarula, Masken, Elefanten, Schmuck, Speckstein zu fairen Preisen.","og_url":"https:\/\/www.bakutrading.ch\/n\/","og_site_name":"BaKu Trading GmbH","article_modified_time":"2018-11-26T16:45:25+00:00","og_image":[{"width":1024,"height":768,"url":"https:\/\/www.bakutrading.ch\/n\/wp-content\/uploads\/2018\/11\/DSC08881-1024x768.jpg","type":"image\/jpeg"}],"twitter_misc":{"Gesch\u00e4tzte Lesezeit":"2\u00a0Minuten"},"schema":{"@context":"https:\/\/schema.org","@graph":[{"@type":"WebPage","@id":"https:\/\/www.bakutrading.ch\/n\/","url":"https:\/\/www.bakutrading.ch\/n\/","name":"BaKu Trading GmbH - afrikanisches Kunsthandwerk","isPartOf":{"@id":"https:\/\/www.bakutrading.ch\/n\/#website"},"primaryImageOfPage":{"@id":"https:\/\/www.bakutrading.ch\/n\/#primaryimage"},"image":{"@id":"https:\/\/www.bakutrading.ch\/n\/#primaryimage"},"thumbnailUrl":"https:\/\/www.bakutrading.ch\/n\/wp-content\/uploads\/2018\/11\/DSC08881.jpg","datePublished":"2012-10-22T12:11:15+00:00","dateModified":"2018-11-26T16:45:25+00:00","description":"Direktimport afrikanisches Kunsthandwerk, Holzgiraffen bis zu 2.40m, Kudulederschuhe, Amarula, Masken, Elefanten, Schmuck, Speckstein zu fairen Preisen.","breadcrumb":{"@id":"https:\/\/www.bakutrading.ch\/n\/#breadcrumb"},"inLanguage":"de","potentialAction":[{"@type":"ReadAction","target":["https:\/\/www.bakutrading.ch\/n\/"]}]},{"@type":"ImageObject","inLanguage":"de","@id":"https:\/\/www.bakutrading.ch\/n\/#primaryimage","url":"https:\/\/www.bakutrading.ch\/n\/wp-content\/uploads\/2018\/11\/DSC08881.jpg","contentUrl":"https:\/\/www.bakutrading.ch\/n\/wp-content\/uploads\/2018\/11\/DSC08881.jpg","width":5184,"height":3888},{"@type":"BreadcrumbList","@id":"https:\/\/www.bakutrading.ch\/n\/#breadcrumb","itemListElement":[{"@type":"ListItem","position":1,"name":"Startseite","item":"https:\/\/www.bakutrading.ch\/n\/"},{"@type":"ListItem","position":2,"name":"Home"}]},{"@type":"WebSite","@id":"https:\/\/www.bakutrading.ch\/n\/#website","url":"https:\/\/www.bakutrading.ch\/n\/","name":"BaKu Trading GmbH","description":"BaKu Trading GmbH","potentialAction":[{"@type":"SearchAction","target":{"@type":"EntryPoint","urlTemplate":"https:\/\/www.bakutrading.ch\/n\/?s={search_term_string}"},"query-input":{"@type":"PropertyValueSpecification","valueRequired":true,"valueName":"search_term_string"}}],"inLanguage":"de"}]}},"_links":{"self":[{"href":"https:\/\/www.bakutrading.ch\/n\/wp-json\/wp\/v2\/pages\/212","targetHints":{"allow":["GET"]}}],"collection":[{"href":"https:\/\/www.bakutrading.ch\/n\/wp-json\/wp\/v2\/pages"}],"about":[{"href":"https:\/\/www.bakutrading.ch\/n\/wp-json\/wp\/v2\/types\/page"}],"author":[{"embeddable":true,"href":"https:\/\/www.bakutrading.ch\/n\/wp-json\/wp\/v2\/users\/1"}],"replies":[{"embeddable":true,"href":"https:\/\/www.bakutrading.ch\/n\/wp-json\/wp\/v2\/comments?post=212"}],"version-history":[{"count":13,"href":"https:\/\/www.bakutrading.ch\/n\/wp-json\/wp\/v2\/pages\/212\/revisions"}],"predecessor-version":[{"id":7823,"href":"https:\/\/www.bakutrading.ch\/n\/wp-json\/wp\/v2\/pages\/212\/revisions\/7823"}],"wp:featuredmedia":[{"embeddable":true,"href":"https:\/\/www.bakutrading.ch\/n\/wp-json\/wp\/v2\/media\/9967"}],"wp:attachment":[{"href":"https:\/\/www.bakutrading.ch\/n\/wp-json\/wp\/v2\/media?parent=212"}],"curies":[{"name":"wp","href":"https:\/\/api.w.org\/{rel}","templated":true}]}}