{"id":2446,"date":"2014-08-22T07:47:24","date_gmt":"2014-08-22T07:47:24","guid":{"rendered":"http:\/\/www.bakutrading.ch\/n\/?page_id=2446"},"modified":"2016-04-18T09:07:17","modified_gmt":"2016-04-18T09:07:17","slug":"agbs","status":"publish","type":"page","link":"https:\/\/www.bakutrading.ch\/n\/agbs\/","title":{"rendered":"Allgemeine Gesch\u00e4ftsbedingungen BaKu Trading GmbH (AGB)"},"content":{"rendered":"<h3><strong>\u00a71 Allgemeines, Geltungsbereich<\/strong><\/h3>\n<p>(1) Die Online-Bestellung von Produkten erfolgt auf der Grundlage der nachfolgenden Allgemeinen Gesch\u00e4ftsbedingungen (AGB) f\u00fcr Online-Gesch\u00e4fte.<br \/>\n(2) Mit dem Absenden der Online-Bestellung akzeptiert der Benutzer die vorliegenden AGB.<br \/>\n(3) Diese Gesch\u00e4ftsbedingungen gelten auch f\u00fcr alle zuk\u00fcnftigen Gesch\u00e4fte mit dem Besteller, soweit es sich um Rechtsgesch\u00e4fte verwandter Art handelt.<br \/>\n(4) Entgegenstehende Bestimmungen von Allgemeinen Gesch\u00e4ftsbedingungen des Bestellers finden keine Anwendung.<\/p>\n<h3><strong>\u00a72 Vertragsschluss<\/strong><\/h3>\n<p>(1) Die Angebote der BaKu Trading GmbH im Internetshop sind freibleibend und unverbindlich. Die Bestellung eines Kunden \u00fcber den Internetshop gilt als ein verbindliches Angebot an die BaKu Trading GmbH. Der Kunde verpflichtet sich , bei seiner Bestellung wahrheitsgetreue Angaben zu machen.<br \/>\n(2) Der Vertrag kommt erst mit der Annahmeerkl\u00e4rung der BaKu Trading GmbH zustande. Als Annahmeerkl\u00e4rung gilt die Best\u00e4tigung des Zugangs der Bestellung durch E-Mail. Dies gilt jedoch nicht, wenn individuell kommuniziert wird.<br \/>\n(3) Der Vertragstext wird von der BaKu Trading GmbH gespeichert. Er ist dem Besteller jedoch nicht zug\u00e4nglich.<\/p>\n<h3><strong>\u00a73 Preise, Mehrwertsteuer<\/strong><\/h3>\n<p>(1) Massgeblich f\u00fcr die Rechnungsstellung ist der Preis zum Zeitpunkt der Bestellung.<br \/>\n(2) Zum jeweils angegebenen Preis ist die anfallende gesetzlich vorgeschriebene schweizerische Mehrwertsteuer von 8% enthalten. Versandkosten werden gesondert berechnet. Die BaKu Trading GmbH beh\u00e4lt sich Preis\u00e4nderungen ausdr\u00fccklich vor.<\/p>\n<h3><strong>\u00a74 Lieferung, Versandkosten<\/strong><\/h3>\n<p>(1) Die Lieferung erfolgt duch Sendung des Kaufgegenstandes an die vom K\u00e4ufer mitgeteilte Adresse.<br \/>\n(2) Die BaKu Trading GmbH ist bem\u00fcht, die bestellten Artikel schnellstm\u00f6glichst zu versenden. Die Lieferung der Ware erfolgt auf Kosten des Kunden bis CHF 100.00 Bestellwert. Bei Lieferverz\u00f6gerungen wird keine Haftung \u00fcbernommen.<br \/>\n(3) Die Porto- und Verpackungspauschale mit Versand innerhalb der Schweiz betr\u00e4gt CHF 9.00 bis\u00a0CHF\u00a0100.00 Bestellwert. Der Versand ist kostenlos ab CHF 100.00 Bestellwert.<br \/>\nDie BaKu Trading GmbH beh\u00e4lt sich vor, Preis\u00e4nderungen bei den Tarifen der Schweizerischen Post an ihre Kunden weiterzugeben.<\/p>\n<h3><strong>\u00a75 Eigentumsvorbehalt<\/strong><\/h3>\n<p>Die Ware bleibt bis zur vollst\u00e4ndigen Bezahlung Eigentum der BaKu Trading GmbH.<\/p>\n<h3><strong>\u00a76 Gew\u00e4hrleistung<\/strong><\/h3>\n<p>Schadenersatzanspr\u00fcche sind sowohl gegen die BaKu Trading GmbH als auch gegen ihre Angestellten ausgeschlossen, soweit nicht ein vors\u00e4tzliches oder grob fahrl\u00e4ssiges Handeln vorliegt.<\/p>\n<h3><strong>\u00a77 Widerruf, R\u00fcckgaberecht<\/strong><\/h3>\n<p>Sie kaufen bei uns mit 14\u00a0Tagen R\u00fcckgaberecht. Das heisst der Kaufvertrag wird erst 14 Tage nach Rechnungsdatum wirksam.<br \/>\nSollte die gelieferte Ware nicht Ihren Erwartungen entsprechen, senden Sie<strong> nach telefonischer R\u00fccksprache mit BaKu Trading GmbH (041 390 26 58) <\/strong>innerhalb von 14 Tagen den Artikel ohne Gebrauchsspuren und in Originalverpackung frankiert zur\u00fcck. Beachten Sie, dass nur frankierte Pakete angenommen werden. Versandkosten gehen zu Lasten des Absenders.<br \/>\nKundenr\u00fcckzahlung erfolgt nach Erhalt und Kontrolle der Ware.<\/p>\n<h3><strong>\u00a78 Datenschutz<\/strong><\/h3>\n<p>Die Bearbeitung von Personendaten (Namen, Postadressen, Telefonnummern etc.), welche der Kunde im Zusammenhang mit der Benutzung der Online-Dienstleistung der BaKu Trading GmbH bekannt gibt, unterliegt der Datenschutzgesetzgebung. Eine Weitergabe Ihrer Daten an Dritte findet nicht statt.<\/p>\n<h3><strong>\u00a79 Gerrichtsstand und anwendbares Recht<\/strong><\/h3>\n<p>(1) Anwendbar ist ausschliesslich Schweizerisches Recht.<br \/>\n(2) F\u00fcr alle Streitigkeiten aus dem Vertragsverh\u00e4ltnis ist Gerichtsstand\u00a0Luzern (CH).<\/p>\n<h3><strong>\u00a710 Verschiedenes<\/strong><\/h3>\n<p>Die BaKu Trading GmbH beh\u00e4lt sich vor, die vorliegenden AGB jederzeit anzupassen. \u00c4nderungen werden dem Kunden in geeigneter Weise, insbesondere duch entsprechende Publikationen auf den Internet-Seiten der BaKu Trading GmbH mitgeteilt.<\/p>\n<h3><strong>\u00a711 Salvatorische Klausel<\/strong><\/h3>\n<p>Sollten eine oder mehrere Klauseln dieser AGB unwirksam sein, so zieht dies nicht die Unwirksamkeit des gesamten Vertrages nach sich. Die unwirksame Regelung wird durch die einschl\u00e4gige gesetzliche Vorschrift ersetzt.<\/p>\n<p>&nbsp;<\/p>\n<p>BaKu Trading GmbH<br \/>\nWeggis, Oktober 2014<\/p>\n<p>&nbsp;<\/p>\n<p>&nbsp;<\/p>\n<p>&nbsp;<\/p>\n","protected":false},"excerpt":{"rendered":"<p>\u00a71 Allgemeines, Geltungsbereich (1) Die Online-Bestellung von Produkten erfolgt auf der Grundlage der nachfolgenden Allgemeinen Gesch\u00e4ftsbedingungen (AGB) f\u00fcr Online-Gesch\u00e4fte. (2) Mit dem Absenden der Online-Bestellung akzeptiert der Benutzer die vorliegenden AGB. (3) Diese Gesch\u00e4ftsbedingungen gelten auch f\u00fcr alle zuk\u00fcnftigen Gesch\u00e4fte mit dem Besteller, soweit es sich um Rechtsgesch\u00e4fte verwandter Art handelt. (4) Entgegenstehende Bestimmungen von Allgemeinen Gesch\u00e4ftsbedingungen des Bestellers finden keine Anwendung. \u00a72 Vertragsschluss (1) Die Angebote der BaKu Trading GmbH im Internetshop sind freibleibend und unverbindlich. Die Bestellung eines Kunden \u00fcber den Internetshop gilt als ein verbindliches Angebot an die BaKu Trading GmbH. Der Kunde verpflichtet sich , bei seiner Bestellung wahrheitsgetreue Angaben zu machen. (2) Der Vertrag kommt erst mit der Annahmeerkl\u00e4rung der BaKu Trading GmbH zustande. Als Annahmeerkl\u00e4rung gilt die Best\u00e4tigung des Zugangs der Bestellung durch E-Mail. Dies gilt jedoch nicht, wenn individuell kommuniziert wird. (3) Der Vertragstext wird von der BaKu Trading GmbH gespeichert. Er ist dem Besteller jedoch nicht zug\u00e4nglich. \u00a73 Preise, Mehrwertsteuer (1) Massgeblich f\u00fcr die Rechnungsstellung ist der Preis zum Zeitpunkt der Bestellung. (2) Zum jeweils angegebenen Preis ist die anfallende gesetzlich vorgeschriebene schweizerische Mehrwertsteuer von 8% enthalten. Versandkosten werden gesondert berechnet. Die BaKu Trading GmbH beh\u00e4lt sich Preis\u00e4nderungen ausdr\u00fccklich vor. \u00a74 Lieferung,&hellip; <a class=\"read-more\" href=\"https:\/\/www.bakutrading.ch\/n\/agbs\/\">Read More<\/a><\/p>\n","protected":false},"author":1,"featured_media":0,"parent":0,"menu_order":0,"comment_status":"open","ping_status":"closed","template":"","meta":{"ngg_post_thumbnail":0,"footnotes":""},"class_list":["post-2446","page","type-page","status-publish","hentry"],"yoast_head":"<!-- This site is optimized with the Yoast SEO plugin v27.2 - https:\/\/yoast.com\/product\/yoast-seo-wordpress\/ -->\n<title>Allgemeine Gesch\u00e4ftsbedingungen BaKu Trading GmbH (AGB) - BaKu Trading GmbH<\/title>\n<meta name=\"robots\" content=\"index, follow, max-snippet:-1, max-image-preview:large, max-video-preview:-1\" \/>\n<link rel=\"canonical\" href=\"http:\/\/www.bakutrading.ch\/n\/agbs\/\" \/>\n<meta property=\"og:locale\" content=\"de_DE\" \/>\n<meta property=\"og:type\" content=\"article\" \/>\n<meta property=\"og:title\" content=\"Allgemeine Gesch\u00e4ftsbedingungen BaKu Trading GmbH (AGB) - BaKu Trading GmbH\" \/>\n<meta property=\"og:description\" content=\"\u00a71 Allgemeines, Geltungsbereich (1) Die Online-Bestellung von Produkten erfolgt auf der Grundlage der nachfolgenden Allgemeinen Gesch\u00e4ftsbedingungen (AGB) f\u00fcr Online-Gesch\u00e4fte. (2) Mit dem Absenden der Online-Bestellung akzeptiert der Benutzer die vorliegenden AGB. (3) Diese Gesch\u00e4ftsbedingungen gelten auch f\u00fcr alle zuk\u00fcnftigen Gesch\u00e4fte mit dem Besteller, soweit es sich um Rechtsgesch\u00e4fte verwandter Art handelt. (4) Entgegenstehende Bestimmungen von Allgemeinen Gesch\u00e4ftsbedingungen des Bestellers finden keine Anwendung. \u00a72 Vertragsschluss (1) Die Angebote der BaKu Trading GmbH im Internetshop sind freibleibend und unverbindlich. Die Bestellung eines Kunden \u00fcber den Internetshop gilt als ein verbindliches Angebot an die BaKu Trading GmbH. Der Kunde verpflichtet sich , bei seiner Bestellung wahrheitsgetreue Angaben zu machen. (2) Der Vertrag kommt erst mit der Annahmeerkl\u00e4rung der BaKu Trading GmbH zustande. Als Annahmeerkl\u00e4rung gilt die Best\u00e4tigung des Zugangs der Bestellung durch E-Mail. Dies gilt jedoch nicht, wenn individuell kommuniziert wird. (3) Der Vertragstext wird von der BaKu Trading GmbH gespeichert. Er ist dem Besteller jedoch nicht zug\u00e4nglich. \u00a73 Preise, Mehrwertsteuer (1) Massgeblich f\u00fcr die Rechnungsstellung ist der Preis zum Zeitpunkt der Bestellung. (2) Zum jeweils angegebenen Preis ist die anfallende gesetzlich vorgeschriebene schweizerische Mehrwertsteuer von 8% enthalten. Versandkosten werden gesondert berechnet. Die BaKu Trading GmbH beh\u00e4lt sich Preis\u00e4nderungen ausdr\u00fccklich vor. \u00a74 Lieferung,&hellip; Read More\" \/>\n<meta property=\"og:url\" content=\"http:\/\/www.bakutrading.ch\/n\/agbs\/\" \/>\n<meta property=\"og:site_name\" content=\"BaKu Trading GmbH\" \/>\n<meta property=\"article:modified_time\" content=\"2016-04-18T09:07:17+00:00\" \/>\n<meta name=\"twitter:label1\" content=\"Gesch\u00e4tzte Lesezeit\" \/>\n\t<meta name=\"twitter:data1\" content=\"3\u00a0Minuten\" \/>\n<script type=\"application\/ld+json\" class=\"yoast-schema-graph\">{\"@context\":\"https:\/\/schema.org\",\"@graph\":[{\"@type\":\"WebPage\",\"@id\":\"http:\/\/www.bakutrading.ch\/n\/agbs\/\",\"url\":\"http:\/\/www.bakutrading.ch\/n\/agbs\/\",\"name\":\"Allgemeine Gesch\u00e4ftsbedingungen BaKu Trading GmbH (AGB) - BaKu Trading GmbH\",\"isPartOf\":{\"@id\":\"https:\/\/www.bakutrading.ch\/n\/#website\"},\"datePublished\":\"2014-08-22T07:47:24+00:00\",\"dateModified\":\"2016-04-18T09:07:17+00:00\",\"breadcrumb\":{\"@id\":\"http:\/\/www.bakutrading.ch\/n\/agbs\/#breadcrumb\"},\"inLanguage\":\"de\",\"potentialAction\":[{\"@type\":\"ReadAction\",\"target\":[\"http:\/\/www.bakutrading.ch\/n\/agbs\/\"]}]},{\"@type\":\"BreadcrumbList\",\"@id\":\"http:\/\/www.bakutrading.ch\/n\/agbs\/#breadcrumb\",\"itemListElement\":[{\"@type\":\"ListItem\",\"position\":1,\"name\":\"Startseite\",\"item\":\"https:\/\/www.bakutrading.ch\/n\/\"},{\"@type\":\"ListItem\",\"position\":2,\"name\":\"Allgemeine Gesch\u00e4ftsbedingungen BaKu Trading GmbH (AGB)\"}]},{\"@type\":\"WebSite\",\"@id\":\"https:\/\/www.bakutrading.ch\/n\/#website\",\"url\":\"https:\/\/www.bakutrading.ch\/n\/\",\"name\":\"BaKu Trading GmbH\",\"description\":\"BaKu Trading GmbH\",\"potentialAction\":[{\"@type\":\"SearchAction\",\"target\":{\"@type\":\"EntryPoint\",\"urlTemplate\":\"https:\/\/www.bakutrading.ch\/n\/?s={search_term_string}\"},\"query-input\":{\"@type\":\"PropertyValueSpecification\",\"valueRequired\":true,\"valueName\":\"search_term_string\"}}],\"inLanguage\":\"de\"}]}<\/script>\n<!-- \/ Yoast SEO plugin. -->","yoast_head_json":{"title":"Allgemeine Gesch\u00e4ftsbedingungen BaKu Trading GmbH (AGB) - BaKu Trading GmbH","robots":{"index":"index","follow":"follow","max-snippet":"max-snippet:-1","max-image-preview":"max-image-preview:large","max-video-preview":"max-video-preview:-1"},"canonical":"http:\/\/www.bakutrading.ch\/n\/agbs\/","og_locale":"de_DE","og_type":"article","og_title":"Allgemeine Gesch\u00e4ftsbedingungen BaKu Trading GmbH (AGB) - BaKu Trading GmbH","og_description":"\u00a71 Allgemeines, Geltungsbereich (1) Die Online-Bestellung von Produkten erfolgt auf der Grundlage der nachfolgenden Allgemeinen Gesch\u00e4ftsbedingungen (AGB) f\u00fcr Online-Gesch\u00e4fte. (2) Mit dem Absenden der Online-Bestellung akzeptiert der Benutzer die vorliegenden AGB. (3) Diese Gesch\u00e4ftsbedingungen gelten auch f\u00fcr alle zuk\u00fcnftigen Gesch\u00e4fte mit dem Besteller, soweit es sich um Rechtsgesch\u00e4fte verwandter Art handelt. (4) Entgegenstehende Bestimmungen von Allgemeinen Gesch\u00e4ftsbedingungen des Bestellers finden keine Anwendung. \u00a72 Vertragsschluss (1) Die Angebote der BaKu Trading GmbH im Internetshop sind freibleibend und unverbindlich. Die Bestellung eines Kunden \u00fcber den Internetshop gilt als ein verbindliches Angebot an die BaKu Trading GmbH. Der Kunde verpflichtet sich , bei seiner Bestellung wahrheitsgetreue Angaben zu machen. (2) Der Vertrag kommt erst mit der Annahmeerkl\u00e4rung der BaKu Trading GmbH zustande. Als Annahmeerkl\u00e4rung gilt die Best\u00e4tigung des Zugangs der Bestellung durch E-Mail. Dies gilt jedoch nicht, wenn individuell kommuniziert wird. (3) Der Vertragstext wird von der BaKu Trading GmbH gespeichert. Er ist dem Besteller jedoch nicht zug\u00e4nglich. \u00a73 Preise, Mehrwertsteuer (1) Massgeblich f\u00fcr die Rechnungsstellung ist der Preis zum Zeitpunkt der Bestellung. (2) Zum jeweils angegebenen Preis ist die anfallende gesetzlich vorgeschriebene schweizerische Mehrwertsteuer von 8% enthalten. Versandkosten werden gesondert berechnet. Die BaKu Trading GmbH beh\u00e4lt sich Preis\u00e4nderungen ausdr\u00fccklich vor. \u00a74 Lieferung,&hellip; Read More","og_url":"http:\/\/www.bakutrading.ch\/n\/agbs\/","og_site_name":"BaKu Trading GmbH","article_modified_time":"2016-04-18T09:07:17+00:00","twitter_misc":{"Gesch\u00e4tzte Lesezeit":"3\u00a0Minuten"},"schema":{"@context":"https:\/\/schema.org","@graph":[{"@type":"WebPage","@id":"http:\/\/www.bakutrading.ch\/n\/agbs\/","url":"http:\/\/www.bakutrading.ch\/n\/agbs\/","name":"Allgemeine Gesch\u00e4ftsbedingungen BaKu Trading GmbH (AGB) - BaKu Trading GmbH","isPartOf":{"@id":"https:\/\/www.bakutrading.ch\/n\/#website"},"datePublished":"2014-08-22T07:47:24+00:00","dateModified":"2016-04-18T09:07:17+00:00","breadcrumb":{"@id":"http:\/\/www.bakutrading.ch\/n\/agbs\/#breadcrumb"},"inLanguage":"de","potentialAction":[{"@type":"ReadAction","target":["http:\/\/www.bakutrading.ch\/n\/agbs\/"]}]},{"@type":"BreadcrumbList","@id":"http:\/\/www.bakutrading.ch\/n\/agbs\/#breadcrumb","itemListElement":[{"@type":"ListItem","position":1,"name":"Startseite","item":"https:\/\/www.bakutrading.ch\/n\/"},{"@type":"ListItem","position":2,"name":"Allgemeine Gesch\u00e4ftsbedingungen BaKu Trading GmbH (AGB)"}]},{"@type":"WebSite","@id":"https:\/\/www.bakutrading.ch\/n\/#website","url":"https:\/\/www.bakutrading.ch\/n\/","name":"BaKu Trading GmbH","description":"BaKu Trading GmbH","potentialAction":[{"@type":"SearchAction","target":{"@type":"EntryPoint","urlTemplate":"https:\/\/www.bakutrading.ch\/n\/?s={search_term_string}"},"query-input":{"@type":"PropertyValueSpecification","valueRequired":true,"valueName":"search_term_string"}}],"inLanguage":"de"}]}},"_links":{"self":[{"href":"https:\/\/www.bakutrading.ch\/n\/wp-json\/wp\/v2\/pages\/2446","targetHints":{"allow":["GET"]}}],"collection":[{"href":"https:\/\/www.bakutrading.ch\/n\/wp-json\/wp\/v2\/pages"}],"about":[{"href":"https:\/\/www.bakutrading.ch\/n\/wp-json\/wp\/v2\/types\/page"}],"author":[{"embeddable":true,"href":"https:\/\/www.bakutrading.ch\/n\/wp-json\/wp\/v2\/users\/1"}],"replies":[{"embeddable":true,"href":"https:\/\/www.bakutrading.ch\/n\/wp-json\/wp\/v2\/comments?post=2446"}],"version-history":[{"count":20,"href":"https:\/\/www.bakutrading.ch\/n\/wp-json\/wp\/v2\/pages\/2446\/revisions"}],"predecessor-version":[{"id":7781,"href":"https:\/\/www.bakutrading.ch\/n\/wp-json\/wp\/v2\/pages\/2446\/revisions\/7781"}],"wp:attachment":[{"href":"https:\/\/www.bakutrading.ch\/n\/wp-json\/wp\/v2\/media?parent=2446"}],"curies":[{"name":"wp","href":"https:\/\/api.w.org\/{rel}","templated":true}]}}