{"id":6919,"date":"2015-12-18T14:18:54","date_gmt":"2015-12-18T14:18:54","guid":{"rendered":"http:\/\/www.bakutrading.ch\/n\/?page_id=6919"},"modified":"2019-11-22T08:59:21","modified_gmt":"2019-11-22T08:59:21","slug":"fair-trade","status":"publish","type":"page","link":"https:\/\/www.bakutrading.ch\/n\/fair-trade\/","title":{"rendered":"FAIR TRADE"},"content":{"rendered":"<h2><strong>Eine echte Win-win Situation mit <\/strong><strong>unseren K\u00fcnstler und Lieferanten, David, Victor, Hillary, Erasmus&#8230;.<\/strong><\/h2>\n<p>Die Herstellung von Kunstgegenst\u00e4nden ist in den V\u00f6lkern Afrikas sehr verbreitet. Die Verarbeitung von Holz, Stein, Metall etc. ist \u00fcber Generationen gewachsen und verfeinert worden. Sei es zur Feier von Zeremonien, zum Abbilden der nat\u00fcrlichen Umgebung aber auch zum Verkauf an Touristen, werden Kunstwerke in tage- ja wochenlanger Handarbeit&nbsp;&nbsp;gefertigt. Durch die politischen Situationen in den einzelnen L\u00e4ndern, aber auch durch wirtschaftliche Schwankungen in Europa und Amerika bleiben die K\u00e4ufer oftmals aus. Am Beispiel Simbabwe wird einem sehr direkt vor Augen gef\u00fchrt, wie sich eine falsche Politik auf das Volk auswirkt. Wie immer leiden die \u00c4rmsten am meisten.<br \/>\nMit&nbsp;der Firma <strong>BaKu Trading GmbH <\/strong>schliessen wir einen Teil&nbsp;dieser L\u00fccke und erm\u00f6glichen unseren K\u00fcnstlern einen konstanten Absatz zu fairen Preisen. Eine echte Win\/Win Situation.<\/p>\n<p style=\"text-align: left;\">&nbsp;<a href=\"http:\/\/www.bakutrading.ch\/n\/fair-trade\/k12\/\"><img loading=\"lazy\" decoding=\"async\" width=\"300\" height=\"225\" class=\"alignnone wp-image-10786 size-medium\" alt=\"\" src=\"http:\/\/www.bakutrading.ch\/n\/wp-content\/uploads\/2019\/11\/K12-300x225.jpg\" srcset=\"https:\/\/www.bakutrading.ch\/n\/wp-content\/uploads\/2019\/11\/K12-300x225.jpg 300w, https:\/\/www.bakutrading.ch\/n\/wp-content\/uploads\/2019\/11\/K12-1024x768.jpg 1024w, https:\/\/www.bakutrading.ch\/n\/wp-content\/uploads\/2019\/11\/K12-768x576.jpg 768w, https:\/\/www.bakutrading.ch\/n\/wp-content\/uploads\/2019\/11\/K12-1536x1152.jpg 1536w, https:\/\/www.bakutrading.ch\/n\/wp-content\/uploads\/2019\/11\/K12-2048x1536.jpg 2048w, https:\/\/www.bakutrading.ch\/n\/wp-content\/uploads\/2019\/11\/K12-475x356.jpg 475w\" sizes=\"auto, (max-width: 300px) 100vw, 300px\" \/><\/a><a href=\"http:\/\/www.bakutrading.ch\/n\/fair-trade\/k16\/\" rel=\"attachment wp-att-10788\"><img loading=\"lazy\" decoding=\"async\" width=\"300\" height=\"225\" class=\"alignnone wp-image-10793 size-medium\" alt=\"\" src=\"http:\/\/www.bakutrading.ch\/n\/wp-content\/uploads\/2019\/11\/K16-300x225.jpg\" srcset=\"https:\/\/www.bakutrading.ch\/n\/wp-content\/uploads\/2019\/11\/K16-300x225.jpg 300w, https:\/\/www.bakutrading.ch\/n\/wp-content\/uploads\/2019\/11\/K16-1024x768.jpg 1024w, https:\/\/www.bakutrading.ch\/n\/wp-content\/uploads\/2019\/11\/K16-768x576.jpg 768w, https:\/\/www.bakutrading.ch\/n\/wp-content\/uploads\/2019\/11\/K16-1536x1152.jpg 1536w, https:\/\/www.bakutrading.ch\/n\/wp-content\/uploads\/2019\/11\/K16-2048x1536.jpg 2048w, https:\/\/www.bakutrading.ch\/n\/wp-content\/uploads\/2019\/11\/K16-475x356.jpg 475w\" sizes=\"auto, (max-width: 300px) 100vw, 300px\" \/><\/a><a href=\"http:\/\/www.bakutrading.ch\/n\/fair-trade\/k11\/\" rel=\"attachment wp-att-10789\"><img loading=\"lazy\" decoding=\"async\" width=\"300\" height=\"225\" class=\"alignnone wp-image-10789 size-medium\" alt=\"\" src=\"http:\/\/www.bakutrading.ch\/n\/wp-content\/uploads\/2019\/11\/K11-300x225.jpg\" srcset=\"https:\/\/www.bakutrading.ch\/n\/wp-content\/uploads\/2019\/11\/K11-300x225.jpg 300w, https:\/\/www.bakutrading.ch\/n\/wp-content\/uploads\/2019\/11\/K11-1024x768.jpg 1024w, https:\/\/www.bakutrading.ch\/n\/wp-content\/uploads\/2019\/11\/K11-768x576.jpg 768w, https:\/\/www.bakutrading.ch\/n\/wp-content\/uploads\/2019\/11\/K11-1536x1152.jpg 1536w, https:\/\/www.bakutrading.ch\/n\/wp-content\/uploads\/2019\/11\/K11-2048x1536.jpg 2048w, https:\/\/www.bakutrading.ch\/n\/wp-content\/uploads\/2019\/11\/K11-475x356.jpg 475w\" sizes=\"auto, (max-width: 300px) 100vw, 300px\" \/><\/a><a href=\"http:\/\/www.bakutrading.ch\/n\/fair-trade\/k15\/\" rel=\"attachment wp-att-10791\"><img loading=\"lazy\" decoding=\"async\" width=\"300\" height=\"225\" class=\"alignnone wp-image-10791 size-medium\" alt=\"\" src=\"http:\/\/www.bakutrading.ch\/n\/wp-content\/uploads\/2019\/11\/K15-300x225.jpg\" srcset=\"https:\/\/www.bakutrading.ch\/n\/wp-content\/uploads\/2019\/11\/K15-300x225.jpg 300w, https:\/\/www.bakutrading.ch\/n\/wp-content\/uploads\/2019\/11\/K15-1024x768.jpg 1024w, https:\/\/www.bakutrading.ch\/n\/wp-content\/uploads\/2019\/11\/K15-768x576.jpg 768w, https:\/\/www.bakutrading.ch\/n\/wp-content\/uploads\/2019\/11\/K15-1536x1152.jpg 1536w, https:\/\/www.bakutrading.ch\/n\/wp-content\/uploads\/2019\/11\/K15-2048x1536.jpg 2048w, https:\/\/www.bakutrading.ch\/n\/wp-content\/uploads\/2019\/11\/K15-475x356.jpg 475w\" sizes=\"auto, (max-width: 300px) 100vw, 300px\" \/><\/a><a href=\"http:\/\/www.bakutrading.ch\/n\/fair-trade\/k14\/\" rel=\"attachment wp-att-10793\"><img loading=\"lazy\" decoding=\"async\" width=\"300\" height=\"225\" class=\"alignnone wp-image-10799 size-medium\" alt=\"\" src=\"http:\/\/www.bakutrading.ch\/n\/wp-content\/uploads\/2019\/11\/K14-300x225.jpg\" srcset=\"https:\/\/www.bakutrading.ch\/n\/wp-content\/uploads\/2019\/11\/K14-300x225.jpg 300w, https:\/\/www.bakutrading.ch\/n\/wp-content\/uploads\/2019\/11\/K14-1024x768.jpg 1024w, https:\/\/www.bakutrading.ch\/n\/wp-content\/uploads\/2019\/11\/K14-768x576.jpg 768w, https:\/\/www.bakutrading.ch\/n\/wp-content\/uploads\/2019\/11\/K14-1536x1152.jpg 1536w, https:\/\/www.bakutrading.ch\/n\/wp-content\/uploads\/2019\/11\/K14-2048x1536.jpg 2048w, https:\/\/www.bakutrading.ch\/n\/wp-content\/uploads\/2019\/11\/K14-475x356.jpg 475w\" sizes=\"auto, (max-width: 300px) 100vw, 300px\" \/><\/a><a href=\"http:\/\/www.bakutrading.ch\/n\/fair-trade\/k17\/\" rel=\"attachment wp-att-10795\"><img loading=\"lazy\" decoding=\"async\" width=\"300\" height=\"225\" class=\"alignnone wp-image-10798 size-medium\" alt=\"\" src=\"http:\/\/www.bakutrading.ch\/n\/wp-content\/uploads\/2019\/11\/K17-300x225.jpg\" srcset=\"https:\/\/www.bakutrading.ch\/n\/wp-content\/uploads\/2019\/11\/K17-300x225.jpg 300w, https:\/\/www.bakutrading.ch\/n\/wp-content\/uploads\/2019\/11\/K17-1024x768.jpg 1024w, https:\/\/www.bakutrading.ch\/n\/wp-content\/uploads\/2019\/11\/K17-768x576.jpg 768w, https:\/\/www.bakutrading.ch\/n\/wp-content\/uploads\/2019\/11\/K17-1536x1152.jpg 1536w, https:\/\/www.bakutrading.ch\/n\/wp-content\/uploads\/2019\/11\/K17-2048x1536.jpg 2048w, https:\/\/www.bakutrading.ch\/n\/wp-content\/uploads\/2019\/11\/K17-475x356.jpg 475w\" sizes=\"auto, (max-width: 300px) 100vw, 300px\" \/><\/a><a href=\"http:\/\/www.bakutrading.ch\/n\/fair-trade\/k7\/\" rel=\"attachment wp-att-10797\"><img loading=\"lazy\" decoding=\"async\" width=\"225\" height=\"300\" class=\"alignnone wp-image-10805 size-medium\" alt=\"\" src=\"http:\/\/www.bakutrading.ch\/n\/wp-content\/uploads\/2019\/11\/K7-225x300.jpg\" srcset=\"https:\/\/www.bakutrading.ch\/n\/wp-content\/uploads\/2019\/11\/K7-225x300.jpg 225w, https:\/\/www.bakutrading.ch\/n\/wp-content\/uploads\/2019\/11\/K7-768x1024.jpg 768w, https:\/\/www.bakutrading.ch\/n\/wp-content\/uploads\/2019\/11\/K7-1152x1536.jpg 1152w, https:\/\/www.bakutrading.ch\/n\/wp-content\/uploads\/2019\/11\/K7-1536x2048.jpg 1536w, https:\/\/www.bakutrading.ch\/n\/wp-content\/uploads\/2019\/11\/K7-475x633.jpg 475w, https:\/\/www.bakutrading.ch\/n\/wp-content\/uploads\/2019\/11\/K7-scaled.jpg 1920w\" sizes=\"auto, (max-width: 225px) 100vw, 225px\" \/><\/a><a href=\"http:\/\/www.bakutrading.ch\/n\/fair-trade\/k4\/\" rel=\"attachment wp-att-10802\"><img loading=\"lazy\" decoding=\"async\" width=\"225\" height=\"300\" class=\"alignnone wp-image-10802 size-medium\" alt=\"\" src=\"http:\/\/www.bakutrading.ch\/n\/wp-content\/uploads\/2019\/11\/K4-225x300.jpg\" srcset=\"https:\/\/www.bakutrading.ch\/n\/wp-content\/uploads\/2019\/11\/K4-225x300.jpg 225w, https:\/\/www.bakutrading.ch\/n\/wp-content\/uploads\/2019\/11\/K4-768x1024.jpg 768w, https:\/\/www.bakutrading.ch\/n\/wp-content\/uploads\/2019\/11\/K4-1152x1536.jpg 1152w, https:\/\/www.bakutrading.ch\/n\/wp-content\/uploads\/2019\/11\/K4-1536x2048.jpg 1536w, https:\/\/www.bakutrading.ch\/n\/wp-content\/uploads\/2019\/11\/K4-475x633.jpg 475w, https:\/\/www.bakutrading.ch\/n\/wp-content\/uploads\/2019\/11\/K4-scaled.jpg 1920w\" sizes=\"auto, (max-width: 225px) 100vw, 225px\" \/><\/a><a href=\"http:\/\/www.bakutrading.ch\/n\/fair-trade\/k1\/\" rel=\"attachment wp-att-10808\"><img loading=\"lazy\" decoding=\"async\" width=\"225\" height=\"300\" class=\"alignnone wp-image-10808 size-medium\" alt=\"\" src=\"http:\/\/www.bakutrading.ch\/n\/wp-content\/uploads\/2019\/11\/K1-225x300.jpg\" srcset=\"https:\/\/www.bakutrading.ch\/n\/wp-content\/uploads\/2019\/11\/K1-225x300.jpg 225w, https:\/\/www.bakutrading.ch\/n\/wp-content\/uploads\/2019\/11\/K1-768x1024.jpg 768w, https:\/\/www.bakutrading.ch\/n\/wp-content\/uploads\/2019\/11\/K1-1152x1536.jpg 1152w, https:\/\/www.bakutrading.ch\/n\/wp-content\/uploads\/2019\/11\/K1-1536x2048.jpg 1536w, https:\/\/www.bakutrading.ch\/n\/wp-content\/uploads\/2019\/11\/K1-475x633.jpg 475w, https:\/\/www.bakutrading.ch\/n\/wp-content\/uploads\/2019\/11\/K1-scaled.jpg 1920w\" sizes=\"auto, (max-width: 225px) 100vw, 225px\" \/><\/a><a href=\"http:\/\/www.bakutrading.ch\/n\/fair-trade\/k3\/\" rel=\"attachment wp-att-10811\"><img loading=\"lazy\" decoding=\"async\" width=\"225\" height=\"300\" class=\"alignnone wp-image-10811 size-medium\" alt=\"\" src=\"http:\/\/www.bakutrading.ch\/n\/wp-content\/uploads\/2019\/11\/K3-225x300.jpg\" srcset=\"https:\/\/www.bakutrading.ch\/n\/wp-content\/uploads\/2019\/11\/K3-225x300.jpg 225w, https:\/\/www.bakutrading.ch\/n\/wp-content\/uploads\/2019\/11\/K3-768x1024.jpg 768w, https:\/\/www.bakutrading.ch\/n\/wp-content\/uploads\/2019\/11\/K3-1152x1536.jpg 1152w, https:\/\/www.bakutrading.ch\/n\/wp-content\/uploads\/2019\/11\/K3-1536x2048.jpg 1536w, https:\/\/www.bakutrading.ch\/n\/wp-content\/uploads\/2019\/11\/K3-475x633.jpg 475w, https:\/\/www.bakutrading.ch\/n\/wp-content\/uploads\/2019\/11\/K3-scaled.jpg 1920w\" sizes=\"auto, (max-width: 225px) 100vw, 225px\" \/><\/a><\/p>\n<h4 style=\"text-align: left;\">&nbsp;<\/h4>\n<p>&nbsp;<\/p>\n<p>&nbsp;<\/p>\n","protected":false},"excerpt":{"rendered":"<p>Eine echte Win-win Situation mit unseren K\u00fcnstler und Lieferanten, David, Victor, Hillary, Erasmus&#8230;. Die Herstellung von Kunstgegenst\u00e4nden ist in den V\u00f6lkern Afrikas sehr verbreitet. Die Verarbeitung von Holz, Stein, Metall etc. ist \u00fcber Generationen gewachsen und verfeinert worden. Sei es zur Feier von Zeremonien, zum Abbilden der nat\u00fcrlichen Umgebung aber auch zum Verkauf an Touristen, werden Kunstwerke in tage- ja wochenlanger Handarbeit&nbsp;&nbsp;gefertigt. Durch die politischen Situationen in den einzelnen L\u00e4ndern, aber auch durch wirtschaftliche Schwankungen in Europa und Amerika bleiben die K\u00e4ufer oftmals aus. Am Beispiel Simbabwe wird einem sehr direkt vor Augen gef\u00fchrt, wie sich eine falsche Politik auf das Volk auswirkt. Wie immer leiden die \u00c4rmsten am meisten. Mit&nbsp;der Firma BaKu Trading GmbH schliessen wir einen Teil&nbsp;dieser L\u00fccke und erm\u00f6glichen unseren K\u00fcnstlern einen konstanten Absatz zu fairen Preisen. Eine echte Win\/Win Situation. &nbsp; &nbsp; &nbsp; &nbsp;<\/p>\n","protected":false},"author":1,"featured_media":0,"parent":0,"menu_order":0,"comment_status":"closed","ping_status":"closed","template":"","meta":{"ngg_post_thumbnail":0,"footnotes":""},"class_list":["post-6919","page","type-page","status-publish","hentry"],"yoast_head":"<!-- This site is optimized with the Yoast SEO plugin v27.2 - https:\/\/yoast.com\/product\/yoast-seo-wordpress\/ -->\n<title>FAIR TRADE - BaKu Trading GmbH<\/title>\n<meta name=\"description\" content=\"Fair Trade\" \/>\n<meta name=\"robots\" content=\"index, follow, max-snippet:-1, max-image-preview:large, max-video-preview:-1\" \/>\n<link rel=\"canonical\" href=\"http:\/\/www.bakutrading.ch\/n\/fair-trade\/\" \/>\n<meta property=\"og:locale\" content=\"de_DE\" \/>\n<meta property=\"og:type\" content=\"article\" \/>\n<meta property=\"og:title\" content=\"FAIR TRADE - BaKu Trading GmbH\" \/>\n<meta property=\"og:description\" content=\"Fair Trade\" \/>\n<meta property=\"og:url\" content=\"http:\/\/www.bakutrading.ch\/n\/fair-trade\/\" \/>\n<meta property=\"og:site_name\" content=\"BaKu Trading GmbH\" \/>\n<meta property=\"article:modified_time\" content=\"2019-11-22T08:59:21+00:00\" \/>\n<meta property=\"og:image\" content=\"http:\/\/www.bakutrading.ch\/n\/wp-content\/uploads\/2019\/11\/K12-300x225.jpg\" \/>\n<meta name=\"twitter:label1\" content=\"Gesch\u00e4tzte Lesezeit\" \/>\n\t<meta name=\"twitter:data1\" content=\"1\u00a0Minute\" \/>\n<script type=\"application\/ld+json\" class=\"yoast-schema-graph\">{\"@context\":\"https:\/\/schema.org\",\"@graph\":[{\"@type\":\"WebPage\",\"@id\":\"http:\/\/www.bakutrading.ch\/n\/fair-trade\/\",\"url\":\"http:\/\/www.bakutrading.ch\/n\/fair-trade\/\",\"name\":\"FAIR TRADE - BaKu Trading GmbH\",\"isPartOf\":{\"@id\":\"https:\/\/www.bakutrading.ch\/n\/#website\"},\"primaryImageOfPage\":{\"@id\":\"http:\/\/www.bakutrading.ch\/n\/fair-trade\/#primaryimage\"},\"image\":{\"@id\":\"http:\/\/www.bakutrading.ch\/n\/fair-trade\/#primaryimage\"},\"thumbnailUrl\":\"http:\/\/www.bakutrading.ch\/n\/wp-content\/uploads\/2019\/11\/K12-300x225.jpg\",\"datePublished\":\"2015-12-18T14:18:54+00:00\",\"dateModified\":\"2019-11-22T08:59:21+00:00\",\"description\":\"Fair Trade\",\"breadcrumb\":{\"@id\":\"http:\/\/www.bakutrading.ch\/n\/fair-trade\/#breadcrumb\"},\"inLanguage\":\"de\",\"potentialAction\":[{\"@type\":\"ReadAction\",\"target\":[\"http:\/\/www.bakutrading.ch\/n\/fair-trade\/\"]}]},{\"@type\":\"ImageObject\",\"inLanguage\":\"de\",\"@id\":\"http:\/\/www.bakutrading.ch\/n\/fair-trade\/#primaryimage\",\"url\":\"http:\/\/www.bakutrading.ch\/n\/wp-content\/uploads\/2019\/11\/K12-300x225.jpg\",\"contentUrl\":\"http:\/\/www.bakutrading.ch\/n\/wp-content\/uploads\/2019\/11\/K12-300x225.jpg\"},{\"@type\":\"BreadcrumbList\",\"@id\":\"http:\/\/www.bakutrading.ch\/n\/fair-trade\/#breadcrumb\",\"itemListElement\":[{\"@type\":\"ListItem\",\"position\":1,\"name\":\"Startseite\",\"item\":\"https:\/\/www.bakutrading.ch\/n\/\"},{\"@type\":\"ListItem\",\"position\":2,\"name\":\"FAIR TRADE\"}]},{\"@type\":\"WebSite\",\"@id\":\"https:\/\/www.bakutrading.ch\/n\/#website\",\"url\":\"https:\/\/www.bakutrading.ch\/n\/\",\"name\":\"BaKu Trading GmbH\",\"description\":\"BaKu Trading GmbH\",\"potentialAction\":[{\"@type\":\"SearchAction\",\"target\":{\"@type\":\"EntryPoint\",\"urlTemplate\":\"https:\/\/www.bakutrading.ch\/n\/?s={search_term_string}\"},\"query-input\":{\"@type\":\"PropertyValueSpecification\",\"valueRequired\":true,\"valueName\":\"search_term_string\"}}],\"inLanguage\":\"de\"}]}<\/script>\n<!-- \/ Yoast SEO plugin. -->","yoast_head_json":{"title":"FAIR TRADE - BaKu Trading GmbH","description":"Fair Trade","robots":{"index":"index","follow":"follow","max-snippet":"max-snippet:-1","max-image-preview":"max-image-preview:large","max-video-preview":"max-video-preview:-1"},"canonical":"http:\/\/www.bakutrading.ch\/n\/fair-trade\/","og_locale":"de_DE","og_type":"article","og_title":"FAIR TRADE - BaKu Trading GmbH","og_description":"Fair Trade","og_url":"http:\/\/www.bakutrading.ch\/n\/fair-trade\/","og_site_name":"BaKu Trading GmbH","article_modified_time":"2019-11-22T08:59:21+00:00","og_image":[{"url":"http:\/\/www.bakutrading.ch\/n\/wp-content\/uploads\/2019\/11\/K12-300x225.jpg","type":"","width":"","height":""}],"twitter_misc":{"Gesch\u00e4tzte Lesezeit":"1\u00a0Minute"},"schema":{"@context":"https:\/\/schema.org","@graph":[{"@type":"WebPage","@id":"http:\/\/www.bakutrading.ch\/n\/fair-trade\/","url":"http:\/\/www.bakutrading.ch\/n\/fair-trade\/","name":"FAIR TRADE - BaKu Trading GmbH","isPartOf":{"@id":"https:\/\/www.bakutrading.ch\/n\/#website"},"primaryImageOfPage":{"@id":"http:\/\/www.bakutrading.ch\/n\/fair-trade\/#primaryimage"},"image":{"@id":"http:\/\/www.bakutrading.ch\/n\/fair-trade\/#primaryimage"},"thumbnailUrl":"http:\/\/www.bakutrading.ch\/n\/wp-content\/uploads\/2019\/11\/K12-300x225.jpg","datePublished":"2015-12-18T14:18:54+00:00","dateModified":"2019-11-22T08:59:21+00:00","description":"Fair Trade","breadcrumb":{"@id":"http:\/\/www.bakutrading.ch\/n\/fair-trade\/#breadcrumb"},"inLanguage":"de","potentialAction":[{"@type":"ReadAction","target":["http:\/\/www.bakutrading.ch\/n\/fair-trade\/"]}]},{"@type":"ImageObject","inLanguage":"de","@id":"http:\/\/www.bakutrading.ch\/n\/fair-trade\/#primaryimage","url":"http:\/\/www.bakutrading.ch\/n\/wp-content\/uploads\/2019\/11\/K12-300x225.jpg","contentUrl":"http:\/\/www.bakutrading.ch\/n\/wp-content\/uploads\/2019\/11\/K12-300x225.jpg"},{"@type":"BreadcrumbList","@id":"http:\/\/www.bakutrading.ch\/n\/fair-trade\/#breadcrumb","itemListElement":[{"@type":"ListItem","position":1,"name":"Startseite","item":"https:\/\/www.bakutrading.ch\/n\/"},{"@type":"ListItem","position":2,"name":"FAIR TRADE"}]},{"@type":"WebSite","@id":"https:\/\/www.bakutrading.ch\/n\/#website","url":"https:\/\/www.bakutrading.ch\/n\/","name":"BaKu Trading GmbH","description":"BaKu Trading GmbH","potentialAction":[{"@type":"SearchAction","target":{"@type":"EntryPoint","urlTemplate":"https:\/\/www.bakutrading.ch\/n\/?s={search_term_string}"},"query-input":{"@type":"PropertyValueSpecification","valueRequired":true,"valueName":"search_term_string"}}],"inLanguage":"de"}]}},"_links":{"self":[{"href":"https:\/\/www.bakutrading.ch\/n\/wp-json\/wp\/v2\/pages\/6919","targetHints":{"allow":["GET"]}}],"collection":[{"href":"https:\/\/www.bakutrading.ch\/n\/wp-json\/wp\/v2\/pages"}],"about":[{"href":"https:\/\/www.bakutrading.ch\/n\/wp-json\/wp\/v2\/types\/page"}],"author":[{"embeddable":true,"href":"https:\/\/www.bakutrading.ch\/n\/wp-json\/wp\/v2\/users\/1"}],"replies":[{"embeddable":true,"href":"https:\/\/www.bakutrading.ch\/n\/wp-json\/wp\/v2\/comments?post=6919"}],"version-history":[{"count":37,"href":"https:\/\/www.bakutrading.ch\/n\/wp-json\/wp\/v2\/pages\/6919\/revisions"}],"predecessor-version":[{"id":10814,"href":"https:\/\/www.bakutrading.ch\/n\/wp-json\/wp\/v2\/pages\/6919\/revisions\/10814"}],"wp:attachment":[{"href":"https:\/\/www.bakutrading.ch\/n\/wp-json\/wp\/v2\/media?parent=6919"}],"curies":[{"name":"wp","href":"https:\/\/api.w.org\/{rel}","templated":true}]}}