{"id":3979,"date":"2014-10-07T10:10:42","date_gmt":"2014-10-07T10:10:42","guid":{"rendered":"http:\/\/www.bakutrading.ch\/n\/?post_type=product&#038;p=3979"},"modified":"2015-11-18T10:08:20","modified_gmt":"2015-11-18T10:08:20","slug":"elefantengruppe-mit-3-tanten","status":"publish","type":"product","link":"https:\/\/www.bakutrading.ch\/n\/produkt\/elefantengruppe-mit-3-tanten\/","title":{"rendered":"Elefantengruppe mit 3 Tanten"},"content":{"rendered":"<p>Holz Typ: Wurzelholz<\/p>\n<p>Herkunftsland: Namibia<\/p>\n<p>Handarbeit<\/p>\n<p>Unikat<\/p>\n<p>&nbsp;<\/p>\n<p><strong>Wurzelschnitzereien aus Namibia<\/strong><\/p>\n<p>Tikoloshe Afrika unter der Leitung von Paul Goldbach fertigt einzigartige, k\u00fcnstlerische Holzskulpturen aus Wurzelholz, wie diese Elefantengruppe mit 3 Tanten.<\/p>\n<p>Die Wurzeln und St\u00e4mme werden in der trockenen Halbw\u00fcste im n\u00f6rdlichen Teil Namibias gesammelt und sind manchmal bis tausende Jahre alt und entsprechend hart.<\/p>\n<p>Zusammen mit 7 Holzk\u00fcnstler vom Stamm der Kawango, werden die Edelh\u00f6lzer kunstvoll, entsprechend der nat\u00fcrlichen Form geschnitzt. Das Holz ist so hart, dass mit normalen Werkzeugen kaum gearbeitet werden kann, daher werden spezielle Fr\u00e4ser und Schneidger\u00e4te eingesetzt.<\/p>\n<p>Das Volk der Kawango lebt im Norden Namibias und ist traditionell mit den F\u00e4higkeiten der Holzschnitzerei ausgestattet. Kawango K\u00fcnstler erlernen die Kunst des Schnitzens in der Regel schon im Kindesalter.<\/p>\n<p>Mit ihren Kunstwerken hat Tikoloshe Afrika schon einige Auszeichnungen an Kunstwettbewerben gewonnen. Die Mischung von knorrig und lieblich, abstrakt und traditionell lassen die Figuren k\u00fcnstlerisch einzigartig erscheinen und erfreuen den Sammler immer wieder von Neuem.<\/p>\n<p><strong>Verwendete H\u00f6lzer:<br \/>\n<\/strong>Mopane Baum<br \/>\nSenf Baum<br \/>\nRegenschirm Dornakazie<br \/>\nBlaugummi Baum<br \/>\nProsopis<br \/>\nJakaranda<\/p>\n","protected":false},"excerpt":{"rendered":"<p>L 42cm B 9cm H 13cm<\/p>\n","protected":false},"featured_media":5700,"comment_status":"closed","ping_status":"closed","template":"","meta":{"ngg_post_thumbnail":0},"product_brand":[],"product_cat":[97],"product_tag":[],"class_list":{"0":"post-3979","1":"product","2":"type-product","3":"status-publish","4":"has-post-thumbnail","6":"product_cat-afrikanische_wurzelschnitzerei","8":"first","9":"instock","10":"shipping-taxable","11":"purchasable","12":"product-type-simple"},"yoast_head":"<!-- This site is optimized with the Yoast SEO plugin v27.2 - https:\/\/yoast.com\/product\/yoast-seo-wordpress\/ -->\n<title>Elefantengruppe mit 3 Tanten - BaKu Trading GmbH<\/title>\n<meta name=\"description\" content=\"Tikoloshe Afrika in Nambia fertigt einzigartige Holzskulpturen aus Wurzelholz. Kwango K\u00fcnster erlernen die Kunst des Schnitzens, wie diese Elefantengruppe.\" \/>\n<meta name=\"robots\" content=\"index, follow, max-snippet:-1, max-image-preview:large, max-video-preview:-1\" \/>\n<link rel=\"canonical\" href=\"https:\/\/www.bakutrading.ch\/n\/produkt\/elefantengruppe-mit-3-tanten\/\" \/>\n<meta property=\"og:locale\" content=\"de_DE\" \/>\n<meta property=\"og:type\" content=\"article\" \/>\n<meta property=\"og:title\" content=\"Elefantengruppe mit 3 Tanten - BaKu Trading GmbH\" \/>\n<meta property=\"og:description\" content=\"Tikoloshe Afrika in Nambia fertigt einzigartige Holzskulpturen aus Wurzelholz. Kwango K\u00fcnster erlernen die Kunst des Schnitzens, wie diese Elefantengruppe.\" \/>\n<meta property=\"og:url\" content=\"https:\/\/www.bakutrading.ch\/n\/produkt\/elefantengruppe-mit-3-tanten\/\" \/>\n<meta property=\"og:site_name\" content=\"BaKu Trading GmbH\" \/>\n<meta property=\"article:modified_time\" content=\"2015-11-18T10:08:20+00:00\" \/>\n<meta property=\"og:image\" content=\"https:\/\/www.bakutrading.ch\/n\/wp-content\/uploads\/2014\/10\/F2_1aa-1024x768.jpg\" \/>\n\t<meta property=\"og:image:width\" content=\"1024\" \/>\n\t<meta property=\"og:image:height\" content=\"768\" \/>\n\t<meta property=\"og:image:type\" content=\"image\/jpeg\" \/>\n<meta name=\"twitter:label1\" content=\"Gesch\u00e4tzte Lesezeit\" \/>\n\t<meta name=\"twitter:data1\" content=\"1\u00a0Minute\" \/>\n<script type=\"application\/ld+json\" class=\"yoast-schema-graph\">{\"@context\":\"https:\/\/schema.org\",\"@graph\":[{\"@type\":\"WebPage\",\"@id\":\"https:\/\/www.bakutrading.ch\/n\/produkt\/elefantengruppe-mit-3-tanten\/\",\"url\":\"https:\/\/www.bakutrading.ch\/n\/produkt\/elefantengruppe-mit-3-tanten\/\",\"name\":\"Elefantengruppe mit 3 Tanten - BaKu Trading GmbH\",\"isPartOf\":{\"@id\":\"http:\/\/www.bakutrading.ch\/n\/#website\"},\"primaryImageOfPage\":{\"@id\":\"https:\/\/www.bakutrading.ch\/n\/produkt\/elefantengruppe-mit-3-tanten\/#primaryimage\"},\"image\":{\"@id\":\"https:\/\/www.bakutrading.ch\/n\/produkt\/elefantengruppe-mit-3-tanten\/#primaryimage\"},\"thumbnailUrl\":\"https:\/\/www.bakutrading.ch\/n\/wp-content\/uploads\/2014\/10\/F2_1aa.jpg\",\"datePublished\":\"2014-10-07T10:10:42+00:00\",\"dateModified\":\"2015-11-18T10:08:20+00:00\",\"description\":\"Tikoloshe Afrika in Nambia fertigt einzigartige Holzskulpturen aus Wurzelholz. Kwango K\u00fcnster erlernen die Kunst des Schnitzens, wie diese Elefantengruppe.\",\"breadcrumb\":{\"@id\":\"https:\/\/www.bakutrading.ch\/n\/produkt\/elefantengruppe-mit-3-tanten\/#breadcrumb\"},\"inLanguage\":\"de\",\"potentialAction\":[{\"@type\":\"ReadAction\",\"target\":[\"https:\/\/www.bakutrading.ch\/n\/produkt\/elefantengruppe-mit-3-tanten\/\"]}]},{\"@type\":\"ImageObject\",\"inLanguage\":\"de\",\"@id\":\"https:\/\/www.bakutrading.ch\/n\/produkt\/elefantengruppe-mit-3-tanten\/#primaryimage\",\"url\":\"https:\/\/www.bakutrading.ch\/n\/wp-content\/uploads\/2014\/10\/F2_1aa.jpg\",\"contentUrl\":\"https:\/\/www.bakutrading.ch\/n\/wp-content\/uploads\/2014\/10\/F2_1aa.jpg\",\"width\":4320,\"height\":3240},{\"@type\":\"BreadcrumbList\",\"@id\":\"https:\/\/www.bakutrading.ch\/n\/produkt\/elefantengruppe-mit-3-tanten\/#breadcrumb\",\"itemListElement\":[{\"@type\":\"ListItem\",\"position\":1,\"name\":\"Startseite\",\"item\":\"http:\/\/www.bakutrading.ch\/n\/\"},{\"@type\":\"ListItem\",\"position\":2,\"name\":\"Shop\",\"item\":\"https:\/\/www.bakutrading.ch\/n\/shop\/\"},{\"@type\":\"ListItem\",\"position\":3,\"name\":\"Elefantengruppe mit 3 Tanten\"}]},{\"@type\":\"WebSite\",\"@id\":\"http:\/\/www.bakutrading.ch\/n\/#website\",\"url\":\"http:\/\/www.bakutrading.ch\/n\/\",\"name\":\"BaKu Trading GmbH\",\"description\":\"BaKu Trading GmbH\",\"potentialAction\":[{\"@type\":\"SearchAction\",\"target\":{\"@type\":\"EntryPoint\",\"urlTemplate\":\"http:\/\/www.bakutrading.ch\/n\/?s={search_term_string}\"},\"query-input\":{\"@type\":\"PropertyValueSpecification\",\"valueRequired\":true,\"valueName\":\"search_term_string\"}}],\"inLanguage\":\"de\"}]}<\/script>\n<!-- \/ Yoast SEO plugin. -->","yoast_head_json":{"title":"Elefantengruppe mit 3 Tanten - BaKu Trading GmbH","description":"Tikoloshe Afrika in Nambia fertigt einzigartige Holzskulpturen aus Wurzelholz. Kwango K\u00fcnster erlernen die Kunst des Schnitzens, wie diese Elefantengruppe.","robots":{"index":"index","follow":"follow","max-snippet":"max-snippet:-1","max-image-preview":"max-image-preview:large","max-video-preview":"max-video-preview:-1"},"canonical":"https:\/\/www.bakutrading.ch\/n\/produkt\/elefantengruppe-mit-3-tanten\/","og_locale":"de_DE","og_type":"article","og_title":"Elefantengruppe mit 3 Tanten - BaKu Trading GmbH","og_description":"Tikoloshe Afrika in Nambia fertigt einzigartige Holzskulpturen aus Wurzelholz. Kwango K\u00fcnster erlernen die Kunst des Schnitzens, wie diese Elefantengruppe.","og_url":"https:\/\/www.bakutrading.ch\/n\/produkt\/elefantengruppe-mit-3-tanten\/","og_site_name":"BaKu Trading GmbH","article_modified_time":"2015-11-18T10:08:20+00:00","og_image":[{"width":1024,"height":768,"url":"https:\/\/www.bakutrading.ch\/n\/wp-content\/uploads\/2014\/10\/F2_1aa-1024x768.jpg","type":"image\/jpeg"}],"twitter_misc":{"Gesch\u00e4tzte Lesezeit":"1\u00a0Minute"},"schema":{"@context":"https:\/\/schema.org","@graph":[{"@type":"WebPage","@id":"https:\/\/www.bakutrading.ch\/n\/produkt\/elefantengruppe-mit-3-tanten\/","url":"https:\/\/www.bakutrading.ch\/n\/produkt\/elefantengruppe-mit-3-tanten\/","name":"Elefantengruppe mit 3 Tanten - BaKu Trading GmbH","isPartOf":{"@id":"http:\/\/www.bakutrading.ch\/n\/#website"},"primaryImageOfPage":{"@id":"https:\/\/www.bakutrading.ch\/n\/produkt\/elefantengruppe-mit-3-tanten\/#primaryimage"},"image":{"@id":"https:\/\/www.bakutrading.ch\/n\/produkt\/elefantengruppe-mit-3-tanten\/#primaryimage"},"thumbnailUrl":"https:\/\/www.bakutrading.ch\/n\/wp-content\/uploads\/2014\/10\/F2_1aa.jpg","datePublished":"2014-10-07T10:10:42+00:00","dateModified":"2015-11-18T10:08:20+00:00","description":"Tikoloshe Afrika in Nambia fertigt einzigartige Holzskulpturen aus Wurzelholz. Kwango K\u00fcnster erlernen die Kunst des Schnitzens, wie diese Elefantengruppe.","breadcrumb":{"@id":"https:\/\/www.bakutrading.ch\/n\/produkt\/elefantengruppe-mit-3-tanten\/#breadcrumb"},"inLanguage":"de","potentialAction":[{"@type":"ReadAction","target":["https:\/\/www.bakutrading.ch\/n\/produkt\/elefantengruppe-mit-3-tanten\/"]}]},{"@type":"ImageObject","inLanguage":"de","@id":"https:\/\/www.bakutrading.ch\/n\/produkt\/elefantengruppe-mit-3-tanten\/#primaryimage","url":"https:\/\/www.bakutrading.ch\/n\/wp-content\/uploads\/2014\/10\/F2_1aa.jpg","contentUrl":"https:\/\/www.bakutrading.ch\/n\/wp-content\/uploads\/2014\/10\/F2_1aa.jpg","width":4320,"height":3240},{"@type":"BreadcrumbList","@id":"https:\/\/www.bakutrading.ch\/n\/produkt\/elefantengruppe-mit-3-tanten\/#breadcrumb","itemListElement":[{"@type":"ListItem","position":1,"name":"Startseite","item":"http:\/\/www.bakutrading.ch\/n\/"},{"@type":"ListItem","position":2,"name":"Shop","item":"https:\/\/www.bakutrading.ch\/n\/shop\/"},{"@type":"ListItem","position":3,"name":"Elefantengruppe mit 3 Tanten"}]},{"@type":"WebSite","@id":"http:\/\/www.bakutrading.ch\/n\/#website","url":"http:\/\/www.bakutrading.ch\/n\/","name":"BaKu Trading GmbH","description":"BaKu Trading GmbH","potentialAction":[{"@type":"SearchAction","target":{"@type":"EntryPoint","urlTemplate":"http:\/\/www.bakutrading.ch\/n\/?s={search_term_string}"},"query-input":{"@type":"PropertyValueSpecification","valueRequired":true,"valueName":"search_term_string"}}],"inLanguage":"de"}]}},"_links":{"self":[{"href":"https:\/\/www.bakutrading.ch\/n\/wp-json\/wp\/v2\/product\/3979","targetHints":{"allow":["GET"]}}],"collection":[{"href":"https:\/\/www.bakutrading.ch\/n\/wp-json\/wp\/v2\/product"}],"about":[{"href":"https:\/\/www.bakutrading.ch\/n\/wp-json\/wp\/v2\/types\/product"}],"replies":[{"embeddable":true,"href":"https:\/\/www.bakutrading.ch\/n\/wp-json\/wp\/v2\/comments?post=3979"}],"wp:featuredmedia":[{"embeddable":true,"href":"https:\/\/www.bakutrading.ch\/n\/wp-json\/wp\/v2\/media\/5700"}],"wp:attachment":[{"href":"https:\/\/www.bakutrading.ch\/n\/wp-json\/wp\/v2\/media?parent=3979"}],"wp:term":[{"taxonomy":"product_brand","embeddable":true,"href":"https:\/\/www.bakutrading.ch\/n\/wp-json\/wp\/v2\/product_brand?post=3979"},{"taxonomy":"product_cat","embeddable":true,"href":"https:\/\/www.bakutrading.ch\/n\/wp-json\/wp\/v2\/product_cat?post=3979"},{"taxonomy":"product_tag","embeddable":true,"href":"https:\/\/www.bakutrading.ch\/n\/wp-json\/wp\/v2\/product_tag?post=3979"}],"curies":[{"name":"wp","href":"https:\/\/api.w.org\/{rel}","templated":true}]}}