{"id":5048,"date":"2014-10-15T18:01:49","date_gmt":"2014-10-15T18:01:49","guid":{"rendered":"http:\/\/www.bakutrading.ch\/n\/?post_type=product&#038;p=5048"},"modified":"2019-01-29T09:45:53","modified_gmt":"2019-01-29T09:45:53","slug":"holzgiraffe-2-4m-gigantisch","status":"publish","type":"product","link":"https:\/\/www.bakutrading.ch\/n\/produkt\/holzgiraffe-2-4m-gigantisch\/","title":{"rendered":"Holzgiraffe 2.4m gigantisch"},"content":{"rendered":"<p>Holz Typ: Olivenholz<\/p>\n<p>Herkunftsland: Namibia und Simbabwe<\/p>\n<p>Alle Giraffen sind Unikate.<\/p>\n<p>Bei uns finden Sie Giraffen in allen Formen und Gr\u00f6ssen bis zu 2.40m.<\/p>\n<p>Leichte Abweichungen in Farbe, Form und Gr\u00f6sse&nbsp;sind m\u00f6glich, da alle Giraffen handgearbeitete Einzelst\u00fccke sind.<\/p>\n<p>&nbsp;<\/p>\n<p><strong>Holzgiraffen aus Namibia und Simbabwe<\/strong><\/p>\n<p>Diese echten afrikanischen, grazi\u00f6sen&nbsp;Holzgiraffen aus einem St\u00fcck Holz sind besonders hochwertig, was unter anderem daran erkannt werden kann, dass das FLECKENMUSTER in Handarbeit durch afrikanische K\u00fcnstler EINGEBRANNT wurde.<\/p>\n<p>Nur die besten Schnitzer Namibias und Simbabwes bearbeiten die&nbsp;wertvollen lokalen H\u00f6lzer. Unter freiem Himmel fertigen sie mit traditionellem Werkzeug in Handarbeit die Kunstwerke. Der damit verbundene h\u00f6here Produktionsaufwand macht sich deutlich durch eine sch\u00f6nere Optik bezahlt.<\/p>\n<p>Wenn Sie sich eine wahre afrikanische Atmosph\u00e4re nach Hause holen wollen, sind genau diese Holzgiraffen das Richtige f\u00fcr Sie.<\/p>\n<p>&nbsp;<\/p>\n<p>&nbsp;<\/p>\n","protected":false},"excerpt":{"rendered":"<p>H&nbsp;240cm<br \/>\nLeichte Abweichungen in Farbe, Form und Gr\u00f6sse&nbsp;sind m\u00f6glich, da alle Giraffen handgearbeitete Einzelst\u00fccke sind.<\/p>\n","protected":false},"featured_media":10363,"comment_status":"closed","ping_status":"closed","template":"","meta":{"ngg_post_thumbnail":0},"product_brand":[],"product_cat":[104],"product_tag":[],"class_list":{"0":"post-5048","1":"product","2":"type-product","3":"status-publish","4":"has-post-thumbnail","6":"product_cat-holzgiraffen","8":"first","9":"instock","10":"shipping-taxable","11":"purchasable","12":"product-type-simple"},"yoast_head":"<!-- This site is optimized with the Yoast SEO plugin v27.2 - https:\/\/yoast.com\/product\/yoast-seo-wordpress\/ -->\n<title>Holzgiraffe 2.4m gigantisch - BaKu Trading GmbH<\/title>\n<meta name=\"description\" content=\"Holzgiraffen finden Sie bei uns in allen Formen und Gr\u00f6ssen bis zu 2.40m. Die grazi\u00f6sen Giraffen aus Holz sind alles Unikate und entstehen aus einem St\u00fcck.\" \/>\n<meta name=\"robots\" content=\"index, follow, max-snippet:-1, max-image-preview:large, max-video-preview:-1\" \/>\n<link rel=\"canonical\" href=\"https:\/\/www.bakutrading.ch\/n\/produkt\/holzgiraffe-2-4m-gigantisch\/\" \/>\n<meta property=\"og:locale\" content=\"de_DE\" \/>\n<meta property=\"og:type\" content=\"article\" \/>\n<meta property=\"og:title\" content=\"Holzgiraffe 2.4m gigantisch - BaKu Trading GmbH\" \/>\n<meta property=\"og:description\" content=\"Holzgiraffen finden Sie bei uns in allen Formen und Gr\u00f6ssen bis zu 2.40m. Die grazi\u00f6sen Giraffen aus Holz sind alles Unikate und entstehen aus einem St\u00fcck.\" \/>\n<meta property=\"og:url\" content=\"https:\/\/www.bakutrading.ch\/n\/produkt\/holzgiraffe-2-4m-gigantisch\/\" \/>\n<meta property=\"og:site_name\" content=\"BaKu Trading GmbH\" \/>\n<meta property=\"article:modified_time\" content=\"2019-01-29T09:45:53+00:00\" \/>\n<meta property=\"og:image\" content=\"https:\/\/www.bakutrading.ch\/n\/wp-content\/uploads\/2014\/10\/O1_12aa-520x1024.jpg\" \/>\n\t<meta property=\"og:image:width\" content=\"520\" \/>\n\t<meta property=\"og:image:height\" content=\"1024\" \/>\n\t<meta property=\"og:image:type\" content=\"image\/jpeg\" \/>\n<meta name=\"twitter:label1\" content=\"Gesch\u00e4tzte Lesezeit\" \/>\n\t<meta name=\"twitter:data1\" content=\"1\u00a0Minute\" \/>\n<script type=\"application\/ld+json\" class=\"yoast-schema-graph\">{\"@context\":\"https:\/\/schema.org\",\"@graph\":[{\"@type\":\"WebPage\",\"@id\":\"https:\/\/www.bakutrading.ch\/n\/produkt\/holzgiraffe-2-4m-gigantisch\/\",\"url\":\"https:\/\/www.bakutrading.ch\/n\/produkt\/holzgiraffe-2-4m-gigantisch\/\",\"name\":\"Holzgiraffe 2.4m gigantisch - BaKu Trading GmbH\",\"isPartOf\":{\"@id\":\"https:\/\/www.bakutrading.ch\/n\/#website\"},\"primaryImageOfPage\":{\"@id\":\"https:\/\/www.bakutrading.ch\/n\/produkt\/holzgiraffe-2-4m-gigantisch\/#primaryimage\"},\"image\":{\"@id\":\"https:\/\/www.bakutrading.ch\/n\/produkt\/holzgiraffe-2-4m-gigantisch\/#primaryimage\"},\"thumbnailUrl\":\"https:\/\/www.bakutrading.ch\/n\/wp-content\/uploads\/2014\/10\/O1_12aa.jpg\",\"datePublished\":\"2014-10-15T18:01:49+00:00\",\"dateModified\":\"2019-01-29T09:45:53+00:00\",\"description\":\"Holzgiraffen finden Sie bei uns in allen Formen und Gr\u00f6ssen bis zu 2.40m. Die grazi\u00f6sen Giraffen aus Holz sind alles Unikate und entstehen aus einem St\u00fcck.\",\"breadcrumb\":{\"@id\":\"https:\/\/www.bakutrading.ch\/n\/produkt\/holzgiraffe-2-4m-gigantisch\/#breadcrumb\"},\"inLanguage\":\"de\",\"potentialAction\":[{\"@type\":\"ReadAction\",\"target\":[\"https:\/\/www.bakutrading.ch\/n\/produkt\/holzgiraffe-2-4m-gigantisch\/\"]}]},{\"@type\":\"ImageObject\",\"inLanguage\":\"de\",\"@id\":\"https:\/\/www.bakutrading.ch\/n\/produkt\/holzgiraffe-2-4m-gigantisch\/#primaryimage\",\"url\":\"https:\/\/www.bakutrading.ch\/n\/wp-content\/uploads\/2014\/10\/O1_12aa.jpg\",\"contentUrl\":\"https:\/\/www.bakutrading.ch\/n\/wp-content\/uploads\/2014\/10\/O1_12aa.jpg\",\"width\":2486,\"height\":4896},{\"@type\":\"BreadcrumbList\",\"@id\":\"https:\/\/www.bakutrading.ch\/n\/produkt\/holzgiraffe-2-4m-gigantisch\/#breadcrumb\",\"itemListElement\":[{\"@type\":\"ListItem\",\"position\":1,\"name\":\"Startseite\",\"item\":\"http:\/\/www.bakutrading.ch\/n\/\"},{\"@type\":\"ListItem\",\"position\":2,\"name\":\"Shop\",\"item\":\"http:\/\/www.bakutrading.ch\/n\/shop\/\"},{\"@type\":\"ListItem\",\"position\":3,\"name\":\"Holzgiraffe 2.4m gigantisch\"}]},{\"@type\":\"WebSite\",\"@id\":\"https:\/\/www.bakutrading.ch\/n\/#website\",\"url\":\"https:\/\/www.bakutrading.ch\/n\/\",\"name\":\"BaKu Trading GmbH\",\"description\":\"BaKu Trading GmbH\",\"potentialAction\":[{\"@type\":\"SearchAction\",\"target\":{\"@type\":\"EntryPoint\",\"urlTemplate\":\"https:\/\/www.bakutrading.ch\/n\/?s={search_term_string}\"},\"query-input\":{\"@type\":\"PropertyValueSpecification\",\"valueRequired\":true,\"valueName\":\"search_term_string\"}}],\"inLanguage\":\"de\"}]}<\/script>\n<!-- \/ Yoast SEO plugin. -->","yoast_head_json":{"title":"Holzgiraffe 2.4m gigantisch - BaKu Trading GmbH","description":"Holzgiraffen finden Sie bei uns in allen Formen und Gr\u00f6ssen bis zu 2.40m. Die grazi\u00f6sen Giraffen aus Holz sind alles Unikate und entstehen aus einem St\u00fcck.","robots":{"index":"index","follow":"follow","max-snippet":"max-snippet:-1","max-image-preview":"max-image-preview:large","max-video-preview":"max-video-preview:-1"},"canonical":"https:\/\/www.bakutrading.ch\/n\/produkt\/holzgiraffe-2-4m-gigantisch\/","og_locale":"de_DE","og_type":"article","og_title":"Holzgiraffe 2.4m gigantisch - BaKu Trading GmbH","og_description":"Holzgiraffen finden Sie bei uns in allen Formen und Gr\u00f6ssen bis zu 2.40m. Die grazi\u00f6sen Giraffen aus Holz sind alles Unikate und entstehen aus einem St\u00fcck.","og_url":"https:\/\/www.bakutrading.ch\/n\/produkt\/holzgiraffe-2-4m-gigantisch\/","og_site_name":"BaKu Trading GmbH","article_modified_time":"2019-01-29T09:45:53+00:00","og_image":[{"width":520,"height":1024,"url":"https:\/\/www.bakutrading.ch\/n\/wp-content\/uploads\/2014\/10\/O1_12aa-520x1024.jpg","type":"image\/jpeg"}],"twitter_misc":{"Gesch\u00e4tzte Lesezeit":"1\u00a0Minute"},"schema":{"@context":"https:\/\/schema.org","@graph":[{"@type":"WebPage","@id":"https:\/\/www.bakutrading.ch\/n\/produkt\/holzgiraffe-2-4m-gigantisch\/","url":"https:\/\/www.bakutrading.ch\/n\/produkt\/holzgiraffe-2-4m-gigantisch\/","name":"Holzgiraffe 2.4m gigantisch - BaKu Trading GmbH","isPartOf":{"@id":"https:\/\/www.bakutrading.ch\/n\/#website"},"primaryImageOfPage":{"@id":"https:\/\/www.bakutrading.ch\/n\/produkt\/holzgiraffe-2-4m-gigantisch\/#primaryimage"},"image":{"@id":"https:\/\/www.bakutrading.ch\/n\/produkt\/holzgiraffe-2-4m-gigantisch\/#primaryimage"},"thumbnailUrl":"https:\/\/www.bakutrading.ch\/n\/wp-content\/uploads\/2014\/10\/O1_12aa.jpg","datePublished":"2014-10-15T18:01:49+00:00","dateModified":"2019-01-29T09:45:53+00:00","description":"Holzgiraffen finden Sie bei uns in allen Formen und Gr\u00f6ssen bis zu 2.40m. Die grazi\u00f6sen Giraffen aus Holz sind alles Unikate und entstehen aus einem St\u00fcck.","breadcrumb":{"@id":"https:\/\/www.bakutrading.ch\/n\/produkt\/holzgiraffe-2-4m-gigantisch\/#breadcrumb"},"inLanguage":"de","potentialAction":[{"@type":"ReadAction","target":["https:\/\/www.bakutrading.ch\/n\/produkt\/holzgiraffe-2-4m-gigantisch\/"]}]},{"@type":"ImageObject","inLanguage":"de","@id":"https:\/\/www.bakutrading.ch\/n\/produkt\/holzgiraffe-2-4m-gigantisch\/#primaryimage","url":"https:\/\/www.bakutrading.ch\/n\/wp-content\/uploads\/2014\/10\/O1_12aa.jpg","contentUrl":"https:\/\/www.bakutrading.ch\/n\/wp-content\/uploads\/2014\/10\/O1_12aa.jpg","width":2486,"height":4896},{"@type":"BreadcrumbList","@id":"https:\/\/www.bakutrading.ch\/n\/produkt\/holzgiraffe-2-4m-gigantisch\/#breadcrumb","itemListElement":[{"@type":"ListItem","position":1,"name":"Startseite","item":"http:\/\/www.bakutrading.ch\/n\/"},{"@type":"ListItem","position":2,"name":"Shop","item":"http:\/\/www.bakutrading.ch\/n\/shop\/"},{"@type":"ListItem","position":3,"name":"Holzgiraffe 2.4m gigantisch"}]},{"@type":"WebSite","@id":"https:\/\/www.bakutrading.ch\/n\/#website","url":"https:\/\/www.bakutrading.ch\/n\/","name":"BaKu Trading GmbH","description":"BaKu Trading GmbH","potentialAction":[{"@type":"SearchAction","target":{"@type":"EntryPoint","urlTemplate":"https:\/\/www.bakutrading.ch\/n\/?s={search_term_string}"},"query-input":{"@type":"PropertyValueSpecification","valueRequired":true,"valueName":"search_term_string"}}],"inLanguage":"de"}]}},"_links":{"self":[{"href":"https:\/\/www.bakutrading.ch\/n\/wp-json\/wp\/v2\/product\/5048","targetHints":{"allow":["GET"]}}],"collection":[{"href":"https:\/\/www.bakutrading.ch\/n\/wp-json\/wp\/v2\/product"}],"about":[{"href":"https:\/\/www.bakutrading.ch\/n\/wp-json\/wp\/v2\/types\/product"}],"replies":[{"embeddable":true,"href":"https:\/\/www.bakutrading.ch\/n\/wp-json\/wp\/v2\/comments?post=5048"}],"wp:featuredmedia":[{"embeddable":true,"href":"https:\/\/www.bakutrading.ch\/n\/wp-json\/wp\/v2\/media\/10363"}],"wp:attachment":[{"href":"https:\/\/www.bakutrading.ch\/n\/wp-json\/wp\/v2\/media?parent=5048"}],"wp:term":[{"taxonomy":"product_brand","embeddable":true,"href":"https:\/\/www.bakutrading.ch\/n\/wp-json\/wp\/v2\/product_brand?post=5048"},{"taxonomy":"product_cat","embeddable":true,"href":"https:\/\/www.bakutrading.ch\/n\/wp-json\/wp\/v2\/product_cat?post=5048"},{"taxonomy":"product_tag","embeddable":true,"href":"https:\/\/www.bakutrading.ch\/n\/wp-json\/wp\/v2\/product_tag?post=5048"}],"curies":[{"name":"wp","href":"https:\/\/api.w.org\/{rel}","templated":true}]}}